{"id":10546,"date":"2025-09-19T13:40:24","date_gmt":"2025-09-19T11:40:24","guid":{"rendered":"https:\/\/magiiik.netstory.com.pl\/produkt\/the-vault-the-big-tiny-by-paul-harris-video-download\/"},"modified":"2025-09-19T13:40:39","modified_gmt":"2025-09-19T11:40:39","slug":"the-vault-the-big-tiny-by-paul-harris-video-download","status":"publish","type":"product","link":"https:\/\/magiiik.netstory.com.pl\/?product=the-vault-the-big-tiny-by-paul-harris-video-download","title":{"rendered":"The Vault &#8211; The Big Tiny by Paul Harris video DOWNLOAD"},"content":{"rendered":"<p><span style=\"font-family: arial, helvetica, sans-serif; font-size: 12pt;\">Ten efekt magiczny z bliska jest po prostu MEGA! <strong>Sam zwariujesz na jego punkcie!<\/strong><\/span><\/p>\n<p style=\"text-align: left;\"><span style=\"font-family: arial, helvetica, sans-serif; font-size: 12pt;\"><strong><iframe loading=\"lazy\" src=\"\/\/www.youtube.com\/embed\/zGY4D3EE8-E\" width=\"560\" height=\"314\" allowfullscreen=\"allowfullscreen\"><\/iframe><\/strong><\/span><\/p>\n<p style=\"text-align: left;\">\u00a0<\/p>\n<p style=\"text-align: left;\"><span style=\"font-family: arial, helvetica, sans-serif; font-size: 12pt;\">Z boku talii karty piszesz imi\u0119 Twojego widza, a nast\u0119pnie talia jest przetasowywana. Tw\u00f3j widz naprawd\u0119 miesza karty, a potem atrament zn\u00f3w przemienia si\u0119 w jego imi\u0119!\u00a0<\/span><\/p>\n<p style=\"text-align: left;\"><span style=\"font-family: arial, helvetica, sans-serif; font-size: 12pt;\">Brzmi niewiarygodnie? Nie, ten trick po prostu pochodzi z g\u0142owy <strong>Paul<\/strong>&#8217;a <strong>Harris<\/strong>&#8217;a!<\/span><\/p>\n<p style=\"text-align: left;\"><strong><span style=\"font-family: arial, helvetica, sans-serif; font-size: 12pt;\">Reakcje widz\u00f3w na ten trick s\u0105 nie do opisania!<\/span><\/strong><\/p>\n<p style=\"text-align: center;\">\u00a0<\/p>\n<p>\u00a0<\/p>\n","protected":false},"excerpt":{"rendered":"<p><strong>The Vault &#8211; The Big Tiny by Paul Harris<\/strong><\/p>\n","protected":false},"featured_media":10547,"comment_status":"closed","ping_status":"open","template":"","meta":[],"product_brand":[],"product_cat":[74],"product_tag":[],"class_list":{"0":"post-10546","1":"product","2":"type-product","3":"status-publish","4":"has-post-thumbnail","6":"product_cat-the-vault-nowosc","8":"first","9":"instock","10":"purchasable","11":"product-type-simple"},"_links":{"self":[{"href":"https:\/\/magiiik.netstory.com.pl\/index.php?rest_route=\/wp\/v2\/product\/10546","targetHints":{"allow":["GET"]}}],"collection":[{"href":"https:\/\/magiiik.netstory.com.pl\/index.php?rest_route=\/wp\/v2\/product"}],"about":[{"href":"https:\/\/magiiik.netstory.com.pl\/index.php?rest_route=\/wp\/v2\/types\/product"}],"replies":[{"embeddable":true,"href":"https:\/\/magiiik.netstory.com.pl\/index.php?rest_route=%2Fwp%2Fv2%2Fcomments&post=10546"}],"wp:featuredmedia":[{"embeddable":true,"href":"https:\/\/magiiik.netstory.com.pl\/index.php?rest_route=\/wp\/v2\/media\/10547"}],"wp:attachment":[{"href":"https:\/\/magiiik.netstory.com.pl\/index.php?rest_route=%2Fwp%2Fv2%2Fmedia&parent=10546"}],"wp:term":[{"taxonomy":"product_brand","embeddable":true,"href":"https:\/\/magiiik.netstory.com.pl\/index.php?rest_route=%2Fwp%2Fv2%2Fproduct_brand&post=10546"},{"taxonomy":"product_cat","embeddable":true,"href":"https:\/\/magiiik.netstory.com.pl\/index.php?rest_route=%2Fwp%2Fv2%2Fproduct_cat&post=10546"},{"taxonomy":"product_tag","embeddable":true,"href":"https:\/\/magiiik.netstory.com.pl\/index.php?rest_route=%2Fwp%2Fv2%2Fproduct_tag&post=10546"}],"curies":[{"name":"wp","href":"https:\/\/api.w.org\/{rel}","templated":true}]}}