{"id":10537,"date":"2025-09-19T13:40:24","date_gmt":"2025-09-19T11:40:24","guid":{"rendered":"https:\/\/magiiik.netstory.com.pl\/produkt\/the-hindu-thread-trick-by-lewis-ganson-ksiazka\/"},"modified":"2025-09-19T13:40:26","modified_gmt":"2025-09-19T11:40:26","slug":"the-hindu-thread-trick-by-lewis-ganson-ksiazka","status":"publish","type":"product","link":"https:\/\/magiiik.netstory.com.pl\/?product=the-hindu-thread-trick-by-lewis-ganson-ksiazka","title":{"rendered":"The Hindu Thread Trick by Lewis Ganson (ksi\u0105\u017cka)"},"content":{"rendered":"<p style=\"text-align: center;\"><span style=\"font-size: 14pt; font-family: arial, helvetica, sans-serif; color: #808080;\">&#8222;<strong>Hinduska ni\u0107<\/strong>&#8222;, znana jest r\u00f3wnie\u017c inna nazwa tego efektu &#8222;<strong>cyga\u0144ska ni\u0107<\/strong>&#8221; &#8211; to bardzo klasyczny i stary efekt magiczny, do dzi\u015b szokuj\u0105cy publiczno\u015b\u0107.\u00a0<\/span><\/p>\n<p style=\"text-align: center;\"><span style=\"font-size: 12pt; font-family: arial, helvetica, sans-serif;\"><strong>Reakcje widz\u00f3w na ten trick s\u0105 bardzo silne.<\/strong> Iluzjonista prezentuje swojej publiczno\u015bci d\u0142ug\u0105 ni\u0107&#8230; Nitka poci\u0119ta (pourywana) jest teraz na kilka mniejszych kawa\u0142k\u00f3w, kt\u00f3re nast\u0119pnie zwijane s\u0105 w ma\u0142\u0105 kuleczk\u0119. Wystarczy przesun\u0105\u0107 j\u0105 nad p\u0142omieniem \u015bwiecy, aby z\u0142apa\u0107 dwa wystaj\u0105ce kawa\u0142ki nici i rozci\u0105gn\u0105\u0107, pokazuj\u0105c, \u017ce ni\u0107 zn\u00f3w jest ca\u0142a.\u00a0<\/span><\/p>\n<p style=\"text-align: center;\"><span style=\"font-size: 12pt; font-family: arial, helvetica, sans-serif;\">Wiele czo\u0142owych iluzjonist\u00f3w na \u015bwiecie prezentowa\u0142o ten efekt magiczny. My doskonale go pami\u0119tamy, kiedy lata temu (dok\u0142adnie na <strong>XXIII Kongresie Krajowego Klubu Iluzjonist\u00f3w<\/strong>) prezentowa\u0142 i t\u0142umaczy\u0142 go genialny wr\u0119cz iluzjonista <strong>Vadini<\/strong>. Dobrze wykonany robi naprawd\u0119 piorunuj\u0105ce wra\u017cenie!<\/span><\/p>\n<p style=\"text-align: center;\"><span style=\"font-size: 12pt; font-family: arial, helvetica, sans-serif; color: #808080;\">Ksi\u0105\u017cka jest w j\u0119zyku angielskim, zawiera 24 strony dok\u0142adnie, krok po kroku pokazuj\u0105c, jak poprawieni wykona\u0107 ten efekt. Wzbogacona w wiele ilustracji i zdj\u0119\u0107.<\/span><\/p>\n<p style=\"text-align: center;\"><strong><span style=\"font-size: 12pt; font-family: arial, helvetica, sans-serif;\">Polecamy,<\/span><\/strong><\/p>\n<p style=\"text-align: center;\"><strong><span style=\"font-size: 12pt; font-family: arial, helvetica, sans-serif;\">magiiik.pl<\/span><\/strong><\/p>\n","protected":false},"excerpt":{"rendered":"<p><strong>The Hindu Thread Trick by Lewis Ganson (ksi\u0105\u017cka)<\/strong><\/p>\n","protected":false},"featured_media":10538,"comment_status":"closed","ping_status":"open","template":"","meta":[],"product_brand":[],"product_cat":[56],"product_tag":[],"class_list":{"0":"post-10537","1":"product","2":"type-product","3":"status-publish","4":"has-post-thumbnail","6":"product_cat-ksiazki-dvd-download-ksiazki","8":"first","9":"instock","10":"purchasable","11":"product-type-simple"},"_links":{"self":[{"href":"https:\/\/magiiik.netstory.com.pl\/index.php?rest_route=\/wp\/v2\/product\/10537","targetHints":{"allow":["GET"]}}],"collection":[{"href":"https:\/\/magiiik.netstory.com.pl\/index.php?rest_route=\/wp\/v2\/product"}],"about":[{"href":"https:\/\/magiiik.netstory.com.pl\/index.php?rest_route=\/wp\/v2\/types\/product"}],"replies":[{"embeddable":true,"href":"https:\/\/magiiik.netstory.com.pl\/index.php?rest_route=%2Fwp%2Fv2%2Fcomments&post=10537"}],"wp:featuredmedia":[{"embeddable":true,"href":"https:\/\/magiiik.netstory.com.pl\/index.php?rest_route=\/wp\/v2\/media\/10538"}],"wp:attachment":[{"href":"https:\/\/magiiik.netstory.com.pl\/index.php?rest_route=%2Fwp%2Fv2%2Fmedia&parent=10537"}],"wp:term":[{"taxonomy":"product_brand","embeddable":true,"href":"https:\/\/magiiik.netstory.com.pl\/index.php?rest_route=%2Fwp%2Fv2%2Fproduct_brand&post=10537"},{"taxonomy":"product_cat","embeddable":true,"href":"https:\/\/magiiik.netstory.com.pl\/index.php?rest_route=%2Fwp%2Fv2%2Fproduct_cat&post=10537"},{"taxonomy":"product_tag","embeddable":true,"href":"https:\/\/magiiik.netstory.com.pl\/index.php?rest_route=%2Fwp%2Fv2%2Fproduct_tag&post=10537"}],"curies":[{"name":"wp","href":"https:\/\/api.w.org\/{rel}","templated":true}]}}