{"id":10517,"date":"2025-09-19T13:39:57","date_gmt":"2025-09-19T11:39:57","guid":{"rendered":"https:\/\/magiiik.netstory.com.pl\/produkt\/growing-glove-rosnace-rekawice\/"},"modified":"2025-09-19T13:40:09","modified_gmt":"2025-09-19T11:40:09","slug":"growing-glove-rosnace-rekawice","status":"publish","type":"product","link":"https:\/\/magiiik.netstory.com.pl\/?product=growing-glove-rosnace-rekawice","title":{"rendered":"Growing Glove (rosn\u0105ce r\u0119kawice)"},"content":{"rendered":"<p style=\"text-align: center;\"><span style=\"font-size: 12pt; font-family: arial, helvetica, sans-serif;\">Iluzjonista wychodzi na scen\u0119 i zdejmuje r\u0119kawiczki&#8230; Najpierw jedn\u0105 i odk\u0142ada j\u0105 na stolik. Teraz drug\u0105&#8230; Zaczyna j\u0105 \u015bci\u0105ga\u0107, a ona si\u0119 ci\u0105gnie i ci\u0105gnie&#8230;<strong> Im staje si\u0119 d\u0142u\u017csza, tym bardziej kolorowa!\u00a0<\/strong><\/span><\/p>\n<p style=\"text-align: center;\"><span style=\"font-size: 12pt; font-family: arial, helvetica, sans-serif;\">Bardzo dobry efekt dla klasycznych iluzjonist\u00f3w, w iluzji komicznej i dla dzieci.<\/span><\/p>\n<p style=\"text-align: center;\"><strong><span style=\"font-size: 12pt; font-family: arial, helvetica, sans-serif;\">Polecamy,<\/span><\/strong><\/p>\n<p style=\"text-align: center;\"><strong><span style=\"font-size: 12pt; font-family: arial, helvetica, sans-serif;\">magiiik.pl<\/span><\/strong><\/p>\n<p>\u00a0<\/p>\n","protected":false},"excerpt":{"rendered":"<p><strong>Growing Glove<\/strong><\/p>\n","protected":false},"featured_media":10518,"comment_status":"closed","ping_status":"open","template":"","meta":[],"product_brand":[],"product_cat":[65],"product_tag":[],"class_list":{"0":"post-10517","1":"product","2":"type-product","3":"status-publish","4":"has-post-thumbnail","6":"product_cat-iluzja-sceniczna-iluzja-sceniczna","8":"first","9":"instock","10":"purchasable","11":"product-type-simple"},"_links":{"self":[{"href":"https:\/\/magiiik.netstory.com.pl\/index.php?rest_route=\/wp\/v2\/product\/10517","targetHints":{"allow":["GET"]}}],"collection":[{"href":"https:\/\/magiiik.netstory.com.pl\/index.php?rest_route=\/wp\/v2\/product"}],"about":[{"href":"https:\/\/magiiik.netstory.com.pl\/index.php?rest_route=\/wp\/v2\/types\/product"}],"replies":[{"embeddable":true,"href":"https:\/\/magiiik.netstory.com.pl\/index.php?rest_route=%2Fwp%2Fv2%2Fcomments&post=10517"}],"wp:featuredmedia":[{"embeddable":true,"href":"https:\/\/magiiik.netstory.com.pl\/index.php?rest_route=\/wp\/v2\/media\/10518"}],"wp:attachment":[{"href":"https:\/\/magiiik.netstory.com.pl\/index.php?rest_route=%2Fwp%2Fv2%2Fmedia&parent=10517"}],"wp:term":[{"taxonomy":"product_brand","embeddable":true,"href":"https:\/\/magiiik.netstory.com.pl\/index.php?rest_route=%2Fwp%2Fv2%2Fproduct_brand&post=10517"},{"taxonomy":"product_cat","embeddable":true,"href":"https:\/\/magiiik.netstory.com.pl\/index.php?rest_route=%2Fwp%2Fv2%2Fproduct_cat&post=10517"},{"taxonomy":"product_tag","embeddable":true,"href":"https:\/\/magiiik.netstory.com.pl\/index.php?rest_route=%2Fwp%2Fv2%2Fproduct_tag&post=10517"}],"curies":[{"name":"wp","href":"https:\/\/api.w.org\/{rel}","templated":true}]}}