{"id":10513,"date":"2025-09-19T13:39:57","date_gmt":"2025-09-19T11:39:57","guid":{"rendered":"https:\/\/magiiik.netstory.com.pl\/produkt\/black-light-uv-bulb-czarna-zarowka-uv-ultrafiolet-e27\/"},"modified":"2025-09-19T13:40:09","modified_gmt":"2025-09-19T11:40:09","slug":"black-light-uv-bulb-czarna-zarowka-uv-ultrafiolet-e27","status":"publish","type":"product","link":"https:\/\/magiiik.netstory.com.pl\/?product=black-light-uv-bulb-czarna-zarowka-uv-ultrafiolet-e27","title":{"rendered":"Black Light UV Bulb (czarna \u017car\u00f3wka UV, ultrafiolet) E27"},"content":{"rendered":"<p style=\"text-align: center;\"><span style=\"font-size: 12pt; font-family: arial, helvetica, sans-serif;\">Czarna \u017car\u00f3wka, daj\u0105ca ultrafioletowe \u015bwiat\u0142o, dzi\u0119ki kt\u00f3remu wszystkie bia\u0142e elementy \u015bwiec\u0105 si\u0119.\u00a0<\/span><\/p>\n<p style=\"text-align: center;\"><span style=\"font-size: 12pt; font-family: arial, helvetica, sans-serif;\">\u017bar\u00f3wka E27 &#8211; z grubym gwintem.<\/span><\/p>\n<p>\u00a0<\/p>\n","protected":false},"excerpt":{"rendered":"<p><strong>Black Light UV Bulb (czarna \u017car\u00f3wka UV, ultrafiolet)<\/strong><\/p>\n","protected":false},"featured_media":10514,"comment_status":"closed","ping_status":"open","template":"","meta":[],"product_brand":[],"product_cat":[60],"product_tag":[],"class_list":{"0":"post-10513","1":"product","2":"type-product","3":"status-publish","4":"has-post-thumbnail","6":"product_cat-akcesoria-zele-pudry-snowstorm-refile-i-inne","8":"first","9":"instock","10":"purchasable","11":"product-type-simple"},"_links":{"self":[{"href":"https:\/\/magiiik.netstory.com.pl\/index.php?rest_route=\/wp\/v2\/product\/10513","targetHints":{"allow":["GET"]}}],"collection":[{"href":"https:\/\/magiiik.netstory.com.pl\/index.php?rest_route=\/wp\/v2\/product"}],"about":[{"href":"https:\/\/magiiik.netstory.com.pl\/index.php?rest_route=\/wp\/v2\/types\/product"}],"replies":[{"embeddable":true,"href":"https:\/\/magiiik.netstory.com.pl\/index.php?rest_route=%2Fwp%2Fv2%2Fcomments&post=10513"}],"wp:featuredmedia":[{"embeddable":true,"href":"https:\/\/magiiik.netstory.com.pl\/index.php?rest_route=\/wp\/v2\/media\/10514"}],"wp:attachment":[{"href":"https:\/\/magiiik.netstory.com.pl\/index.php?rest_route=%2Fwp%2Fv2%2Fmedia&parent=10513"}],"wp:term":[{"taxonomy":"product_brand","embeddable":true,"href":"https:\/\/magiiik.netstory.com.pl\/index.php?rest_route=%2Fwp%2Fv2%2Fproduct_brand&post=10513"},{"taxonomy":"product_cat","embeddable":true,"href":"https:\/\/magiiik.netstory.com.pl\/index.php?rest_route=%2Fwp%2Fv2%2Fproduct_cat&post=10513"},{"taxonomy":"product_tag","embeddable":true,"href":"https:\/\/magiiik.netstory.com.pl\/index.php?rest_route=%2Fwp%2Fv2%2Fproduct_tag&post=10513"}],"curies":[{"name":"wp","href":"https:\/\/api.w.org\/{rel}","templated":true}]}}