{"id":10507,"date":"2025-09-19T13:39:57","date_gmt":"2025-09-19T11:39:57","guid":{"rendered":"https:\/\/magiiik.netstory.com.pl\/produkt\/duck-bucket-wiadro-z-kaczka\/"},"modified":"2025-09-19T13:40:07","modified_gmt":"2025-09-19T11:40:07","slug":"duck-bucket-wiadro-z-kaczka","status":"publish","type":"product","link":"https:\/\/magiiik.netstory.com.pl\/?product=duck-bucket-wiadro-z-kaczka","title":{"rendered":"Duck Bucket (wiadro z kaczk\u0105)"},"content":{"rendered":"<p style=\"text-align: center;\"><span style=\"font-size: 12pt; font-family: arial, helvetica, sans-serif;\">To bardzo stary trick. Mo\u017cna go by\u0142o zobaczy\u0107 w programach <strong>David<\/strong>&#8217;a <strong>Copperfield<\/strong>&#8217;a wiele lat temu. <span style=\"background-color: #ff0000;\">Dzi\u015b ten rekwizyt mo\u017cna kupi\u0107 r\u00f3wnie\u017c w naszym sklepie!<\/span><\/span><\/p>\n<p style=\"text-align: center;\"><span style=\"font-size: 12pt; font-family: arial, helvetica, sans-serif;\">Dzi\u0119ki temu rekwizytowi mo\u017cesz znika\u0107, b\u0105d\u017a pojawia\u0107 zwierz\u0119, takiej jak kaczka, kura, kr\u00f3lik itd. Zwierz\u0119 mo\u017cesz r\u00f3wnie\u017c zamieni\u0107 na inne, np. kaczk\u0119 na kr\u00f3lika!\u00a0<\/span><\/p>\n<p style=\"text-align: center;\"><span style=\"font-size: 12pt; font-family: arial, helvetica, sans-serif;\">Wiadro za ka\u017cdym razem mo\u017cesz pokaza\u0107, \u017ce jest puste.<\/span><\/p>\n<p style=\"text-align: center;\"><strong><span style=\"font-size: 12pt; font-family: arial, helvetica, sans-serif;\">Polecamy,<\/span><\/strong><\/p>\n<p style=\"text-align: center;\"><strong><span style=\"font-size: 12pt; font-family: arial, helvetica, sans-serif;\">magiiik.pl<\/span><\/strong><\/p>\n","protected":false},"excerpt":{"rendered":"<p><strong>Duck Bucket (wiadro z kaczk\u0105)<\/strong><\/p>\n","protected":false},"featured_media":10508,"comment_status":"closed","ping_status":"open","template":"","meta":[],"product_brand":[],"product_cat":[65],"product_tag":[],"class_list":{"0":"post-10507","1":"product","2":"type-product","3":"status-publish","4":"has-post-thumbnail","6":"product_cat-iluzja-sceniczna-iluzja-sceniczna","8":"first","9":"instock","10":"purchasable","11":"product-type-simple"},"_links":{"self":[{"href":"https:\/\/magiiik.netstory.com.pl\/index.php?rest_route=\/wp\/v2\/product\/10507","targetHints":{"allow":["GET"]}}],"collection":[{"href":"https:\/\/magiiik.netstory.com.pl\/index.php?rest_route=\/wp\/v2\/product"}],"about":[{"href":"https:\/\/magiiik.netstory.com.pl\/index.php?rest_route=\/wp\/v2\/types\/product"}],"replies":[{"embeddable":true,"href":"https:\/\/magiiik.netstory.com.pl\/index.php?rest_route=%2Fwp%2Fv2%2Fcomments&post=10507"}],"wp:featuredmedia":[{"embeddable":true,"href":"https:\/\/magiiik.netstory.com.pl\/index.php?rest_route=\/wp\/v2\/media\/10508"}],"wp:attachment":[{"href":"https:\/\/magiiik.netstory.com.pl\/index.php?rest_route=%2Fwp%2Fv2%2Fmedia&parent=10507"}],"wp:term":[{"taxonomy":"product_brand","embeddable":true,"href":"https:\/\/magiiik.netstory.com.pl\/index.php?rest_route=%2Fwp%2Fv2%2Fproduct_brand&post=10507"},{"taxonomy":"product_cat","embeddable":true,"href":"https:\/\/magiiik.netstory.com.pl\/index.php?rest_route=%2Fwp%2Fv2%2Fproduct_cat&post=10507"},{"taxonomy":"product_tag","embeddable":true,"href":"https:\/\/magiiik.netstory.com.pl\/index.php?rest_route=%2Fwp%2Fv2%2Fproduct_tag&post=10507"}],"curies":[{"name":"wp","href":"https:\/\/api.w.org\/{rel}","templated":true}]}}