{"id":10487,"date":"2025-09-19T13:39:57","date_gmt":"2025-09-19T11:39:57","guid":{"rendered":"https:\/\/magiiik.netstory.com.pl\/produkt\/fantastic-magic-box-drawer-box-by-vincenzo-di-fatta\/"},"modified":"2025-09-19T13:40:00","modified_gmt":"2025-09-19T11:40:00","slug":"fantastic-magic-box-drawer-box-by-vincenzo-di-fatta","status":"publish","type":"product","link":"https:\/\/magiiik.netstory.com.pl\/?product=fantastic-magic-box-drawer-box-by-vincenzo-di-fatta","title":{"rendered":"Fantastic Magic Box (drawer box) by Vincenzo di Fatta"},"content":{"rendered":"<p style=\"text-align: center;\"><strong><span style=\"font-size: 12pt; font-family: arial, helvetica, sans-serif;\">To jest naprawd\u0119 fantastyczne pude\u0142ko!<\/span><\/strong><\/p>\n<p style=\"text-align: center;\"><span style=\"font-size: 12pt; font-family: arial, helvetica, sans-serif;\">Za pomoc\u0105 tego rekwizytu b\u0119dziesz m\u00f3g\u0142 znika\u0107 i pojawia\u0107 ka\u017cdy drobny przedmiot! Mo\u017cesz u\u017cy\u0107 papieros\u00f3w, cukierk\u00f3w, pieni\u0119dzy, bi\u017cuterii, cokolwiek tylko zechcesz!\u00a0<\/span><\/p>\n<p style=\"text-align: center;\"><span style=\"font-size: 12pt; font-family: arial, helvetica, sans-serif;\">Rekwizyt bardzo prosty w u\u017cyciu.\u00a0<\/span><\/p>\n<p style=\"text-align: center;\"><strong><span style=\"font-size: 12pt; font-family: arial, helvetica, sans-serif;\">Polecamy,<\/span><\/strong><\/p>\n<p style=\"text-align: center;\"><strong><span style=\"font-size: 12pt; font-family: arial, helvetica, sans-serif;\">magiiik.pl<\/span><\/strong><\/p>\n","protected":false},"excerpt":{"rendered":"<p><strong>Fantastic Magic Box (drawer box) by Vincenzo di Fatta<\/strong><\/p>\n","protected":false},"featured_media":10488,"comment_status":"closed","ping_status":"open","template":"","meta":[],"product_brand":[],"product_cat":[18],"product_tag":[],"class_list":{"0":"post-10487","1":"product","2":"type-product","3":"status-publish","4":"has-post-thumbnail","6":"product_cat-iluzja-dla-dzieci","8":"first","9":"instock","10":"purchasable","11":"product-type-simple"},"_links":{"self":[{"href":"https:\/\/magiiik.netstory.com.pl\/index.php?rest_route=\/wp\/v2\/product\/10487","targetHints":{"allow":["GET"]}}],"collection":[{"href":"https:\/\/magiiik.netstory.com.pl\/index.php?rest_route=\/wp\/v2\/product"}],"about":[{"href":"https:\/\/magiiik.netstory.com.pl\/index.php?rest_route=\/wp\/v2\/types\/product"}],"replies":[{"embeddable":true,"href":"https:\/\/magiiik.netstory.com.pl\/index.php?rest_route=%2Fwp%2Fv2%2Fcomments&post=10487"}],"wp:featuredmedia":[{"embeddable":true,"href":"https:\/\/magiiik.netstory.com.pl\/index.php?rest_route=\/wp\/v2\/media\/10488"}],"wp:attachment":[{"href":"https:\/\/magiiik.netstory.com.pl\/index.php?rest_route=%2Fwp%2Fv2%2Fmedia&parent=10487"}],"wp:term":[{"taxonomy":"product_brand","embeddable":true,"href":"https:\/\/magiiik.netstory.com.pl\/index.php?rest_route=%2Fwp%2Fv2%2Fproduct_brand&post=10487"},{"taxonomy":"product_cat","embeddable":true,"href":"https:\/\/magiiik.netstory.com.pl\/index.php?rest_route=%2Fwp%2Fv2%2Fproduct_cat&post=10487"},{"taxonomy":"product_tag","embeddable":true,"href":"https:\/\/magiiik.netstory.com.pl\/index.php?rest_route=%2Fwp%2Fv2%2Fproduct_tag&post=10487"}],"curies":[{"name":"wp","href":"https:\/\/api.w.org\/{rel}","templated":true}]}}