{"id":10478,"date":"2025-09-19T13:37:54","date_gmt":"2025-09-19T11:37:54","guid":{"rendered":"https:\/\/magiiik.netstory.com.pl\/produkt\/vanishing-pencil-znikajacy-olowek-by-funtime-magic\/"},"modified":"2025-09-19T13:39:51","modified_gmt":"2025-09-19T11:39:51","slug":"vanishing-pencil-znikajacy-olowek-by-funtime-magic","status":"publish","type":"product","link":"https:\/\/magiiik.netstory.com.pl\/?product=vanishing-pencil-znikajacy-olowek-by-funtime-magic","title":{"rendered":"Vanishing Pencil (znikaj\u0105cy o\u0142\u00f3wek) by Funtime Magic"},"content":{"rendered":"<p style=\"text-align: center;\"><strong><span style=\"font-size: 12pt; font-family: arial, helvetica, sans-serif;\">Jest to alternatywa dla tricku &#8222;<a href=\"https:\/\/magiiik.netstory.com.pl\/5\">Zmniejszony papieros<\/a>&#8222;.<\/span><\/strong><\/p>\n<p style=\"text-align: center;\"><span style=\"font-size: 12pt; font-family: arial, helvetica, sans-serif;\">Iluzjonista prezentuje drewniany o\u0142\u00f3wek oraz magiczn\u0105 tub\u0119. Widz mo\u017ce dok\u0142adnie obejrze\u0107 tub\u0119, po czym magik wsuwa do niej o\u0142\u00f3wek i zakrywa. Kilka magicznych ruch\u00f3w, a po otworzeniu tuby mo\u017cna zobaczy\u0107, \u017ce o\u0142\u00f3wek po prostu rozp\u0142yn\u0105\u0142 si\u0119 w powietrzu! Pojemnik mo\u017cna po raz kolejny da\u0107 widzowi do sprawdzenia.\u00a0<\/span><\/p>\n<p style=\"text-align: center;\"><strong><span style=\"font-size: 12pt; font-family: arial, helvetica, sans-serif;\">Polecamy,<\/span><\/strong><\/p>\n<p style=\"text-align: center;\"><strong><span style=\"font-size: 12pt; font-family: arial, helvetica, sans-serif;\">magiiik.pl<\/span><\/strong><\/p>\n<p>\u00a0<\/p>\n","protected":false},"excerpt":{"rendered":"<p>Vanishing Pencil (znikaj\u0105cy o\u0142\u00f3wek) by Funtime Magic<\/p>\n","protected":false},"featured_media":10479,"comment_status":"closed","ping_status":"open","template":"","meta":[],"product_brand":[],"product_cat":[18],"product_tag":[],"class_list":{"0":"post-10478","1":"product","2":"type-product","3":"status-publish","4":"has-post-thumbnail","6":"product_cat-iluzja-dla-dzieci","8":"first","9":"instock","10":"purchasable","11":"product-type-simple"},"_links":{"self":[{"href":"https:\/\/magiiik.netstory.com.pl\/index.php?rest_route=\/wp\/v2\/product\/10478","targetHints":{"allow":["GET"]}}],"collection":[{"href":"https:\/\/magiiik.netstory.com.pl\/index.php?rest_route=\/wp\/v2\/product"}],"about":[{"href":"https:\/\/magiiik.netstory.com.pl\/index.php?rest_route=\/wp\/v2\/types\/product"}],"replies":[{"embeddable":true,"href":"https:\/\/magiiik.netstory.com.pl\/index.php?rest_route=%2Fwp%2Fv2%2Fcomments&post=10478"}],"wp:featuredmedia":[{"embeddable":true,"href":"https:\/\/magiiik.netstory.com.pl\/index.php?rest_route=\/wp\/v2\/media\/10479"}],"wp:attachment":[{"href":"https:\/\/magiiik.netstory.com.pl\/index.php?rest_route=%2Fwp%2Fv2%2Fmedia&parent=10478"}],"wp:term":[{"taxonomy":"product_brand","embeddable":true,"href":"https:\/\/magiiik.netstory.com.pl\/index.php?rest_route=%2Fwp%2Fv2%2Fproduct_brand&post=10478"},{"taxonomy":"product_cat","embeddable":true,"href":"https:\/\/magiiik.netstory.com.pl\/index.php?rest_route=%2Fwp%2Fv2%2Fproduct_cat&post=10478"},{"taxonomy":"product_tag","embeddable":true,"href":"https:\/\/magiiik.netstory.com.pl\/index.php?rest_route=%2Fwp%2Fv2%2Fproduct_tag&post=10478"}],"curies":[{"name":"wp","href":"https:\/\/api.w.org\/{rel}","templated":true}]}}