{"id":10469,"date":"2025-09-19T13:37:54","date_gmt":"2025-09-19T11:37:54","guid":{"rendered":"https:\/\/magiiik.netstory.com.pl\/produkt\/aiden-dvd-i-gimmick-by-ryuhei-nakamura\/"},"modified":"2025-09-19T13:39:44","modified_gmt":"2025-09-19T11:39:44","slug":"aiden-dvd-i-gimmick-by-ryuhei-nakamura","status":"publish","type":"product","link":"https:\/\/magiiik.netstory.com.pl\/?product=aiden-dvd-i-gimmick-by-ryuhei-nakamura","title":{"rendered":"Aiden (DVD i Gimmick) by Ryuhei Nakamura"},"content":{"rendered":"<p style=\"text-align: center;\"><span style=\"font-size: 14pt;\"><strong><span style=\"font-family: arial, helvetica, sans-serif;\">Oto co\u015b, czego Twoi widzowie jeszcze na pewno nie widzieli! <\/span><\/strong><\/span><\/p>\n<p style=\"text-align: center;\"><span style=\"font-size: 14pt;\"><strong><span style=\"font-family: arial, helvetica, sans-serif;\">Czytanie w my\u015blach? Kontakt z duchami? Telekineza? WOW!<\/span><\/strong><\/span><\/p>\n<p style=\"text-align: center;\"><span style=\"font-size: 12pt; font-family: arial, helvetica, sans-serif;\">Mo\u017cliwo\u015b\u0107 odczytania my\u015bli widza poprzez odgadni\u0119cie wybranej przez niego karty jest wyczynem samym w sobie. Wyobra\u017a sobie jednak, \u017ce mo\u017cesz teraz p\u00f3j\u015b\u0107 o krok dalej i w\u0142\u0105czy\u0107 wizualn\u0105 prezentacj\u0119 rutyny mentalnej!<\/span><\/p>\n<p style=\"text-align: center;\"><span style=\"font-size: 12pt; font-family: arial, helvetica, sans-serif;\">Trick ten zadebiutowa\u0142 w roku 2017 (<strong>SansMinds przy wsp\u00f3\u0142pracy z Ryuhei Nakamur\u0105<\/strong>).\u00a0<\/span><\/p>\n<p style=\"text-align: center;\"><span style=\"font-size: 12pt; font-family: arial, helvetica, sans-serif;\">Trick jest po prostu genialny! Przed Pa\u0144stwem &#8211; <strong>AIDEN<\/strong>. Rutyna, w kt\u00f3rej marker Sharpie o\u017cyje i SAM narysuje symbol lub kszta\u0142t, kt\u00f3ry by\u0142 my\u015blach Twojego widza! Wszystko bez u\u017cycia r\u0105k!<\/span><\/p>\n<p style=\"text-align: center;\"><span style=\"font-size: 14pt; font-family: arial, helvetica, sans-serif; color: #808080;\">Tym efektem mo\u017cesz po prostu znokautowa\u0107 swoj\u0105 publiczno\u015b\u0107 i wykurzy\u0107 konkurencj\u0119! Czego chcie\u0107 wi\u0119cej?!<\/span><\/p>\n<p style=\"text-align: center;\"><span style=\"font-size: 14pt; font-family: arial, helvetica, sans-serif; color: #808080;\"><iframe loading=\"lazy\" src=\"\/\/www.youtube.com\/embed\/b3J21fgJvDk\" width=\"500\" height=\"300\"><\/iframe><\/span><\/p>\n<p style=\"text-align: left;\"><strong><span style=\"font-size: 12pt; font-family: arial, helvetica, sans-serif;\">W zestawie otrzymasz:<\/span><\/strong><\/p>\n<p style=\"text-align: left;\"><span style=\"font-size: 12pt; font-family: arial, helvetica, sans-serif;\">&#8211; DVD instrukta\u017cowe;<\/span><\/p>\n<p style=\"text-align: left;\"><span style=\"font-size: 12pt; font-family: arial, helvetica, sans-serif;\">&#8211; gimmick.<\/span><\/p>\n<p style=\"text-align: left;\">\u00a0<\/p>\n<p style=\"text-align: center;\"><strong><span style=\"font-size: 12pt; font-family: arial, helvetica, sans-serif;\">POLECAMY,<\/span><\/strong><\/p>\n<p style=\"text-align: center;\"><strong><span style=\"font-size: 12pt; font-family: arial, helvetica, sans-serif;\">magiiik.pl<\/span><\/strong><\/p>\n<p>\u00a0<\/p>\n","protected":false},"excerpt":{"rendered":"<p><strong>Aiden (DVD i Gimmick) by Ryuhei Nakamura\u00a0<\/strong><\/p>\n","protected":false},"featured_media":10470,"comment_status":"closed","ping_status":"open","template":"","meta":[],"product_brand":[],"product_cat":[54],"product_tag":[],"class_list":{"0":"post-10469","1":"product","2":"type-product","3":"status-publish","4":"has-post-thumbnail","6":"product_cat-ksiazki-dvd-download-sansminds","8":"first","9":"instock","10":"purchasable","11":"product-type-simple"},"_links":{"self":[{"href":"https:\/\/magiiik.netstory.com.pl\/index.php?rest_route=\/wp\/v2\/product\/10469","targetHints":{"allow":["GET"]}}],"collection":[{"href":"https:\/\/magiiik.netstory.com.pl\/index.php?rest_route=\/wp\/v2\/product"}],"about":[{"href":"https:\/\/magiiik.netstory.com.pl\/index.php?rest_route=\/wp\/v2\/types\/product"}],"replies":[{"embeddable":true,"href":"https:\/\/magiiik.netstory.com.pl\/index.php?rest_route=%2Fwp%2Fv2%2Fcomments&post=10469"}],"wp:featuredmedia":[{"embeddable":true,"href":"https:\/\/magiiik.netstory.com.pl\/index.php?rest_route=\/wp\/v2\/media\/10470"}],"wp:attachment":[{"href":"https:\/\/magiiik.netstory.com.pl\/index.php?rest_route=%2Fwp%2Fv2%2Fmedia&parent=10469"}],"wp:term":[{"taxonomy":"product_brand","embeddable":true,"href":"https:\/\/magiiik.netstory.com.pl\/index.php?rest_route=%2Fwp%2Fv2%2Fproduct_brand&post=10469"},{"taxonomy":"product_cat","embeddable":true,"href":"https:\/\/magiiik.netstory.com.pl\/index.php?rest_route=%2Fwp%2Fv2%2Fproduct_cat&post=10469"},{"taxonomy":"product_tag","embeddable":true,"href":"https:\/\/magiiik.netstory.com.pl\/index.php?rest_route=%2Fwp%2Fv2%2Fproduct_tag&post=10469"}],"curies":[{"name":"wp","href":"https:\/\/api.w.org\/{rel}","templated":true}]}}