{"id":10462,"date":"2025-09-19T13:37:54","date_gmt":"2025-09-19T11:37:54","guid":{"rendered":"https:\/\/magiiik.netstory.com.pl\/produkt\/52-shades-of-red-version-3-by-shin-lim\/"},"modified":"2025-09-19T13:39:37","modified_gmt":"2025-09-19T11:39:37","slug":"52-shades-of-red-version-3-by-shin-lim","status":"publish","type":"product","link":"https:\/\/magiiik.netstory.com.pl\/?product=52-shades-of-red-version-3-by-shin-lim","title":{"rendered":"52 Shades of Red Version 3 by Shin Lim"},"content":{"rendered":"<p style=\"text-align: center;\"><strong><span style=\"font-size: 14pt; font-family: arial, helvetica, sans-serif;\">Zobacz zwiastun, a nie uwierzysz w\u0142asnym oczom!\u00a0<\/span><\/strong><\/p>\n<p style=\"text-align: center;\"><strong><span style=\"font-size: 14pt; font-family: arial, helvetica, sans-serif;\"><iframe loading=\"lazy\" src=\"\/\/www.youtube.com\/embed\/kzawopckuH4\" width=\"500\" height=\"300\"><\/iframe><\/span><\/strong><\/p>\n<p style=\"text-align: center;\"><span style=\"font-size: 12pt; font-family: arial, helvetica, sans-serif;\">Ty tak\u017ce mo\u017cesz dokona\u0107 tych cud\u00f3w po zapoznaniu si\u0119 z sekretami najnowszej wersji <strong>52 Shades od Red!<\/strong><\/span><\/p>\n<p style=\"text-align: center;\"><span style=\"font-size: 12pt; font-family: arial, helvetica, sans-serif;\">W roku 2017 <strong>Shin Lim<\/strong> ponownie pojawi\u0142 si\u0119 w programie <strong>Penn&amp;Teller: Fool Us<\/strong>. Bardzo niewielu magikom uda\u0142o si\u0119 ich oszuka\u0107. <strong>Shin<\/strong> oszuka\u0142 ich po raz drugi i zn\u00f3w przy u\u017cyciu swojego s\u0142ynnego ju\u017c<strong> 52 Shades od Red!<\/strong><\/span><\/p>\n<p style=\"text-align: center;\"><span style=\"background-color: #ff0000;\"><strong><span style=\"font-size: 12pt; font-family: arial, helvetica, sans-serif;\">To ju\u017c trzecia wersja 52 Shades of Red.<\/span><\/strong><\/span><\/p>\n<p style=\"text-align: center;\">\u00a0<\/p>\n<p style=\"text-align: left;\"><strong><span style=\"font-size: 12pt; font-family: arial, helvetica, sans-serif;\">W tym zestawie otrzymasz:<\/span><\/strong><\/p>\n<p style=\"text-align: left;\"><span style=\"font-size: 12pt; font-family: arial, helvetica, sans-serif;\">&#8211; <strong>52 Shades of Red V3<\/strong> Gaff Deck (wymaga monta\u017cu), aby wykona\u0107 pe\u0142n\u0105 rutyn\u0119 <strong>52 Shades of Red<\/strong>.<\/span><\/p>\n<p style=\"text-align: left;\"><span style=\"font-size: 12pt; font-family: arial, helvetica, sans-serif;\">&#8211; dodatkowe karty GAFF, kt\u00f3re umo\u017cliwiaj\u0105 wykonanie nowych efekt\u00f3w.<\/span><\/p>\n<p style=\"text-align: left;\"><span style=\"font-size: 12pt; font-family: arial, helvetica, sans-serif;\">&#8211; film instrukta\u017cowy trwaj\u0105cy ponad 120 minut.<\/span><\/p>\n<p style=\"text-align: left;\"><span style=\"font-size: 12pt; font-family: arial, helvetica, sans-serif;\">&#8211; bonus.<\/span><\/p>\n<p style=\"color: #111111; font-size: 13px; font-family: &quot;&quot;; text-align: center;\"><span style=\"font-size: 12pt; font-family: arial, helvetica, sans-serif;\">\u00a0<\/span><\/p>\n<p style=\"color: #111111; font-size: 13px; font-family: &quot;&quot;; text-align: center;\"><strong><span style=\"font-size: 12pt; font-family: arial, helvetica, sans-serif;\">Zapraszamy do zakupu,<\/span><\/strong><\/p>\n<p style=\"color: #111111; font-size: 13px; font-family: &quot;&quot;; text-align: center;\"><strong><span style=\"font-size: 12pt; font-family: arial, helvetica, sans-serif;\">magiiik.pl<\/span><\/strong><\/p>\n","protected":false},"excerpt":{"rendered":"<p><strong>52 Shades of Red Version 3 by Shin Lim<\/strong><\/p>\n","protected":false},"featured_media":10463,"comment_status":"closed","ping_status":"open","template":"","meta":[],"product_brand":[],"product_cat":[41],"product_tag":[],"class_list":{"0":"post-10462","1":"product","2":"type-product","3":"status-publish","4":"has-post-thumbnail","6":"product_cat-mikro-iluzja-close-up-efekty-z-kartami","8":"first","9":"instock","10":"purchasable","11":"product-type-simple"},"_links":{"self":[{"href":"https:\/\/magiiik.netstory.com.pl\/index.php?rest_route=\/wp\/v2\/product\/10462","targetHints":{"allow":["GET"]}}],"collection":[{"href":"https:\/\/magiiik.netstory.com.pl\/index.php?rest_route=\/wp\/v2\/product"}],"about":[{"href":"https:\/\/magiiik.netstory.com.pl\/index.php?rest_route=\/wp\/v2\/types\/product"}],"replies":[{"embeddable":true,"href":"https:\/\/magiiik.netstory.com.pl\/index.php?rest_route=%2Fwp%2Fv2%2Fcomments&post=10462"}],"wp:featuredmedia":[{"embeddable":true,"href":"https:\/\/magiiik.netstory.com.pl\/index.php?rest_route=\/wp\/v2\/media\/10463"}],"wp:attachment":[{"href":"https:\/\/magiiik.netstory.com.pl\/index.php?rest_route=%2Fwp%2Fv2%2Fmedia&parent=10462"}],"wp:term":[{"taxonomy":"product_brand","embeddable":true,"href":"https:\/\/magiiik.netstory.com.pl\/index.php?rest_route=%2Fwp%2Fv2%2Fproduct_brand&post=10462"},{"taxonomy":"product_cat","embeddable":true,"href":"https:\/\/magiiik.netstory.com.pl\/index.php?rest_route=%2Fwp%2Fv2%2Fproduct_cat&post=10462"},{"taxonomy":"product_tag","embeddable":true,"href":"https:\/\/magiiik.netstory.com.pl\/index.php?rest_route=%2Fwp%2Fv2%2Fproduct_tag&post=10462"}],"curies":[{"name":"wp","href":"https:\/\/api.w.org\/{rel}","templated":true}]}}