{"id":10448,"date":"2025-09-19T13:37:54","date_gmt":"2025-09-19T11:37:54","guid":{"rendered":"https:\/\/magiiik.netstory.com.pl\/produkt\/imagination-box-by-olivier-pont\/"},"modified":"2025-09-19T13:39:25","modified_gmt":"2025-09-19T11:39:25","slug":"imagination-box-by-olivier-pont","status":"publish","type":"product","link":"https:\/\/magiiik.netstory.com.pl\/?product=imagination-box-by-olivier-pont","title":{"rendered":"Imagination Box by Olivier Pont"},"content":{"rendered":"<p style=\"text-align: center;\"><span style=\"font-size: 14pt;\"><strong><span style=\"font-family: arial, helvetica, sans-serif;\">Co mo\u017ce by\u0107 pi\u0119kniejszego ni\u017c sprawi\u0107, aby rzeczy pojawia\u0142y si\u0119 i znika\u0142y w dowolnym momencie&#8230;?<\/span><\/strong><\/span><\/p>\n<p style=\"text-align: center;\"><span style=\"font-size: 12pt; font-family: arial, helvetica, sans-serif;\">Zmie\u0144 przedmiot w inny, zmie\u0144 warto\u015b\u0107 banknotu, scal podart\u0105 kart\u0119, b\u0105d\u017a zdj\u0119cie&#8230; Zr\u00f3b co\u015b jeszcze bardziej szalonego &#8211; <strong>urzeczywistnij rysunek!<\/strong><\/span><\/p>\n<p style=\"text-align: center;\"><span style=\"font-size: 12pt; font-family: arial, helvetica, sans-serif;\">Dzi\u0119ki temu trickowi wszystko jest mo\u017cliwe! Tylko Twoja wyobra\u017ania jest granic\u0105!<\/span><\/p>\n<p style=\"text-align: center;\"><span style=\"font-size: 12pt; font-family: arial, helvetica, sans-serif;\">Niezale\u017cnie od tego, czy stoisz, siedzisz, jeste\u015b na ulicy, przyj\u0119ciu koktajlowym, bez wzgl\u0119du na Tw\u00f3j magiczny styl, <strong>z tym produktem wszystko b\u0119dzie mo\u017cliwe!<\/strong><\/span><\/p>\n<p style=\"text-align: center;\"><span style=\"font-size: 12pt; font-family: arial, helvetica, sans-serif;\">Odkryj nieko\u0144cz\u0105cy si\u0119 strumie\u0144 tw\u00f3rczych mo\u017cliwo\u015bci! Je\u015bli Twoje efekty s\u0105 nudne i przestarza\u0142e, od\u015bwie\u017c je dzi\u0119ki <strong>Imagination Box!<\/strong><\/span><\/p>\n<p style=\"text-align: center;\"><span style=\"font-size: 12pt; font-family: arial, helvetica, sans-serif;\">To efekt niewiarygodnie wizualny i zapieraj\u0105cy dech w piersiach! <strong>Imagination Box<\/strong> zrobi wszystko za Ciebie i urozmaici Twoje magiczne tricki! To narz\u0119dzie naprawd\u0119 zmieni spos\u00f3b, w jaki wykonujesz swoje magiczne efekty!\u00a0<\/span><\/p>\n<p style=\"text-align: center;\"><span style=\"font-size: 12pt; font-family: arial, helvetica, sans-serif;\">Nie zwlekaj! Obejrzyj zwiastun! Tw\u00f3j <strong>Imagination Box<\/strong> czeka na Ciebie!<\/span><\/p>\n<p style=\"text-align: center;\"><span style=\"font-size: 12pt; font-family: arial, helvetica, sans-serif;\"><iframe loading=\"lazy\" src=\"\/\/www.youtube.com\/embed\/bVmFcK_B2NA\" width=\"500\" height=\"300\"><\/iframe><\/span><\/p>\n<p style=\"text-align: center;\">\u00a0<\/p>\n<p style=\"text-align: left;\"><span style=\"font-size: 12pt; font-family: arial, helvetica, sans-serif; color: #808080;\">&#8211; nie wymaga specjalnych umiej\u0119tno\u015bci;<\/span><\/p>\n<p style=\"text-align: left;\"><span style=\"font-size: 12pt; font-family: arial, helvetica, sans-serif; color: #808080;\">&#8211; nieko\u0144cz\u0105ce si\u0119 mo\u017cliwo\u015bci;<\/span><\/p>\n<p style=\"text-align: left;\"><span style=\"font-size: 12pt; font-family: arial, helvetica, sans-serif; color: #808080;\">&#8211; wyj\u0105tkowo wizualny.<\/span><\/p>\n<p style=\"text-align: center;\">\u00a0<\/p>\n<p style=\"text-align: center;\">\u00a0<\/p>\n<p style=\"text-align: center;\"><strong><span style=\"font-size: 12pt; font-family: arial, helvetica, sans-serif;\">Zapraszamy do zakupu,<\/span><\/strong><\/p>\n<p style=\"text-align: center;\"><strong><span style=\"font-size: 12pt; font-family: arial, helvetica, sans-serif;\">magiiik.pl<\/span><\/strong><\/p>\n","protected":false},"excerpt":{"rendered":"<p><strong>Imagination Box by Olivier Pont<\/strong><\/p>\n","protected":false},"featured_media":10449,"comment_status":"closed","ping_status":"open","template":"","meta":[],"product_brand":[],"product_cat":[34],"product_tag":[],"class_list":{"0":"post-10448","1":"product","2":"type-product","3":"status-publish","4":"has-post-thumbnail","6":"product_cat-mikro-iluzja-close-up-inne","8":"first","9":"instock","10":"purchasable","11":"product-type-simple"},"_links":{"self":[{"href":"https:\/\/magiiik.netstory.com.pl\/index.php?rest_route=\/wp\/v2\/product\/10448","targetHints":{"allow":["GET"]}}],"collection":[{"href":"https:\/\/magiiik.netstory.com.pl\/index.php?rest_route=\/wp\/v2\/product"}],"about":[{"href":"https:\/\/magiiik.netstory.com.pl\/index.php?rest_route=\/wp\/v2\/types\/product"}],"replies":[{"embeddable":true,"href":"https:\/\/magiiik.netstory.com.pl\/index.php?rest_route=%2Fwp%2Fv2%2Fcomments&post=10448"}],"wp:featuredmedia":[{"embeddable":true,"href":"https:\/\/magiiik.netstory.com.pl\/index.php?rest_route=\/wp\/v2\/media\/10449"}],"wp:attachment":[{"href":"https:\/\/magiiik.netstory.com.pl\/index.php?rest_route=%2Fwp%2Fv2%2Fmedia&parent=10448"}],"wp:term":[{"taxonomy":"product_brand","embeddable":true,"href":"https:\/\/magiiik.netstory.com.pl\/index.php?rest_route=%2Fwp%2Fv2%2Fproduct_brand&post=10448"},{"taxonomy":"product_cat","embeddable":true,"href":"https:\/\/magiiik.netstory.com.pl\/index.php?rest_route=%2Fwp%2Fv2%2Fproduct_cat&post=10448"},{"taxonomy":"product_tag","embeddable":true,"href":"https:\/\/magiiik.netstory.com.pl\/index.php?rest_route=%2Fwp%2Fv2%2Fproduct_tag&post=10448"}],"curies":[{"name":"wp","href":"https:\/\/api.w.org\/{rel}","templated":true}]}}