{"id":10443,"date":"2025-09-19T13:37:54","date_gmt":"2025-09-19T11:37:54","guid":{"rendered":"https:\/\/magiiik.netstory.com.pl\/produkt\/fire-cage-aluminium-by-magiiik-pl\/"},"modified":"2025-09-19T13:39:22","modified_gmt":"2025-09-19T11:39:22","slug":"fire-cage-aluminium-by-magiiik-pl","status":"publish","type":"product","link":"https:\/\/magiiik.netstory.com.pl\/?product=fire-cage-aluminium-by-magiiik-pl","title":{"rendered":"Fire Cage (aluminium) by magiiik.pl"},"content":{"rendered":"<p style=\"text-align: center;\"><strong><span style=\"font-size: 12pt; font-family: arial, helvetica, sans-serif;\">Jedna z bardziej popularnych iluzji w ostatnich latach ju\u017c dost\u0119pna w naszym sklepie!<\/span><\/strong><\/p>\n<p style=\"text-align: center;\"><span style=\"font-size: 12pt; font-family: arial, helvetica, sans-serif;\">Na scen\u0119 wje\u017cd\u017ca wielka klatka, kt\u00f3r\u0105 iluzjonista dok\u0142adnie prezentuje widzom. Ka\u017cdy dok\u0142adnie widzi, \u017ce w klatce nic nie ma. W jednej chwili magik nakrywa klatk\u0119 wielk\u0105 &#8222;p\u0142acht\u0105&#8221;. \u015aci\u0105gaj\u0105c j\u0105 prezentuje nam si\u0119 pi\u0119kna asystentka!\u00a0<\/span><\/p>\n<p style=\"text-align: center;\"><span style=\"font-size: 12pt; font-family: arial, helvetica, sans-serif;\">To idealna iluzja na otwarcie swojego wielkiego show magicznego. Tak &#8222;wyczarowan\u0105&#8221; asystentk\u0119 mo\u017cemy zaprosi\u0107 do kolejnych efekt\u00f3w.\u00a0<\/span><\/p>\n<p style=\"text-align: center;\">\u00a0<\/p>\n<p style=\"text-align: center;\"><strong><span style=\"font-size: 12pt; font-family: arial, helvetica, sans-serif;\">W zestawie:<\/span><\/strong><\/p>\n<p style=\"text-align: center;\"><span style=\"font-size: 12pt; font-family: arial, helvetica, sans-serif;\">&#8211; ca\u0142kowicie rozk\u0142adana klatka z aluminium;<\/span><\/p>\n<p style=\"text-align: center;\"><span style=\"font-size: 12pt; font-family: arial, helvetica, sans-serif;\">&#8211; materia\u0142 na klatk\u0119 w bordowym kolorze.<\/span><\/p>\n<p style=\"text-align: center;\">\u00a0<\/p>\n<p style=\"color: #111111; font-size: 13px; font-family: &quot;&quot;; text-align: center;\"><strong><span style=\"color: #ff0000; font-size: 12pt; font-family: arial, helvetica, sans-serif;\">UWAGA!<\/span><\/strong><\/p>\n<p style=\"color: #111111; font-size: 13px; font-family: &quot;&quot;; text-align: center;\"><strong><span style=\"color: #ff0000; font-size: 12pt; font-family: arial, helvetica, sans-serif;\">Zakup skrzyni TYLKO w sklepie stacjonarnym magiiik.pl<\/span><\/strong><\/p>\n<p style=\"color: #111111; font-size: 13px; font-family: &quot;&quot;; text-align: center;\"><strong><span style=\"color: #ff0000; font-size: 12pt; font-family: arial, helvetica, sans-serif;\">Produkt jest NOWY, NIEU\u017bYWANY!<\/span><\/strong><\/p>\n<p style=\"color: #111111; font-size: 13px; font-family: &quot;&quot;; text-align: center;\"><strong><span style=\"color: #ff0000; font-size: 12pt; font-family: arial, helvetica, sans-serif;\">Klient po zakupie otrzymuje faktur\u0119\u00a0<\/span><\/strong><\/p>\n<p style=\"color: #111111; font-size: 13px; font-family: &quot;&quot;; text-align: center;\"><strong><span style=\"font-size: 12pt; font-family: arial, helvetica, sans-serif;\">\u00a0<\/span><\/strong><\/p>\n<p style=\"color: #111111; font-size: 13px; font-family: &quot;&quot;; text-align: center;\"><strong><span style=\"font-size: 12pt; font-family: arial, helvetica, sans-serif;\">Polecamy,<\/span><\/strong><\/p>\n<p style=\"color: #111111; font-size: 13px; font-family: &quot;&quot;; text-align: center;\"><strong><span style=\"font-size: 12pt; font-family: arial, helvetica, sans-serif;\">magiiik.pl<\/span><\/strong><\/p>\n<p>\u00a0<\/p>\n","protected":false},"excerpt":{"rendered":"<p><strong>Fire Cage (aluminium) by magiiik.pl<\/strong><\/p>\n","protected":false},"featured_media":10444,"comment_status":"closed","ping_status":"open","template":"","meta":[],"product_brand":[],"product_cat":[69],"product_tag":[],"class_list":{"0":"post-10443","1":"product","2":"type-product","3":"status-publish","4":"has-post-thumbnail","6":"product_cat-iluzja-sceniczna-duze-iluzje","8":"first","9":"instock","10":"purchasable","11":"product-type-simple"},"_links":{"self":[{"href":"https:\/\/magiiik.netstory.com.pl\/index.php?rest_route=\/wp\/v2\/product\/10443","targetHints":{"allow":["GET"]}}],"collection":[{"href":"https:\/\/magiiik.netstory.com.pl\/index.php?rest_route=\/wp\/v2\/product"}],"about":[{"href":"https:\/\/magiiik.netstory.com.pl\/index.php?rest_route=\/wp\/v2\/types\/product"}],"replies":[{"embeddable":true,"href":"https:\/\/magiiik.netstory.com.pl\/index.php?rest_route=%2Fwp%2Fv2%2Fcomments&post=10443"}],"wp:featuredmedia":[{"embeddable":true,"href":"https:\/\/magiiik.netstory.com.pl\/index.php?rest_route=\/wp\/v2\/media\/10444"}],"wp:attachment":[{"href":"https:\/\/magiiik.netstory.com.pl\/index.php?rest_route=%2Fwp%2Fv2%2Fmedia&parent=10443"}],"wp:term":[{"taxonomy":"product_brand","embeddable":true,"href":"https:\/\/magiiik.netstory.com.pl\/index.php?rest_route=%2Fwp%2Fv2%2Fproduct_brand&post=10443"},{"taxonomy":"product_cat","embeddable":true,"href":"https:\/\/magiiik.netstory.com.pl\/index.php?rest_route=%2Fwp%2Fv2%2Fproduct_cat&post=10443"},{"taxonomy":"product_tag","embeddable":true,"href":"https:\/\/magiiik.netstory.com.pl\/index.php?rest_route=%2Fwp%2Fv2%2Fproduct_tag&post=10443"}],"curies":[{"name":"wp","href":"https:\/\/api.w.org\/{rel}","templated":true}]}}