{"id":10382,"date":"2025-09-19T13:37:54","date_gmt":"2025-09-19T11:37:54","guid":{"rendered":"https:\/\/magiiik.netstory.com.pl\/produkt\/professional-sands-of-desert-by-luis-de-matos\/"},"modified":"2025-09-19T13:38:13","modified_gmt":"2025-09-19T11:38:13","slug":"professional-sands-of-desert-by-luis-de-matos","status":"publish","type":"product","link":"https:\/\/magiiik.netstory.com.pl\/?product=professional-sands-of-desert-by-luis-de-matos","title":{"rendered":"Professional Sands of Desert by Luis de Matos"},"content":{"rendered":"<p style=\"text-align: center;\"><span style=\"font-size: 12pt; font-family: arial, helvetica, sans-serif;\"><strong>Luis de Matos<\/strong> w ko\u0144cu wyda\u0142 swoj\u0105 unikaln\u0105 wersj\u0119 klasycznego &#8222;<strong>Sands od Desert<\/strong>&#8222;!\u00a0<\/span><\/p>\n<p style=\"text-align: center;\"><span style=\"font-size: 12pt; font-family: arial, helvetica, sans-serif;\">Ten produkt jest tak wyj\u0105tkowy, \u017ce jest tylko dla jednostek magicznego \u015bwiata! Jego liczba jest bardzo ograniczona w sprzeda\u017cy!<\/span><\/p>\n<p style=\"text-align: center;\"><span style=\"font-size: 12pt; font-family: arial, helvetica, sans-serif;\">Na scenie stoi, przepi\u0119knie prezentuj\u0105ca si\u0119 waza wype\u0142niona wod\u0105. Iluzjonista wk\u0142ada d\u0142onie do wody, a ta w mgnieniu oka zamienia si\u0119 w czarn\u0105. Nast\u0119pnie wsypuje trzy kubki kolorowych piask\u00f3w &#8211; niebieski, czerwony i \u017c\u00f3\u0142ty. Piasek jest zmieszany z wod\u0105.\u00a0<\/span><\/p>\n<p style=\"text-align: center;\"><span style=\"font-size: 12pt; font-family: arial, helvetica, sans-serif;\">Wykonawca si\u0119ga do wody i wyci\u0105ga wyizolowany niebieski piasek&#8230; Jest ca\u0142kowicie suchy! Przesypuje piasek z jednej d\u0142oni do drugiej! Teraz wyci\u0105ga piasek czerwony i \u017c\u00f3\u0142ty. Oba s\u0105 suche! Teraz najlepsze &#8211; magik wk\u0142ada zn\u00f3w r\u0119ce do wody, miesza i ku zaskoczeniu wszystkich woda zn\u00f3w staje si\u0119 prze\u017aroczysta!\u00a0<\/span><\/p>\n<p style=\"text-align: center;\"><span style=\"font-size: 12pt; font-family: arial, helvetica, sans-serif;\"><iframe loading=\"lazy\" src=\"\/\/www.youtube.com\/embed\/FQD1_rT2NIM\" width=\"600\" height=\"350\"><\/iframe><\/span><\/p>\n<p style=\"text-align: center;\">\u00a0<\/p>\n<p style=\"text-align: center;\"><span style=\"color: #ff0000;\"><strong><span style=\"font-size: 12pt; font-family: arial, helvetica, sans-serif;\">UWAGA!<\/span><\/strong><\/span><\/p>\n<p style=\"text-align: center;\"><span style=\"color: #ff0000;\"><strong><span style=\"font-size: 12pt; font-family: arial, helvetica, sans-serif;\">Rekwizyt jest przesy\u0142amy w wielkiej, dobrze zabezpieczonej walizce.<\/span><\/strong><\/span><\/p>\n<p style=\"text-align: center;\">\u00a0<\/p>\n<p style=\"text-align: center;\"><strong><span style=\"font-size: 12pt; font-family: arial, helvetica, sans-serif;\">Polecamy,<\/span><\/strong><\/p>\n<p style=\"text-align: center;\"><strong><span style=\"font-size: 12pt; font-family: arial, helvetica, sans-serif;\">magiiik.pl<\/span><\/strong><\/p>\n","protected":false},"excerpt":{"rendered":"<p><strong>Professional Sands of Desert by Luis de Matos\u00a0<\/strong><\/p>\n","protected":false},"featured_media":10383,"comment_status":"closed","ping_status":"open","template":"","meta":[],"product_brand":[],"product_cat":[65],"product_tag":[],"class_list":{"0":"post-10382","1":"product","2":"type-product","3":"status-publish","4":"has-post-thumbnail","6":"product_cat-iluzja-sceniczna-iluzja-sceniczna","8":"first","9":"instock","10":"purchasable","11":"product-type-simple"},"_links":{"self":[{"href":"https:\/\/magiiik.netstory.com.pl\/index.php?rest_route=\/wp\/v2\/product\/10382","targetHints":{"allow":["GET"]}}],"collection":[{"href":"https:\/\/magiiik.netstory.com.pl\/index.php?rest_route=\/wp\/v2\/product"}],"about":[{"href":"https:\/\/magiiik.netstory.com.pl\/index.php?rest_route=\/wp\/v2\/types\/product"}],"replies":[{"embeddable":true,"href":"https:\/\/magiiik.netstory.com.pl\/index.php?rest_route=%2Fwp%2Fv2%2Fcomments&post=10382"}],"wp:featuredmedia":[{"embeddable":true,"href":"https:\/\/magiiik.netstory.com.pl\/index.php?rest_route=\/wp\/v2\/media\/10383"}],"wp:attachment":[{"href":"https:\/\/magiiik.netstory.com.pl\/index.php?rest_route=%2Fwp%2Fv2%2Fmedia&parent=10382"}],"wp:term":[{"taxonomy":"product_brand","embeddable":true,"href":"https:\/\/magiiik.netstory.com.pl\/index.php?rest_route=%2Fwp%2Fv2%2Fproduct_brand&post=10382"},{"taxonomy":"product_cat","embeddable":true,"href":"https:\/\/magiiik.netstory.com.pl\/index.php?rest_route=%2Fwp%2Fv2%2Fproduct_cat&post=10382"},{"taxonomy":"product_tag","embeddable":true,"href":"https:\/\/magiiik.netstory.com.pl\/index.php?rest_route=%2Fwp%2Fv2%2Fproduct_tag&post=10382"}],"curies":[{"name":"wp","href":"https:\/\/api.w.org\/{rel}","templated":true}]}}