{"id":10376,"date":"2025-09-19T13:37:54","date_gmt":"2025-09-19T11:37:54","guid":{"rendered":"https:\/\/magiiik.netstory.com.pl\/produkt\/invisible-deck-bicycle-green-zielony\/"},"modified":"2025-09-19T13:38:06","modified_gmt":"2025-09-19T11:38:06","slug":"invisible-deck-bicycle-green-zielony","status":"publish","type":"product","link":"https:\/\/magiiik.netstory.com.pl\/?product=invisible-deck-bicycle-green-zielony","title":{"rendered":"Invisible Deck Bicycle (Green, zielony)"},"content":{"rendered":"<p style=\"text-align: center;\"><span style=\"color: #808080;\"><strong><span style=\"font-size: 14pt; font-family: arial, helvetica, sans-serif;\">Niesamowite talia kart Bicycle, kt\u00f3ra pozwala na prawdziwe magiczne cuda!<\/span><\/strong><\/span><\/p>\n<p style=\"text-align: center;\"><span style=\"font-size: 12pt; font-family: arial, helvetica, sans-serif;\">Widz wybiera jedn\u0105 kart\u0119 z talii, kt\u00f3ra natychmiast jako jedyna jest odwr\u00f3cona koszulk\u0105 do g\u00f3ry!\u00a0<\/span><\/p>\n<p style=\"text-align: center;\"><span style=\"font-size: 12pt; font-family: arial, helvetica, sans-serif;\">Z t\u0105 tali\u0105 masz niezliczon\u0105 ilo\u015b\u0107 mo\u017cliwo\u015bci i zastosowa\u0144.\u00a0<\/span><\/p>\n<p style=\"text-align: center;\"><span style=\"font-size: 12pt; font-family: arial, helvetica, sans-serif;\">Zawiera dok\u0142adne, ilustrowane instrukcje Mistrza \u015awiata DARYL&#8217;a.<\/span><\/p>\n<p style=\"text-align: center;\">\u00a0<\/p>\n<p style=\"text-align: center;\"><strong><span style=\"font-size: 12pt; font-family: arial, helvetica, sans-serif;\">UWAGA!<\/span><\/strong><\/p>\n<p style=\"text-align: center;\"><strong><span style=\"font-size: 12pt; font-family: arial, helvetica, sans-serif;\">W naszym sklepie znajdziesz r\u00f3wnie\u017c DVD Daryl&#8217;a z najlepszymi efektami przy wykorzystaniu Invisible Deck!\u00a0<a href=\"\/pl\/p\/Essential-in-Magic-INVISIBLE-DECK-DVD\/235\">KUP TUTAJ<\/a><\/span><\/strong><\/p>\n<p style=\"text-align: center;\">\u00a0<\/p>\n<p style=\"text-align: center;\"><strong><span style=\"font-size: 12pt; font-family: arial, helvetica, sans-serif;\">Polecamy,<\/span><\/strong><\/p>\n<p style=\"text-align: center;\"><strong><span style=\"font-size: 12pt; font-family: arial, helvetica, sans-serif;\">magiiik.pl<\/span><\/strong><\/p>\n","protected":false},"excerpt":{"rendered":"<p><strong>Invisible Deck Bicycle (Green)<\/strong><\/p>\n","protected":false},"featured_media":10377,"comment_status":"closed","ping_status":"open","template":"","meta":[],"product_brand":[],"product_cat":[51],"product_tag":[],"class_list":{"0":"post-10376","1":"product","2":"type-product","3":"status-publish","4":"has-post-thumbnail","6":"product_cat-mikro-iluzja-close-up-karty-trickowe","8":"first","9":"instock","10":"purchasable","11":"product-type-simple"},"_links":{"self":[{"href":"https:\/\/magiiik.netstory.com.pl\/index.php?rest_route=\/wp\/v2\/product\/10376","targetHints":{"allow":["GET"]}}],"collection":[{"href":"https:\/\/magiiik.netstory.com.pl\/index.php?rest_route=\/wp\/v2\/product"}],"about":[{"href":"https:\/\/magiiik.netstory.com.pl\/index.php?rest_route=\/wp\/v2\/types\/product"}],"replies":[{"embeddable":true,"href":"https:\/\/magiiik.netstory.com.pl\/index.php?rest_route=%2Fwp%2Fv2%2Fcomments&post=10376"}],"wp:featuredmedia":[{"embeddable":true,"href":"https:\/\/magiiik.netstory.com.pl\/index.php?rest_route=\/wp\/v2\/media\/10377"}],"wp:attachment":[{"href":"https:\/\/magiiik.netstory.com.pl\/index.php?rest_route=%2Fwp%2Fv2%2Fmedia&parent=10376"}],"wp:term":[{"taxonomy":"product_brand","embeddable":true,"href":"https:\/\/magiiik.netstory.com.pl\/index.php?rest_route=%2Fwp%2Fv2%2Fproduct_brand&post=10376"},{"taxonomy":"product_cat","embeddable":true,"href":"https:\/\/magiiik.netstory.com.pl\/index.php?rest_route=%2Fwp%2Fv2%2Fproduct_cat&post=10376"},{"taxonomy":"product_tag","embeddable":true,"href":"https:\/\/magiiik.netstory.com.pl\/index.php?rest_route=%2Fwp%2Fv2%2Fproduct_tag&post=10376"}],"curies":[{"name":"wp","href":"https:\/\/api.w.org\/{rel}","templated":true}]}}