{"id":10367,"date":"2025-09-19T13:37:54","date_gmt":"2025-09-19T11:37:54","guid":{"rendered":"https:\/\/magiiik.netstory.com.pl\/produkt\/magic-spinner-2-0-by-happy-bond-lee-magic-8\/"},"modified":"2025-09-19T13:37:54","modified_gmt":"2025-09-19T11:37:54","slug":"magic-spinner-2-0-by-happy-bond-lee-magic-8","status":"publish","type":"product","link":"https:\/\/magiiik.netstory.com.pl\/?product=magic-spinner-2-0-by-happy-bond-lee-magic-8","title":{"rendered":"Magic Spinner 2.0 by Happy, Bond Lee &#038; Magic 8"},"content":{"rendered":"<p style=\"text-align: center;\"><strong><span style=\"font-size: 12pt; font-family: arial, helvetica, sans-serif;\">Magic Spinner jest jeszcze lepszy!<\/span><\/strong><\/p>\n<p style=\"text-align: center;\"><span style=\"font-size: 12pt; font-family: arial, helvetica, sans-serif;\">Teraz ulepszona wersja tego rekwizytu pozwala magikom prezentowa\u0107 dowoln\u0105 wiadomo\u015b\u0107 dla widza!\u00a0<\/span><\/p>\n<p>\u00a0<\/p>\n<p><span style=\"font-size: 12pt; font-family: arial, helvetica, sans-serif;\">&#8211; wykonuj niesamowite mentalne czary!<\/span><\/p>\n<p><span style=\"font-size: 12pt; font-family: arial, helvetica, sans-serif;\">&#8211; prezentuj prognozy w niemo\u017cliwy spos\u00f3b!<\/span><\/p>\n<p><span style=\"font-size: 12pt; font-family: arial, helvetica, sans-serif;\">&#8211; \u0142atwe do wykonania!<\/span><\/p>\n<p><span style=\"font-size: 12pt; font-family: arial, helvetica, sans-serif;\">&#8211; niezwykle wizualne!<\/span><\/p>\n<p><span style=\"font-size: 12pt; font-family: arial, helvetica, sans-serif;\">&#8211; nieko\u0144cz\u0105ce si\u0119 mo\u017cliwo\u015bci!<\/span><\/p>\n<p>\u00a0<\/p>\n<p><strong><span style=\"font-size: 12pt; font-family: arial, helvetica, sans-serif; color: #808080;\">Najlepsze w tym produkcie jest to, \u017ce zaczynasz czysto i ko\u0144czysz czysto ten efekt!<\/span><\/strong><\/p>\n<p><span style=\"font-size: 12pt; font-family: arial, helvetica, sans-serif;\">Dajesz widzowi do sprawdzenia spinnera, kt\u00f3ry ma zapalone diody LED. Widz wybiera dowoln\u0105 kart\u0119. Iluzjonista zaczyna kr\u0119ci\u0107 spinnera&#8230; Na razie diody nie wy\u015bwietlaj\u0105 nic nadzwyczajnego. Ale nagle wybrana przez widza karta zaczyna si\u0119 pojawia\u0107 w polu \u015bwiat\u0142a&#8230;! Po tricku zn\u00f3w mo\u017cna da\u0107 widzowi zabawk\u0119 do sprawdzenia, ale symbol karty ju\u017c si\u0119 nie wy\u015bwietla&#8230;\u00a0<\/span><\/p>\n<p style=\"text-align: center;\"><span style=\"font-size: 12pt; font-family: arial, helvetica, sans-serif;\"><iframe loading=\"lazy\" src=\"\/\/www.youtube.com\/embed\/aRUdO9dyG-8\" width=\"600\" height=\"350\"><\/iframe><\/span><\/p>\n<p style=\"text-align: center;\"><strong><span style=\"font-size: 12pt; font-family: arial, helvetica, sans-serif;\">Polecamy,<\/span><\/strong><\/p>\n<p style=\"text-align: center;\"><strong><span style=\"font-size: 12pt; font-family: arial, helvetica, sans-serif;\">magiiik.pl<\/span><\/strong><\/p>\n","protected":false},"excerpt":{"rendered":"<p><strong>Magic Spinner 2.0 by Happy, Bond Lee &amp; Magic 8\u00a0<\/strong><\/p>\n","protected":false},"featured_media":10368,"comment_status":"closed","ping_status":"open","template":"","meta":[],"product_brand":[],"product_cat":[41],"product_tag":[],"class_list":{"0":"post-10367","1":"product","2":"type-product","3":"status-publish","4":"has-post-thumbnail","6":"product_cat-mikro-iluzja-close-up-efekty-z-kartami","8":"first","9":"instock","10":"purchasable","11":"product-type-simple"},"_links":{"self":[{"href":"https:\/\/magiiik.netstory.com.pl\/index.php?rest_route=\/wp\/v2\/product\/10367","targetHints":{"allow":["GET"]}}],"collection":[{"href":"https:\/\/magiiik.netstory.com.pl\/index.php?rest_route=\/wp\/v2\/product"}],"about":[{"href":"https:\/\/magiiik.netstory.com.pl\/index.php?rest_route=\/wp\/v2\/types\/product"}],"replies":[{"embeddable":true,"href":"https:\/\/magiiik.netstory.com.pl\/index.php?rest_route=%2Fwp%2Fv2%2Fcomments&post=10367"}],"wp:featuredmedia":[{"embeddable":true,"href":"https:\/\/magiiik.netstory.com.pl\/index.php?rest_route=\/wp\/v2\/media\/10368"}],"wp:attachment":[{"href":"https:\/\/magiiik.netstory.com.pl\/index.php?rest_route=%2Fwp%2Fv2%2Fmedia&parent=10367"}],"wp:term":[{"taxonomy":"product_brand","embeddable":true,"href":"https:\/\/magiiik.netstory.com.pl\/index.php?rest_route=%2Fwp%2Fv2%2Fproduct_brand&post=10367"},{"taxonomy":"product_cat","embeddable":true,"href":"https:\/\/magiiik.netstory.com.pl\/index.php?rest_route=%2Fwp%2Fv2%2Fproduct_cat&post=10367"},{"taxonomy":"product_tag","embeddable":true,"href":"https:\/\/magiiik.netstory.com.pl\/index.php?rest_route=%2Fwp%2Fv2%2Fproduct_tag&post=10367"}],"curies":[{"name":"wp","href":"https:\/\/api.w.org\/{rel}","templated":true}]}}