{"id":10354,"date":"2025-09-19T13:37:02","date_gmt":"2025-09-19T11:37:02","guid":{"rendered":"https:\/\/magiiik.netstory.com.pl\/produkt\/holely-change-dvd-and-gimmicks-by-sansminds-creative-lab\/"},"modified":"2025-09-19T13:37:39","modified_gmt":"2025-09-19T11:37:39","slug":"holely-change-dvd-and-gimmicks-by-sansminds-creative-lab","status":"publish","type":"product","link":"https:\/\/magiiik.netstory.com.pl\/?product=holely-change-dvd-and-gimmicks-by-sansminds-creative-lab","title":{"rendered":"Holely Change (DVD and Gimmicks) by SansMinds Creative Lab"},"content":{"rendered":"<p style=\"text-align: center;\"><span style=\"font-size: 12pt; font-family: arial, helvetica, sans-serif;\">6 lat temu<strong> Holely Change<\/strong> zdominowa\u0142 japo\u0144ski rynek magiczny.\u00a0<\/span><\/p>\n<p style=\"text-align: center;\"><span style=\"font-size: 12pt; font-family: arial, helvetica, sans-serif;\">Teraz, po 6 latach prezentujemy ten osza\u0142amiaj\u0105cy efekt w Europie! <span style=\"color: #808080;\"><strong>Trick jest tak genialny, \u017ce Twoi widzowie go po prostu nie zapomn\u0105!<\/strong><\/span><\/span><\/p>\n<p style=\"text-align: center;\"><span style=\"font-size: 12pt; font-family: arial, helvetica, sans-serif;\">Umieszczasz podpisan\u0105 kart\u0119 pomi\u0119dzy dwoma kartami z otworami, aby by\u0142a ca\u0142y czas widoczna. W mgnieniu oka koszulka podpisanej karty zmienia kolor!<\/span><\/p>\n<p style=\"text-align: center;\"><span style=\"font-size: 12pt; font-family: arial, helvetica, sans-serif;\">Dzi\u0119ki <strong>Holely Change<\/strong> zawsze b\u0119dziesz got\u00f3w przyci\u0105gn\u0105\u0107 wok\u00f3\u0142 siebie t\u0142umy! Trick jest prosty do wykonania i ca\u0142kowicie czysty.<\/span><\/p>\n<p style=\"text-align: center;\"><span style=\"font-size: 12pt; font-family: arial, helvetica, sans-serif;\"><iframe loading=\"lazy\" src=\"\/\/www.youtube.com\/embed\/VQWS-MJ6wV0\" width=\"600\" height=\"350\"><\/iframe><\/span><\/p>\n<p style=\"text-align: center;\"><strong><span style=\"font-size: 12pt; font-family: arial, helvetica, sans-serif; color: #000000; background-color: #ff0000;\">UWAGA!<\/span><\/strong><\/p>\n<p style=\"text-align: center;\"><strong><span style=\"font-size: 12pt; font-family: arial, helvetica, sans-serif; color: #000000; background-color: #ff0000;\">Prawa telewizyjne NIE s\u0105 do\u0142\u0105czone do zestawu. Skontaktuj si\u0119 z SansMins, aby uzyska\u0107 prawo do wykonywania tego tricku <\/span><\/strong><\/p>\n<p style=\"text-align: center;\"><strong><span style=\"font-size: 12pt; font-family: arial, helvetica, sans-serif; color: #000000; background-color: #ff0000;\">w TV.<\/span><\/strong><\/p>\n<p style=\"text-align: center;\">\u00a0<\/p>\n<p style=\"text-align: center;\"><strong><span style=\"font-size: 12pt; font-family: arial, helvetica, sans-serif;\">Polecamy,<\/span><\/strong><\/p>\n<p style=\"text-align: center;\"><strong><span style=\"font-size: 12pt; font-family: arial, helvetica, sans-serif;\">magiiik.pl<\/span><\/strong><\/p>\n","protected":false},"excerpt":{"rendered":"<p><strong>Holely Change (DVD and Gimmicks) by SansMinds Creative Lab\u00a0<\/strong><\/p>\n","protected":false},"featured_media":10355,"comment_status":"closed","ping_status":"open","template":"","meta":[],"product_brand":[],"product_cat":[54],"product_tag":[],"class_list":{"0":"post-10354","1":"product","2":"type-product","3":"status-publish","4":"has-post-thumbnail","6":"product_cat-ksiazki-dvd-download-sansminds","8":"first","9":"instock","10":"purchasable","11":"product-type-simple"},"_links":{"self":[{"href":"https:\/\/magiiik.netstory.com.pl\/index.php?rest_route=\/wp\/v2\/product\/10354","targetHints":{"allow":["GET"]}}],"collection":[{"href":"https:\/\/magiiik.netstory.com.pl\/index.php?rest_route=\/wp\/v2\/product"}],"about":[{"href":"https:\/\/magiiik.netstory.com.pl\/index.php?rest_route=\/wp\/v2\/types\/product"}],"replies":[{"embeddable":true,"href":"https:\/\/magiiik.netstory.com.pl\/index.php?rest_route=%2Fwp%2Fv2%2Fcomments&post=10354"}],"wp:featuredmedia":[{"embeddable":true,"href":"https:\/\/magiiik.netstory.com.pl\/index.php?rest_route=\/wp\/v2\/media\/10355"}],"wp:attachment":[{"href":"https:\/\/magiiik.netstory.com.pl\/index.php?rest_route=%2Fwp%2Fv2%2Fmedia&parent=10354"}],"wp:term":[{"taxonomy":"product_brand","embeddable":true,"href":"https:\/\/magiiik.netstory.com.pl\/index.php?rest_route=%2Fwp%2Fv2%2Fproduct_brand&post=10354"},{"taxonomy":"product_cat","embeddable":true,"href":"https:\/\/magiiik.netstory.com.pl\/index.php?rest_route=%2Fwp%2Fv2%2Fproduct_cat&post=10354"},{"taxonomy":"product_tag","embeddable":true,"href":"https:\/\/magiiik.netstory.com.pl\/index.php?rest_route=%2Fwp%2Fv2%2Fproduct_tag&post=10354"}],"curies":[{"name":"wp","href":"https:\/\/api.w.org\/{rel}","templated":true}]}}