{"id":10336,"date":"2025-09-19T13:37:02","date_gmt":"2025-09-19T11:37:02","guid":{"rendered":"https:\/\/magiiik.netstory.com.pl\/produkt\/ring-off-spoon-by-mr-magic\/"},"modified":"2025-09-19T13:37:23","modified_gmt":"2025-09-19T11:37:23","slug":"ring-off-spoon-by-mr-magic","status":"publish","type":"product","link":"https:\/\/magiiik.netstory.com.pl\/?product=ring-off-spoon-by-mr-magic","title":{"rendered":"Ring Off Spoon by Mr. Magic"},"content":{"rendered":"<p style=\"text-align: center;\"><span style=\"font-size: 12pt; font-family: arial, helvetica, sans-serif;\">Prezentujesz \u0142y\u017ceczk\u0119 do herbaty, na kt\u00f3r\u0105 nak\u0142adasz pier\u015bcionek. Jest on tak ma\u0142y, \u017ce nie ma mo\u017cliwo\u015bci, aby przeszed\u0142 przez grubsz\u0105 cz\u0119\u015b\u0107 \u0142y\u017cki. Zakrywasz pier\u015bcionek chusteczk\u0105 i prosisz swojego widza, aby przytrzyma\u0142 ko\u0144c\u00f3wk\u0119 \u0142y\u017ceczki. Ku zaskoczeniu widz\u00f3w, pier\u015bcionek uwalania si\u0119 i przenika przez \u0142y\u017ck\u0119!\u00a0<\/span><\/p>\n<p style=\"text-align: center;\"><strong><span style=\"font-size: 12pt; font-family: arial, helvetica, sans-serif;\">Polecamy,<\/span><\/strong><\/p>\n<p style=\"text-align: center;\"><strong><span style=\"font-size: 12pt; font-family: arial, helvetica, sans-serif;\">magiiik.pl<\/span><\/strong><\/p>\n<p>\u00a0<\/p>\n","protected":false},"excerpt":{"rendered":"<p><strong>Ring Off Spoon by Mr. Magic\u00a0<\/strong><\/p>\n","protected":false},"featured_media":10337,"comment_status":"closed","ping_status":"open","template":"","meta":[],"product_brand":[],"product_cat":[34],"product_tag":[],"class_list":{"0":"post-10336","1":"product","2":"type-product","3":"status-publish","4":"has-post-thumbnail","6":"product_cat-mikro-iluzja-close-up-inne","8":"first","9":"instock","10":"purchasable","11":"product-type-simple"},"_links":{"self":[{"href":"https:\/\/magiiik.netstory.com.pl\/index.php?rest_route=\/wp\/v2\/product\/10336","targetHints":{"allow":["GET"]}}],"collection":[{"href":"https:\/\/magiiik.netstory.com.pl\/index.php?rest_route=\/wp\/v2\/product"}],"about":[{"href":"https:\/\/magiiik.netstory.com.pl\/index.php?rest_route=\/wp\/v2\/types\/product"}],"replies":[{"embeddable":true,"href":"https:\/\/magiiik.netstory.com.pl\/index.php?rest_route=%2Fwp%2Fv2%2Fcomments&post=10336"}],"wp:featuredmedia":[{"embeddable":true,"href":"https:\/\/magiiik.netstory.com.pl\/index.php?rest_route=\/wp\/v2\/media\/10337"}],"wp:attachment":[{"href":"https:\/\/magiiik.netstory.com.pl\/index.php?rest_route=%2Fwp%2Fv2%2Fmedia&parent=10336"}],"wp:term":[{"taxonomy":"product_brand","embeddable":true,"href":"https:\/\/magiiik.netstory.com.pl\/index.php?rest_route=%2Fwp%2Fv2%2Fproduct_brand&post=10336"},{"taxonomy":"product_cat","embeddable":true,"href":"https:\/\/magiiik.netstory.com.pl\/index.php?rest_route=%2Fwp%2Fv2%2Fproduct_cat&post=10336"},{"taxonomy":"product_tag","embeddable":true,"href":"https:\/\/magiiik.netstory.com.pl\/index.php?rest_route=%2Fwp%2Fv2%2Fproduct_tag&post=10336"}],"curies":[{"name":"wp","href":"https:\/\/api.w.org\/{rel}","templated":true}]}}