{"id":10326,"date":"2025-09-19T13:37:02","date_gmt":"2025-09-19T11:37:02","guid":{"rendered":"https:\/\/magiiik.netstory.com.pl\/produkt\/magic-tea-pot-magiczny-czajnik-deluxe-by-mr-magic\/"},"modified":"2025-09-19T13:37:15","modified_gmt":"2025-09-19T11:37:15","slug":"magic-tea-pot-magiczny-czajnik-deluxe-by-mr-magic","status":"publish","type":"product","link":"https:\/\/magiiik.netstory.com.pl\/?product=magic-tea-pot-magiczny-czajnik-deluxe-by-mr-magic","title":{"rendered":"Magic Tea Pot (magiczny czajnik) (Deluxe) by Mr. Magic"},"content":{"rendered":"<p style=\"text-align: center;\"><span style=\"color: #808080;\"><strong><span style=\"font-size: 12pt; font-family: arial, helvetica, sans-serif;\">To bardzo ciekawy efekt magiczny, kt\u00f3ry na pewno zaszokuje Twoj\u0105 publiczno\u015b\u0107!<\/span><\/strong><\/span><\/p>\n<p style=\"text-align: center;\"><span style=\"font-size: 12pt; font-family: arial, helvetica, sans-serif;\">Prezentujesz ma\u0142y czajniczek i 5 r\u00f3\u017cnych szklanek. Nape\u0142niasz ka\u017cd\u0105 z nich i ku zdziwieniu widz\u00f3w do ka\u017cdej szklanki leci innego koloru p\u0142yn! Ale to nie koniec! Teraz mo\u017cesz otworzy\u0107 czajniczek i&#8230; pokaza\u0107, \u017ce w \u015brodku znajduj\u0105 si\u0119 tylko kolorowe chusteczki!\u00a0<\/span><\/p>\n<p style=\"text-align: center;\"><strong><span style=\"font-size: 12pt; font-family: arial, helvetica, sans-serif;\">Polecamy,<\/span><\/strong><\/p>\n<p style=\"text-align: center;\"><strong><span style=\"font-size: 12pt; font-family: arial, helvetica, sans-serif;\">magiiik.pl<\/span><\/strong><\/p>\n","protected":false},"excerpt":{"rendered":"<p><strong>Magic Tea Pot (Deluxe) by Mr. Magic\u00a0<\/strong><\/p>\n","protected":false},"featured_media":10327,"comment_status":"closed","ping_status":"open","template":"","meta":[],"product_brand":[],"product_cat":[18],"product_tag":[],"class_list":{"0":"post-10326","1":"product","2":"type-product","3":"status-publish","4":"has-post-thumbnail","6":"product_cat-iluzja-dla-dzieci","8":"first","9":"instock","10":"purchasable","11":"product-type-simple"},"_links":{"self":[{"href":"https:\/\/magiiik.netstory.com.pl\/index.php?rest_route=\/wp\/v2\/product\/10326","targetHints":{"allow":["GET"]}}],"collection":[{"href":"https:\/\/magiiik.netstory.com.pl\/index.php?rest_route=\/wp\/v2\/product"}],"about":[{"href":"https:\/\/magiiik.netstory.com.pl\/index.php?rest_route=\/wp\/v2\/types\/product"}],"replies":[{"embeddable":true,"href":"https:\/\/magiiik.netstory.com.pl\/index.php?rest_route=%2Fwp%2Fv2%2Fcomments&post=10326"}],"wp:featuredmedia":[{"embeddable":true,"href":"https:\/\/magiiik.netstory.com.pl\/index.php?rest_route=\/wp\/v2\/media\/10327"}],"wp:attachment":[{"href":"https:\/\/magiiik.netstory.com.pl\/index.php?rest_route=%2Fwp%2Fv2%2Fmedia&parent=10326"}],"wp:term":[{"taxonomy":"product_brand","embeddable":true,"href":"https:\/\/magiiik.netstory.com.pl\/index.php?rest_route=%2Fwp%2Fv2%2Fproduct_brand&post=10326"},{"taxonomy":"product_cat","embeddable":true,"href":"https:\/\/magiiik.netstory.com.pl\/index.php?rest_route=%2Fwp%2Fv2%2Fproduct_cat&post=10326"},{"taxonomy":"product_tag","embeddable":true,"href":"https:\/\/magiiik.netstory.com.pl\/index.php?rest_route=%2Fwp%2Fv2%2Fproduct_tag&post=10326"}],"curies":[{"name":"wp","href":"https:\/\/api.w.org\/{rel}","templated":true}]}}