{"id":10323,"date":"2025-09-19T13:37:02","date_gmt":"2025-09-19T11:37:02","guid":{"rendered":"https:\/\/magiiik.netstory.com.pl\/produkt\/appearing-cane-pojawiajaca-sie-laska-plastic-by-jl-magic\/"},"modified":"2025-09-19T13:37:13","modified_gmt":"2025-09-19T11:37:13","slug":"appearing-cane-pojawiajaca-sie-laska-plastic-by-jl-magic","status":"publish","type":"product","link":"https:\/\/magiiik.netstory.com.pl\/?product=appearing-cane-pojawiajaca-sie-laska-plastic-by-jl-magic","title":{"rendered":"Appearing Cane (pojawiaj\u0105ca si\u0119 laska) (plastic) by JL Magic"},"content":{"rendered":"<p style=\"text-align: center;\"><strong><span style=\"font-size: 12pt; font-family: arial, helvetica, sans-serif;\">To bardzo klasyczny efekt pojawiaj\u0105cej si\u0119 laski. Do dzi\u015b kochany przez publiczno\u015b\u0107.<\/span><\/strong><\/p>\n<p style=\"text-align: center;\"><span style=\"font-size: 12pt; font-family: arial, helvetica, sans-serif;\">Laska, mimo tego, \u017ce jest plastikowa, jest bardzo dobrej jako\u015bci, gdy\u017c <strong>JL Magic<\/strong> w produkcji u\u017cywa wysokiej jako\u015bci folii. Dost\u0119pna jest w kilku kolorach.\u00a0<\/span><\/p>\n<p style=\"text-align: center;\"><span style=\"font-size: 12pt; font-family: arial, helvetica, sans-serif;\"><iframe loading=\"lazy\" src=\"\/\/www.youtube.com\/embed\/IlenfmIrAHQ\" width=\"500\" height=\"350\"><\/iframe><\/span><\/p>\n<p style=\"text-align: center;\"><span style=\"font-size: 12pt; font-family: arial, helvetica, sans-serif;\">Rozmiar: do 110 cm.\u00a0<\/span><\/p>\n<p style=\"text-align: center;\"><strong><span style=\"font-size: 12pt; font-family: arial, helvetica, sans-serif;\">Polecamy,<\/span><\/strong><\/p>\n<p style=\"text-align: center;\"><strong><span style=\"font-size: 12pt; font-family: arial, helvetica, sans-serif;\">magiiik.pl<\/span><\/strong><\/p>\n","protected":false},"excerpt":{"rendered":"<p><strong>Appearing Cane (plastic) by JL Magic\u00a0<\/strong><\/p>\n","protected":false},"featured_media":10324,"comment_status":"closed","ping_status":"open","template":"","meta":[],"product_brand":[],"product_cat":[39],"product_tag":[],"class_list":{"0":"post-10323","1":"product","2":"type-product","3":"status-publish","4":"has-post-thumbnail","6":"product_cat-iluzja-sceniczna-laski-swieczki","8":"first","9":"instock","10":"purchasable","11":"product-type-simple"},"_links":{"self":[{"href":"https:\/\/magiiik.netstory.com.pl\/index.php?rest_route=\/wp\/v2\/product\/10323","targetHints":{"allow":["GET"]}}],"collection":[{"href":"https:\/\/magiiik.netstory.com.pl\/index.php?rest_route=\/wp\/v2\/product"}],"about":[{"href":"https:\/\/magiiik.netstory.com.pl\/index.php?rest_route=\/wp\/v2\/types\/product"}],"replies":[{"embeddable":true,"href":"https:\/\/magiiik.netstory.com.pl\/index.php?rest_route=%2Fwp%2Fv2%2Fcomments&post=10323"}],"wp:featuredmedia":[{"embeddable":true,"href":"https:\/\/magiiik.netstory.com.pl\/index.php?rest_route=\/wp\/v2\/media\/10324"}],"wp:attachment":[{"href":"https:\/\/magiiik.netstory.com.pl\/index.php?rest_route=%2Fwp%2Fv2%2Fmedia&parent=10323"}],"wp:term":[{"taxonomy":"product_brand","embeddable":true,"href":"https:\/\/magiiik.netstory.com.pl\/index.php?rest_route=%2Fwp%2Fv2%2Fproduct_brand&post=10323"},{"taxonomy":"product_cat","embeddable":true,"href":"https:\/\/magiiik.netstory.com.pl\/index.php?rest_route=%2Fwp%2Fv2%2Fproduct_cat&post=10323"},{"taxonomy":"product_tag","embeddable":true,"href":"https:\/\/magiiik.netstory.com.pl\/index.php?rest_route=%2Fwp%2Fv2%2Fproduct_tag&post=10323"}],"curies":[{"name":"wp","href":"https:\/\/api.w.org\/{rel}","templated":true}]}}