{"id":10297,"date":"2025-09-19T13:36:12","date_gmt":"2025-09-19T11:36:12","guid":{"rendered":"https:\/\/magiiik.netstory.com.pl\/produkt\/rip-apart-change-bag-torba-zmian-by-uday\/"},"modified":"2025-09-19T13:36:55","modified_gmt":"2025-09-19T11:36:55","slug":"rip-apart-change-bag-torba-zmian-by-uday","status":"publish","type":"product","link":"https:\/\/magiiik.netstory.com.pl\/?product=rip-apart-change-bag-torba-zmian-by-uday","title":{"rendered":"Rip Apart Change Bag (torba zmian) by Uday"},"content":{"rendered":"<p style=\"text-align: center;\"><span style=\"font-size: 12pt; font-family: arial, helvetica, sans-serif;\">Ta torba zmian mo\u017ce wydawa\u0107 si\u0119 nieco mniej por\u0119czna, ale nic bardziej mylnego. Torba pozwala nam na wykonanie jeszcze bardziej zaskakuj\u0105cych efekt\u00f3w ni\u017c przy u\u017cyciu klasycznej. Mo\u017cesz przemienia\u0107 w niej drobne przedmioty, pojawia\u0107 i znika\u0107, ale efekt tych przemian jest wi\u0119kszy gdy\u017c na koniec torb\u0119 mo\u017cesz zwyczajnie &#8222;rozerwa\u0107&#8221; (z\u0142\u0105czona na rzepy) i pokaza\u0107, \u017ce nic w niej nie ukrywasz.\u00a0<\/span><\/p>\n<p style=\"text-align: center;\"><strong><span style=\"font-size: 12pt; font-family: arial, helvetica, sans-serif;\">Polecamy,<\/span><\/strong><\/p>\n<p style=\"text-align: center;\"><strong><span style=\"font-size: 12pt; font-family: arial, helvetica, sans-serif;\">magiiik.pl<\/span><\/strong><\/p>\n<p>\u00a0<\/p>\n","protected":false},"excerpt":{"rendered":"<p><strong>Rip Apart Change Bag (torba zmian) by Uday\u00a0<\/strong><\/p>\n","protected":false},"featured_media":10298,"comment_status":"closed","ping_status":"open","template":"","meta":[],"product_brand":[],"product_cat":[64],"product_tag":[],"class_list":{"0":"post-10297","1":"product","2":"type-product","3":"status-publish","4":"has-post-thumbnail","6":"product_cat-akcesoria-torby-zmian","8":"first","9":"instock","10":"purchasable","11":"product-type-simple"},"_links":{"self":[{"href":"https:\/\/magiiik.netstory.com.pl\/index.php?rest_route=\/wp\/v2\/product\/10297","targetHints":{"allow":["GET"]}}],"collection":[{"href":"https:\/\/magiiik.netstory.com.pl\/index.php?rest_route=\/wp\/v2\/product"}],"about":[{"href":"https:\/\/magiiik.netstory.com.pl\/index.php?rest_route=\/wp\/v2\/types\/product"}],"replies":[{"embeddable":true,"href":"https:\/\/magiiik.netstory.com.pl\/index.php?rest_route=%2Fwp%2Fv2%2Fcomments&post=10297"}],"wp:featuredmedia":[{"embeddable":true,"href":"https:\/\/magiiik.netstory.com.pl\/index.php?rest_route=\/wp\/v2\/media\/10298"}],"wp:attachment":[{"href":"https:\/\/magiiik.netstory.com.pl\/index.php?rest_route=%2Fwp%2Fv2%2Fmedia&parent=10297"}],"wp:term":[{"taxonomy":"product_brand","embeddable":true,"href":"https:\/\/magiiik.netstory.com.pl\/index.php?rest_route=%2Fwp%2Fv2%2Fproduct_brand&post=10297"},{"taxonomy":"product_cat","embeddable":true,"href":"https:\/\/magiiik.netstory.com.pl\/index.php?rest_route=%2Fwp%2Fv2%2Fproduct_cat&post=10297"},{"taxonomy":"product_tag","embeddable":true,"href":"https:\/\/magiiik.netstory.com.pl\/index.php?rest_route=%2Fwp%2Fv2%2Fproduct_tag&post=10297"}],"curies":[{"name":"wp","href":"https:\/\/api.w.org\/{rel}","templated":true}]}}