{"id":10272,"date":"2025-09-19T13:36:12","date_gmt":"2025-09-19T11:36:12","guid":{"rendered":"https:\/\/magiiik.netstory.com.pl\/produkt\/banshees-advanced-karty-do-rzucania\/"},"modified":"2025-09-19T13:36:40","modified_gmt":"2025-09-19T11:36:40","slug":"banshees-advanced-karty-do-rzucania","status":"publish","type":"product","link":"https:\/\/magiiik.netstory.com.pl\/?product=banshees-advanced-karty-do-rzucania","title":{"rendered":"Banshees Advanced: karty do rzucania!"},"content":{"rendered":"<p style=\"text-align: center;\">\u00a0<\/p>\n<p style=\"text-align: center;\"><em><span style=\"font-size: 12pt; font-family: arial, helvetica, sans-serif;\">Rzucasz kartami? Chcesz poprawi\u0107 swoje umiej\u0119tno\u015bci? Bez wzgl\u0119du na to, czy jeste\u015b do\u015bwiadczony w rzucaniu w kartami, czy dopiero chcesz zdoby\u0107 t\u0119 umiej\u0119tno\u015b\u0107, ten produkt jest dla Ciebie!<\/span><\/em><\/p>\n<p><span style=\"font-size: 12pt; font-family: arial, helvetica, sans-serif;\">Ewolucja kart <strong>Banshees<\/strong> w <strong>Banshees Advanced<\/strong>! Ta niesamowita talia kart zosta\u0142a ponownie zaprojektowana od podstaw, aby by\u0142y trwa\u0142e, precyzyjne i osi\u0105ga\u0142y maksymalne pr\u0119dko\u015bci! <strong>Banshees Advanced<\/strong> to r\u00f3wnie\u017c g\u0142o\u015bniejszy &#8222;\u015bwist&#8221; podczas lotu!\u00a0<\/span><\/p>\n<p><span style=\"font-size: 12pt; font-family: arial, helvetica, sans-serif;\">Precyzja wykonania tych kart, wzmocniona w <strong>Banshees Advanced<\/strong> sprawia, \u017ce rzucania zwyk\u0142ymi kartami do gry jest ju\u017c nieaktualne. Ka\u017cdy do\u015bwiadczony &#8222;miotacz kart&#8221; wie, \u017ce karta w momencie wbicia si\u0119 w tektur\u0119 traci sw\u00f3j aerodynamiczny kszta\u0142t, a co za tym idzie precyzj\u0119. <strong>Banshees Advanced<\/strong> zachowuje sw\u00f3j elegancki, aerodynamiczny kszta\u0142t, nawet w najtrudniejszych warunkach! Karty nigdy si\u0119 nie zginaj\u0105, nawet po ci\u0119\u017ckim uderzeniu, czy wbiciu w trudny materia\u0142, zachowuj\u0105 maksymaln\u0105 precyzj\u0119 i moc.\u00a0<\/span><\/p>\n<p><span style=\"font-size: 12pt; font-family: arial, helvetica, sans-serif;\">Karta <strong>Banshees Advanced<\/strong> przecinaj\u0105c powietrze wytwarza fal\u0119 d\u017awi\u0119kow\u0105 silniejsz\u0105 ni\u017c kiedykolwiek! Gwizd jest szybszy i intensywniejszy!\u00a0<\/span><\/p>\n<p><span style=\"font-size: 12pt; font-family: arial, helvetica, sans-serif;\">&#8211; maksymalna pr\u0119dko\u015b\u0107;<\/span><\/p>\n<p><span style=\"font-size: 12pt; font-family: arial, helvetica, sans-serif;\">&#8211; maksymalna precyzja;<\/span><\/p>\n<p><span style=\"font-size: 12pt; font-family: arial, helvetica, sans-serif;\">&#8211; maksymalne uderzenie.\u00a0<\/span><\/p>\n<p style=\"text-align: center;\"><em><span style=\"font-size: 12pt; font-family: arial, helvetica, sans-serif;\"><strong>Banshees Advanced<\/strong> to najnowocze\u015bniejsze karty do rzucania!\u00a0<\/span><\/em><\/p>\n<p style=\"text-align: center;\"><iframe loading=\"lazy\" src=\"\/\/www.youtube.com\/embed\/uMpCHfppA_8\" width=\"600\" height=\"350\"><\/iframe><\/p>\n<p><span style=\"font-size: 12pt; font-family: arial, helvetica, sans-serif;\">Chcesz nauczy\u0107 si\u0119 rzuca\u0107 kartami, jak zawodowcy? Osi\u0105gnij optymaln\u0105 si\u0142\u0119 rzutu i precyzj\u0119, kupuj\u0105c <strong>Velocity<\/strong> od <strong>Rick<\/strong>&#8217;a <strong>Smith<\/strong>&#8217;a <strong>Jr.<\/strong>:\u00a0<a href=\"\/pl\/p\/High-Caliber-Card-Throwing-System-rzucanie-kartami%2C-techniki-by-Rick-Smith-Jr.-video-DOWNLOAD\/1026\">http:\/\/www.magiiik.pl\/pl\/p\/High-Caliber-Card-Throwing-System-rzucanie-kartami%2C-techniki-by-Rick-Smith-Jr.-video-DOWNLOAD\/1026<\/a><\/span><\/p>\n<p style=\"text-align: center;\">\u00a0<\/p>\n<p style=\"text-align: center;\"><strong><font face=\"arial, helvetica, sans-serif\"><span style=\"font-size: 16px;\">Polecamy,<\/span><\/font><\/strong><\/p>\n<p style=\"text-align: center;\"><strong><font face=\"arial, helvetica, sans-serif\"><span style=\"font-size: 16px;\">magiiik.pl<\/span><\/font><\/strong><\/p>\n","protected":false},"excerpt":{"rendered":"<p><strong>Banshees Advanced: Cards for Throwing\u00a0<\/strong><\/p>\n","protected":false},"featured_media":10273,"comment_status":"closed","ping_status":"open","template":"","meta":[],"product_brand":[],"product_cat":[57],"product_tag":[],"class_list":{"0":"post-10272","1":"product","2":"type-product","3":"status-publish","4":"has-post-thumbnail","6":"product_cat-ksiazki-dvd-download-black-label","8":"first","9":"instock","10":"purchasable","11":"product-type-simple"},"_links":{"self":[{"href":"https:\/\/magiiik.netstory.com.pl\/index.php?rest_route=\/wp\/v2\/product\/10272","targetHints":{"allow":["GET"]}}],"collection":[{"href":"https:\/\/magiiik.netstory.com.pl\/index.php?rest_route=\/wp\/v2\/product"}],"about":[{"href":"https:\/\/magiiik.netstory.com.pl\/index.php?rest_route=\/wp\/v2\/types\/product"}],"replies":[{"embeddable":true,"href":"https:\/\/magiiik.netstory.com.pl\/index.php?rest_route=%2Fwp%2Fv2%2Fcomments&post=10272"}],"wp:featuredmedia":[{"embeddable":true,"href":"https:\/\/magiiik.netstory.com.pl\/index.php?rest_route=\/wp\/v2\/media\/10273"}],"wp:attachment":[{"href":"https:\/\/magiiik.netstory.com.pl\/index.php?rest_route=%2Fwp%2Fv2%2Fmedia&parent=10272"}],"wp:term":[{"taxonomy":"product_brand","embeddable":true,"href":"https:\/\/magiiik.netstory.com.pl\/index.php?rest_route=%2Fwp%2Fv2%2Fproduct_brand&post=10272"},{"taxonomy":"product_cat","embeddable":true,"href":"https:\/\/magiiik.netstory.com.pl\/index.php?rest_route=%2Fwp%2Fv2%2Fproduct_cat&post=10272"},{"taxonomy":"product_tag","embeddable":true,"href":"https:\/\/magiiik.netstory.com.pl\/index.php?rest_route=%2Fwp%2Fv2%2Fproduct_tag&post=10272"}],"curies":[{"name":"wp","href":"https:\/\/api.w.org\/{rel}","templated":true}]}}