{"id":10270,"date":"2025-09-19T13:36:12","date_gmt":"2025-09-19T11:36:12","guid":{"rendered":"https:\/\/magiiik.netstory.com.pl\/produkt\/daryls-rope-routine-video-download\/"},"modified":"2025-09-19T13:36:39","modified_gmt":"2025-09-19T11:36:39","slug":"daryls-rope-routine-video-download","status":"publish","type":"product","link":"https:\/\/magiiik.netstory.com.pl\/?product=daryls-rope-routine-video-download","title":{"rendered":"Daryl&#8217;s Rope Routine (video DOWNLOAD)"},"content":{"rendered":"<p style=\"text-align: center;\"><span style=\"color: #444444; font-size: 12pt; font-family: arial, helvetica, sans-serif;\">Jest to rutyna, kt\u00f3r\u0105 mo\u017cna znale\u017a\u0107 na video:<strong> <a href=\"\/pl\/p\/Expert-Rope-Magic-Made-Easy-by-Daryl-Vol.-3-video-DOWNLOAD\/1161\">&#8222;Expert Rope Magic Made Easy &#8211; Vol. 3 by Daryl&#8221;<\/a><\/strong>.<\/span><\/p>\n<p style=\"text-align: center;\">\u00a0<\/p>\n<p style=\"text-align: center;\"><span style=\"color: #444444; font-size: 12pt; font-family: arial, helvetica, sans-serif;\"><iframe loading=\"lazy\" src=\"\/\/www.youtube.com\/embed\/EuLw1rns4B4\" width=\"559\" height=\"386\"><\/iframe><\/span><\/p>\n<p>\u00a0<\/p>\n<p><span style=\"color: #444444; font-size: 12pt; font-family: arial, helvetica, sans-serif;\">* Preparation and Set-Up<\/span><br style=\"color: #444444; font-size: 13px; font-family: Arial, sans-serif;\" \/><span style=\"color: #444444; font-size: 12pt; font-family: arial, helvetica, sans-serif;\">* Pulling Off the Ends<\/span><br style=\"color: #444444; font-size: 13px; font-family: Arial, sans-serif;\" \/><span style=\"color: #444444; font-size: 12pt; font-family: arial, helvetica, sans-serif;\">* Cutting the Rope With the Fingers<\/span><br style=\"color: #444444; font-size: 13px; font-family: Arial, sans-serif;\" \/><span style=\"color: #444444; font-size: 12pt; font-family: arial, helvetica, sans-serif;\">* Rope Restoration<\/span><br style=\"color: #444444; font-size: 13px; font-family: Arial, sans-serif;\" \/><span style=\"color: #444444; font-size: 12pt; font-family: arial, helvetica, sans-serif;\">* The Jumping Ends<\/span><br style=\"color: #444444; font-size: 13px; font-family: Arial, sans-serif;\" \/><span style=\"color: #444444; font-size: 12pt; font-family: arial, helvetica, sans-serif;\">* Pulling a Piece Off of the Rope<\/span><br style=\"color: #444444; font-size: 13px; font-family: Arial, sans-serif;\" \/><span style=\"color: #444444; font-size: 12pt; font-family: arial, helvetica, sans-serif;\">* The Pretzel Knot<\/span><br style=\"color: #444444; font-size: 13px; font-family: Arial, sans-serif;\" \/><span style=\"color: #444444; font-size: 12pt; font-family: arial, helvetica, sans-serif;\">* Instantaneous Knot<\/span><br style=\"color: #444444; font-size: 13px; font-family: Arial, sans-serif;\" \/><span style=\"color: #444444; font-size: 12pt; font-family: arial, helvetica, sans-serif;\">* Professor&#8217;s Nightmare<\/span><br style=\"color: #444444; font-size: 13px; font-family: Arial, sans-serif;\" \/><span style=\"color: #444444; font-size: 12pt; font-family: arial, helvetica, sans-serif;\">* Professor&#8217;s Daydream<\/span><\/p>\n","protected":false},"excerpt":{"rendered":"<p><strong>Daryl&#8217;s Rope Routine (video DOWNLOAD)<\/strong><\/p>\n","protected":false},"featured_media":10271,"comment_status":"closed","ping_status":"open","template":"","meta":[],"product_brand":[],"product_cat":[55],"product_tag":[],"class_list":{"0":"post-10270","1":"product","2":"type-product","3":"status-publish","4":"has-post-thumbnail","6":"product_cat-ksiazki-dvd-download-downloads","8":"first","9":"instock","10":"purchasable","11":"product-type-simple"},"_links":{"self":[{"href":"https:\/\/magiiik.netstory.com.pl\/index.php?rest_route=\/wp\/v2\/product\/10270","targetHints":{"allow":["GET"]}}],"collection":[{"href":"https:\/\/magiiik.netstory.com.pl\/index.php?rest_route=\/wp\/v2\/product"}],"about":[{"href":"https:\/\/magiiik.netstory.com.pl\/index.php?rest_route=\/wp\/v2\/types\/product"}],"replies":[{"embeddable":true,"href":"https:\/\/magiiik.netstory.com.pl\/index.php?rest_route=%2Fwp%2Fv2%2Fcomments&post=10270"}],"wp:featuredmedia":[{"embeddable":true,"href":"https:\/\/magiiik.netstory.com.pl\/index.php?rest_route=\/wp\/v2\/media\/10271"}],"wp:attachment":[{"href":"https:\/\/magiiik.netstory.com.pl\/index.php?rest_route=%2Fwp%2Fv2%2Fmedia&parent=10270"}],"wp:term":[{"taxonomy":"product_brand","embeddable":true,"href":"https:\/\/magiiik.netstory.com.pl\/index.php?rest_route=%2Fwp%2Fv2%2Fproduct_brand&post=10270"},{"taxonomy":"product_cat","embeddable":true,"href":"https:\/\/magiiik.netstory.com.pl\/index.php?rest_route=%2Fwp%2Fv2%2Fproduct_cat&post=10270"},{"taxonomy":"product_tag","embeddable":true,"href":"https:\/\/magiiik.netstory.com.pl\/index.php?rest_route=%2Fwp%2Fv2%2Fproduct_tag&post=10270"}],"curies":[{"name":"wp","href":"https:\/\/api.w.org\/{rel}","templated":true}]}}