{"id":10254,"date":"2025-09-19T13:36:12","date_gmt":"2025-09-19T11:36:12","guid":{"rendered":"https:\/\/magiiik.netstory.com.pl\/produkt\/ice-qube-by-kieron-johnson-mark-traversoni\/"},"modified":"2025-09-19T13:36:25","modified_gmt":"2025-09-19T11:36:25","slug":"ice-qube-by-kieron-johnson-mark-traversoni","status":"publish","type":"product","link":"https:\/\/magiiik.netstory.com.pl\/?product=ice-qube-by-kieron-johnson-mark-traversoni","title":{"rendered":"Ice Qube by Kieron Johnson &#038; Mark Traversoni"},"content":{"rendered":"<p style=\"text-align: center;\"><strong><span style=\"font-size: 12pt; font-family: arial, helvetica, sans-serif;\">\u015awi\u0119ty Gral magii z lodem mo\u017ce by\u0107 w Twoich r\u0119kach!<\/span><\/strong><\/p>\n<p style=\"text-align: center;\"><span style=\"font-size: 12pt; font-family: arial, helvetica, sans-serif;\">To &#8222;lodowa magia&#8221; w najlepszym wydaniu! Znikasz podpisan\u0105 monet\u0119 i pojawiasz w bryle lodu! Niemo\u017cliwe staje si\u0119 mo\u017cliwe!\u00a0<\/span><\/p>\n<p style=\"text-align: center;\"><span style=\"font-size: 12pt; font-family: arial, helvetica, sans-serif;\">Przez 5 lat, <strong>Kieron Johnson<\/strong> szuka\u0142 \u015bwi\u0119tego grala magii z lodem. Zainspirowany tw\u00f3rczo\u015bci\u0105 <strong>Max<\/strong>&#8217;a <strong>Mallini<\/strong>, oraz wielu innych wielkich magik\u00f3w, ostatecznym celem <strong>Kieron<\/strong>&#8217;a by\u0142o stworzy\u0107 efekt, w kt\u00f3rym podpisana moneta (b\u0105d\u017a inny ma\u0142y drobiazg) znika\u0142 i pojawia\u0142 si\u0119 wewn\u0105trz kostki lodu!<\/span><\/p>\n<p style=\"text-align: center;\"><span style=\"font-size: 12pt; font-family: arial, helvetica, sans-serif;\">Trzy lata temu om\u00f3wi\u0142 ide\u0119 z <strong>Markiem Traversoni<\/strong> i razem zabrali si\u0119 za stworzenie niemo\u017cliwego.<\/span><\/p>\n<p style=\"text-align: center;\"><span style=\"font-size: 12pt; font-family: arial, helvetica, sans-serif;\">Lata wsp\u00f3\u0142pracy, testowania i udoskonalania przynios\u0142o efekt &#8211; <strong>Ice Qube<\/strong> &#8211; najlepsz\u0105 niemo\u017cliw\u0105 lokalizacj\u0119, w kt\u00f3rej pojawia si\u0119 podpisana przez widza moneta!<\/span><\/p>\n<p style=\"text-align: center;\"><span style=\"font-size: 12pt; font-family: arial, helvetica, sans-serif;\">Podpisana moneta jest rzeczywi\u015bcie w kostce lodu &#8211; mo\u017cna pokaza\u0107 j\u0105 ze wszystkich stron, zanim kto\u015b zdo\u0142a j\u0105 roz\u0142upa\u0107 i uwolni\u0107 monet\u0119!\u00a0<\/span><\/p>\n<p style=\"text-align: center;\"><span style=\"font-size: 12pt; font-family: arial, helvetica, sans-serif;\"><iframe loading=\"lazy\" src=\"\/\/www.youtube.com\/embed\/04mxqplJ1zY\" width=\"572\" height=\"419\"><\/iframe><\/span><\/p>\n<p style=\"text-align: left;\"><span style=\"font-size: 12pt; font-family: arial, helvetica, sans-serif;\">&#8211; bez switches;<\/span><\/p>\n<p style=\"text-align: left;\"><span style=\"font-size: 12pt; font-family: arial, helvetica, sans-serif;\">&#8211; bez duplikat\u00f3w;<\/span><\/p>\n<p style=\"text-align: left;\"><span style=\"font-size: 12pt; font-family: arial, helvetica, sans-serif;\">&#8211; magia TV przeniesiona do rzeczywistego \u015bwiata;<\/span><\/p>\n<p style=\"text-align: left;\"><span style=\"font-size: 12pt; font-family: arial, helvetica, sans-serif;\">&#8211; bardzo prosty trick.\u00a0<\/span><\/p>\n<p style=\"text-align: center;\">\u00a0<\/p>\n<p style=\"text-align: center;\"><span style=\"font-size: 12pt; font-family: arial, helvetica, sans-serif;\">Je\u015bli tylko potrafisz znikn\u0105\u0107 monet\u0119 (oboj\u0119tnie jak\u0105 metod\u0105), b\u0119dziesz w stanie wykona\u0107 ten efekt!<\/span><\/p>\n<p style=\"text-align: center;\"><span style=\"font-size: 12pt; font-family: arial, helvetica, sans-serif;\">Przy u\u017cyciu sprawdzonych metod, <strong>Kieron<\/strong>&#8217;a produkcji i transportu lodu, mo\u017cesz z nim podr\u00f3\u017cowa\u0107 przez wiele godzin, zanim zaczniesz swoj\u0105 magiczn\u0105 przygod\u0119!<\/span><\/p>\n<p style=\"text-align: center;\">\u00a0<\/p>\n<p style=\"text-align: center;\"><span style=\"font-size: 12pt; font-family: arial, helvetica, sans-serif;\"><strong>Kieron<\/strong> i <strong>Mark<\/strong> wyja\u015bni\u0105 Ci dok\u0142adnie ca\u0142\u0105 procedur\u0119 wykonania tego tricku oraz przedstawi\u0105 bonusowe rutyny, kt\u00f3re \u015bwietnie komponuj\u0105 si\u0119 z <strong>Ice Qube<\/strong>.\u00a0<\/span><\/p>\n<p style=\"text-align: center;\">\u00a0<\/p>\n<p style=\"text-align: left;\"><span style=\"font-size: 12pt; font-family: arial, helvetica, sans-serif;\">&#8211; idealny efekt do magii ulicznej;<\/span><\/p>\n<p style=\"text-align: left;\"><span style=\"font-size: 12pt; font-family: arial, helvetica, sans-serif;\">&#8211; idealny efekt w close-up, na salonach i scenie!<\/span><\/p>\n<p style=\"text-align: left;\">\u00a0<\/p>\n<p style=\"text-align: left;\"><strong><span style=\"font-size: 12pt; font-family: arial, helvetica, sans-serif;\">W zestawie otrzymasz:<\/span><\/strong><\/p>\n<p style=\"text-align: left;\"><span style=\"font-size: 12pt; font-family: arial, helvetica, sans-serif;\">&#8211; video do pobrania;<\/span><\/p>\n<p style=\"text-align: left;\"><span style=\"font-size: 12pt; font-family: arial, helvetica, sans-serif;\">&#8211; <strong>Ice Qube<\/strong> gimmick &#8211; wyprodukowany w Wielkiej Brytanii, z najwy\u017cszej jako\u015bci materia\u0142\u00f3w;<\/span><\/p>\n<p style=\"text-align: left;\"><span style=\"font-size: 12pt; font-family: arial, helvetica, sans-serif;\">&#8211; specjalne etui;<\/span><\/p>\n<p style=\"text-align: left;\"><span style=\"font-size: 12pt; font-family: arial, helvetica, sans-serif;\">&#8211; pozosta\u0142e rekwizyty, niezb\u0119dne w transporcie Qube.<\/span><\/p>\n<p style=\"text-align: center;\">\u00a0<\/p>\n<p style=\"text-align: center;\"><span style=\"font-size: 12pt; font-family: arial, helvetica, sans-serif; color: #ff0000;\">Ze wzgl\u0119du na to, \u017ce producent zdaje sobie spraw\u0119, \u017ce du\u017co magik\u00f3w b\u0119dzie chcia\u0142o wykonywa\u0107 ten efekt w telewizji, jak <strong>Richard Jones<\/strong> (zwyci\u0119zca brytyjskiego Mam Talent), prawa telewizyjne zosta\u0142y zastrze\u017cone. Aby uzyska\u0107 pozwolenie na prezentacj\u0119 w TV, jest konieczno\u015b\u0107 skontaktowania si\u0119 z <strong>Saturn Magic<\/strong>.<\/span><\/p>\n<p style=\"text-align: center;\"><strong><span style=\"font-size: 12pt; font-family: arial, helvetica, sans-serif;\">Polecamy,<\/span><\/strong><\/p>\n<p style=\"text-align: center;\"><strong><span style=\"font-size: 12pt; font-family: arial, helvetica, sans-serif;\">magiiik.pl<\/span><\/strong><\/p>\n","protected":false},"excerpt":{"rendered":"<p><strong>Ice Qube by Kieron Johnson &amp; Mark Traversoni\u00a0<\/strong><\/p>\n","protected":false},"featured_media":10255,"comment_status":"closed","ping_status":"open","template":"","meta":[],"product_brand":[],"product_cat":[37],"product_tag":[],"class_list":{"0":"post-10254","1":"product","2":"type-product","3":"status-publish","4":"has-post-thumbnail","6":"product_cat-mikro-iluzja-close-up-monety","8":"first","9":"instock","10":"purchasable","11":"product-type-simple"},"_links":{"self":[{"href":"https:\/\/magiiik.netstory.com.pl\/index.php?rest_route=\/wp\/v2\/product\/10254","targetHints":{"allow":["GET"]}}],"collection":[{"href":"https:\/\/magiiik.netstory.com.pl\/index.php?rest_route=\/wp\/v2\/product"}],"about":[{"href":"https:\/\/magiiik.netstory.com.pl\/index.php?rest_route=\/wp\/v2\/types\/product"}],"replies":[{"embeddable":true,"href":"https:\/\/magiiik.netstory.com.pl\/index.php?rest_route=%2Fwp%2Fv2%2Fcomments&post=10254"}],"wp:featuredmedia":[{"embeddable":true,"href":"https:\/\/magiiik.netstory.com.pl\/index.php?rest_route=\/wp\/v2\/media\/10255"}],"wp:attachment":[{"href":"https:\/\/magiiik.netstory.com.pl\/index.php?rest_route=%2Fwp%2Fv2%2Fmedia&parent=10254"}],"wp:term":[{"taxonomy":"product_brand","embeddable":true,"href":"https:\/\/magiiik.netstory.com.pl\/index.php?rest_route=%2Fwp%2Fv2%2Fproduct_brand&post=10254"},{"taxonomy":"product_cat","embeddable":true,"href":"https:\/\/magiiik.netstory.com.pl\/index.php?rest_route=%2Fwp%2Fv2%2Fproduct_cat&post=10254"},{"taxonomy":"product_tag","embeddable":true,"href":"https:\/\/magiiik.netstory.com.pl\/index.php?rest_route=%2Fwp%2Fv2%2Fproduct_tag&post=10254"}],"curies":[{"name":"wp","href":"https:\/\/api.w.org\/{rel}","templated":true}]}}