{"id":10246,"date":"2025-09-19T13:36:12","date_gmt":"2025-09-19T11:36:12","guid":{"rendered":"https:\/\/magiiik.netstory.com.pl\/produkt\/sherlockoin-by-thomas-riboulet-and-anthony-stan\/"},"modified":"2025-09-19T13:36:19","modified_gmt":"2025-09-19T11:36:19","slug":"sherlockoin-by-thomas-riboulet-and-anthony-stan","status":"publish","type":"product","link":"https:\/\/magiiik.netstory.com.pl\/?product=sherlockoin-by-thomas-riboulet-and-anthony-stan","title":{"rendered":"Sherlock&#8217;oin by Thomas Riboulet and Anthony Stan"},"content":{"rendered":"<p style=\"text-align: center;\"><span style=\"font-size: 12pt; font-family: arial, helvetica, sans-serif;\">Z umys\u0142u <strong>Thomas<\/strong>&#8217;a <strong>Riboulet<\/strong>&#8217;a i <strong>Anthony Stan<\/strong>, prosto z Francji!<\/span><\/p>\n<p style=\"text-align: center;\"><span style=\"font-size: 12pt; font-family: arial, helvetica, sans-serif;\"><strong>Sherlock&#8217;oin<\/strong> to efekt czystej magii! Jest to jedna z najprostszych, najbardziej czystych metod &#8222;wysy\u0142ania&#8221; obiektu w inne miejsce.\u00a0<\/span><\/p>\n<p style=\"text-align: center;\"><span style=\"font-size: 12pt; font-family: arial, helvetica, sans-serif;\">Wybrana przez widza karta jest wk\u0142adana z powrotem do talii, kt\u00f3ra umieszczana jest do pude\u0142ka. Magik po\u017cycza monet\u0119 z publiczno\u015bci, kt\u00f3r\u0105 daje widzowi do podpisania. Moneta znika, aby po chwili pojawi\u0107 si\u0119 w \u015brodku talii na podpisanej karcie widza!\u00a0<\/span><\/p>\n<p style=\"text-align: center;\"><span style=\"font-size: 12pt; font-family: arial, helvetica, sans-serif;\"><iframe loading=\"lazy\" src=\"\/\/www.youtube.com\/embed\/gcP0bdM5Yac\" width=\"566\" height=\"401\"><\/iframe><\/span><\/p>\n<p style=\"text-align: center;\"><span style=\"font-size: 12pt; font-family: arial, helvetica, sans-serif;\">W zestawie otrzymasz &#8222;niezwyk\u0142\u0105&#8221; tali\u0119 kart Bicycle gotow\u0105 do u\u017cycia, oraz 45-minutowe video do pobrania (po angielsku i francusku).\u00a0<\/span><\/p>\n<p style=\"text-align: center;\"><strong><span style=\"font-size: 12pt; font-family: arial, helvetica, sans-serif;\">Polecamy,<\/span><\/strong><\/p>\n<p style=\"text-align: center;\"><strong><span style=\"font-size: 12pt; font-family: arial, helvetica, sans-serif;\">magiiik.pl<\/span><\/strong><\/p>\n","protected":false},"excerpt":{"rendered":"<p><strong>Sherlock&#8217;oin by Thomas Riboulet and Anthony Stan\u00a0<\/strong><\/p>\n","protected":false},"featured_media":10247,"comment_status":"closed","ping_status":"open","template":"","meta":[],"product_brand":[],"product_cat":[41],"product_tag":[],"class_list":{"0":"post-10246","1":"product","2":"type-product","3":"status-publish","4":"has-post-thumbnail","6":"product_cat-mikro-iluzja-close-up-efekty-z-kartami","8":"first","9":"instock","10":"purchasable","11":"product-type-simple"},"_links":{"self":[{"href":"https:\/\/magiiik.netstory.com.pl\/index.php?rest_route=\/wp\/v2\/product\/10246","targetHints":{"allow":["GET"]}}],"collection":[{"href":"https:\/\/magiiik.netstory.com.pl\/index.php?rest_route=\/wp\/v2\/product"}],"about":[{"href":"https:\/\/magiiik.netstory.com.pl\/index.php?rest_route=\/wp\/v2\/types\/product"}],"replies":[{"embeddable":true,"href":"https:\/\/magiiik.netstory.com.pl\/index.php?rest_route=%2Fwp%2Fv2%2Fcomments&post=10246"}],"wp:featuredmedia":[{"embeddable":true,"href":"https:\/\/magiiik.netstory.com.pl\/index.php?rest_route=\/wp\/v2\/media\/10247"}],"wp:attachment":[{"href":"https:\/\/magiiik.netstory.com.pl\/index.php?rest_route=%2Fwp%2Fv2%2Fmedia&parent=10246"}],"wp:term":[{"taxonomy":"product_brand","embeddable":true,"href":"https:\/\/magiiik.netstory.com.pl\/index.php?rest_route=%2Fwp%2Fv2%2Fproduct_brand&post=10246"},{"taxonomy":"product_cat","embeddable":true,"href":"https:\/\/magiiik.netstory.com.pl\/index.php?rest_route=%2Fwp%2Fv2%2Fproduct_cat&post=10246"},{"taxonomy":"product_tag","embeddable":true,"href":"https:\/\/magiiik.netstory.com.pl\/index.php?rest_route=%2Fwp%2Fv2%2Fproduct_tag&post=10246"}],"curies":[{"name":"wp","href":"https:\/\/api.w.org\/{rel}","templated":true}]}}