{"id":10239,"date":"2025-09-19T13:36:12","date_gmt":"2025-09-19T11:36:12","guid":{"rendered":"https:\/\/magiiik.netstory.com.pl\/produkt\/visions-by-matthew-wright\/"},"modified":"2025-09-19T13:36:13","modified_gmt":"2025-09-19T11:36:13","slug":"visions-by-matthew-wright","status":"publish","type":"product","link":"https:\/\/magiiik.netstory.com.pl\/?product=visions-by-matthew-wright","title":{"rendered":"Visions by Matthew Wright"},"content":{"rendered":"<p style=\"text-align: center;\"><span style=\"font-size: 12pt; font-family: arial, helvetica, sans-serif;\"><strong>VISIONS<\/strong> to niezwykle mocny i prosty efekt podw\u00f3jnego przewidywania. Nadaje si\u0119 idealnie na street magic, jak i salon. Mo\u017cna go r\u00f3wnie\u017c w \u0142atwy spos\u00f3b dostosowa\u0107 do scenicznej rutyny.\u00a0<\/span><\/p>\n<p style=\"text-align: center;\"><span style=\"font-size: 12pt; font-family: arial, helvetica, sans-serif;\">Koperta jest umieszczana na widoku Twoich widz\u00f3w. Iluzjonista wybiera jedn\u0105 osob\u0119 i prosi, aby wyobrazi\u0142a sobie jaki\u015b obraz. Wolny wyb\u00f3r, kt\u00f3ry istnieje tylko w jego umy\u015ble. Magik prezentuje tali\u0119 kart, a widz wybiera jedn\u0105. Koperta jest otworzona, a tam karteczka przypi\u0119ta do wizyt\u00f3wki magika z przepowiedni\u0105 &#8211; kart\u0105 wybran\u0105 przez widza. Widz jest w szoku, ale to nie koniec. Karta jest odwracana, a na niej narysowany jest obraz z jego g\u0142owy!<\/span><\/p>\n<p style=\"text-align: center;\"><strong><span style=\"font-size: 12pt; font-family: arial, helvetica, sans-serif;\">To w 100% wiarygodny efekt!\u00a0<\/span><\/strong><\/p>\n<p style=\"text-align: center;\"><span style=\"font-size: 12pt; font-family: arial, helvetica, sans-serif;\"><strong>VISIONS<\/strong> to prawdziwa magia w prawdziwym \u015bwiecie, kt\u00f3ra zosta\u0142a praktykowana setki razy przesz dwukrotnego zdobywc\u0119 nagrody<strong> FISM<\/strong>, <strong>Matthew Wright<\/strong>! Mo\u017ce to by\u0107 lekka rutyna magiczna, jak i silny efekt mentalny!\u00a0<\/span><\/p>\n<p style=\"text-align: center;\"><span style=\"font-size: 12pt; font-family: arial, helvetica, sans-serif;\"><iframe loading=\"lazy\" src=\"\/\/www.youtube.com\/embed\/81TLFui9Xek\" width=\"567\" height=\"413\"><\/iframe><\/span><\/p>\n<p style=\"text-align: center;\"><span style=\"font-size: 12pt; font-family: arial, helvetica, sans-serif;\">W zestawie otrzymasz niezb\u0119dne rekwizyty, godzinn\u0105 instrukcj\u0119 oraz r\u00f3\u017cne bonusy.\u00a0<\/span><\/p>\n<p style=\"text-align: center;\"><strong><span style=\"font-size: 12pt; font-family: arial, helvetica, sans-serif;\">Polecamy,<\/span><\/strong><\/p>\n<p style=\"text-align: center;\"><strong><span style=\"font-size: 12pt; font-family: arial, helvetica, sans-serif;\">magiiik.pl<\/span><\/strong><\/p>\n","protected":false},"excerpt":{"rendered":"<p><strong>Visions by Matthew Wright\u00a0<\/strong><\/p>\n","protected":false},"featured_media":10240,"comment_status":"closed","ping_status":"open","template":"","meta":[],"product_brand":[],"product_cat":[24],"product_tag":[],"class_list":{"0":"post-10239","1":"product","2":"type-product","3":"status-publish","4":"has-post-thumbnail","6":"product_cat-mentalizm","8":"first","9":"instock","10":"purchasable","11":"product-type-simple"},"_links":{"self":[{"href":"https:\/\/magiiik.netstory.com.pl\/index.php?rest_route=\/wp\/v2\/product\/10239","targetHints":{"allow":["GET"]}}],"collection":[{"href":"https:\/\/magiiik.netstory.com.pl\/index.php?rest_route=\/wp\/v2\/product"}],"about":[{"href":"https:\/\/magiiik.netstory.com.pl\/index.php?rest_route=\/wp\/v2\/types\/product"}],"replies":[{"embeddable":true,"href":"https:\/\/magiiik.netstory.com.pl\/index.php?rest_route=%2Fwp%2Fv2%2Fcomments&post=10239"}],"wp:featuredmedia":[{"embeddable":true,"href":"https:\/\/magiiik.netstory.com.pl\/index.php?rest_route=\/wp\/v2\/media\/10240"}],"wp:attachment":[{"href":"https:\/\/magiiik.netstory.com.pl\/index.php?rest_route=%2Fwp%2Fv2%2Fmedia&parent=10239"}],"wp:term":[{"taxonomy":"product_brand","embeddable":true,"href":"https:\/\/magiiik.netstory.com.pl\/index.php?rest_route=%2Fwp%2Fv2%2Fproduct_brand&post=10239"},{"taxonomy":"product_cat","embeddable":true,"href":"https:\/\/magiiik.netstory.com.pl\/index.php?rest_route=%2Fwp%2Fv2%2Fproduct_cat&post=10239"},{"taxonomy":"product_tag","embeddable":true,"href":"https:\/\/magiiik.netstory.com.pl\/index.php?rest_route=%2Fwp%2Fv2%2Fproduct_tag&post=10239"}],"curies":[{"name":"wp","href":"https:\/\/api.w.org\/{rel}","templated":true}]}}