{"id":10173,"date":"2025-09-19T13:34:04","date_gmt":"2025-09-19T11:34:04","guid":{"rendered":"https:\/\/magiiik.netstory.com.pl\/produkt\/absolute-zero-by-sansminds\/"},"modified":"2025-09-19T13:34:23","modified_gmt":"2025-09-19T11:34:23","slug":"absolute-zero-by-sansminds","status":"publish","type":"product","link":"https:\/\/magiiik.netstory.com.pl\/?product=absolute-zero-by-sansminds","title":{"rendered":"Absolute Zero by SansMinds"},"content":{"rendered":"<p style=\"text-align: center;\"><span style=\"font-size: 12pt; font-family: arial, helvetica, sans-serif;\">Ten najnowszy produkt od <strong>SansMinds<\/strong> jest po prostu rewolucj\u0105 na ca\u0142ym rynku magicznym!<\/span><\/p>\n<p style=\"text-align: center;\"><span style=\"font-size: 12pt; font-family: arial, helvetica, sans-serif;\">Wyobra\u017a sobie, \u017ce masz umiej\u0119tno\u015b\u0107 zamra\u017cania przedmiot\u00f3w w d\u0142oni swojego widza za pomoc\u0105 jednego dmuchni\u0119cia&#8230;\u00a0<\/span><\/p>\n<p style=\"text-align: center;\"><span style=\"font-size: 12pt; font-family: arial, helvetica, sans-serif;\"><strong>Absolute Zero<\/strong> to kieszonkowy pojemnik na ciek\u0142y azot. Doskonale wykonany i daj\u0105cy niesamowite mo\u017cliwo\u015bci!<\/span><\/p>\n<p style=\"text-align: center;\"><span style=\"font-size: 12pt; font-family: arial, helvetica, sans-serif;\">Ten rekwizyt mo\u017cesz po\u0142\u0105czy\u0107 praktycznie z ka\u017cdym magicznym trickiem, nadaj\u0105c mu zupe\u0142nie innego wymiaru!<\/span><\/p>\n<p style=\"text-align: center;\"><span style=\"font-size: 12pt; font-family: arial, helvetica, sans-serif;\">To skomplikowane urz\u0105dzenie, kt\u00f3re bardzo \u0142atwo ukry\u0107 w d\u0142oni, nie ma \u017cadnych skomplikowanych wymaga\u0144. Po prostu jest w Twojej kieszeni i czeka na odpowiedni moment.<\/span><\/p>\n<p style=\"text-align: center;\"><span style=\"font-size: 12pt; font-family: arial, helvetica, sans-serif;\">Najlepsze w tym wszystkim jest to, \u017ce to TY masz pe\u0142n\u0105 kontrol\u0119 nad magi\u0105, kt\u00f3ra si\u0119 dzieje! To Ty masz kontrol\u0119 nad tym, jak zamrozisz dany przedmiot!<\/span><\/p>\n<p style=\"text-align: center;\"><strong><span style=\"font-size: 12pt; font-family: arial, helvetica, sans-serif;\">Dzi\u0119ki temu produktowi b\u0119dziesz mia\u0142 prawdziwe magiczne moce!<\/span><\/strong><\/p>\n<p style=\"text-align: center;\"><strong><span style=\"font-size: 12pt; font-family: arial, helvetica, sans-serif;\"><iframe loading=\"lazy\" src=\"\/\/www.youtube.com\/embed\/7jzPJk3-EW4\" width=\"644\" height=\"431\"><\/iframe><\/span><\/strong><\/p>\n<p style=\"text-align: center;\">\u00a0<\/p>\n<p style=\"text-align: center;\"><strong><span style=\"font-size: 12pt; font-family: arial, helvetica, sans-serif;\">UWAGA!<\/span><\/strong><\/p>\n<p style=\"text-align: center;\"><span style=\"font-size: 12pt; font-family: arial, helvetica, sans-serif;\">1. Urz\u0105dzenie mo\u017cesz \u0142adowa\u0107 na ca\u0142ym \u015bwiecie, bez konieczno\u015bci kupowania specjalnych produkt\u00f3w, dzi\u0119ki uniwersalnemu adapterowi.<\/span><\/p>\n<p style=\"text-align: center;\"><span style=\"font-size: 12pt; font-family: arial, helvetica, sans-serif;\">2. Dzia\u0142a na rzeczywi\u015bcie po\u017cyczonych od widza przedmiotach, tj.: pier\u015bcionek, naszyjnik, banknot, li\u015b\u0107 itd. Wolno\u015b\u0107 w tworzeniu prawdziwych cud\u00f3w!<\/span><\/p>\n<p style=\"text-align: center;\"><span style=\"font-size: 12pt; font-family: arial, helvetica, sans-serif;\">3. \u0141atwe do wykonania. Mo\u017cesz wykonywa\u0107 efekt w dowolnym czasie i miejscu.<\/span><\/p>\n<p style=\"text-align: center;\"><span style=\"font-size: 12pt; font-family: arial, helvetica, sans-serif;\">4. Wydajny na maksymalnie 7 razy na do\u0142adowanie. Na przyk\u0142adzie monety jednego dolara &#8211; zbiornik zamrozi j\u0105 oko\u0142o 7 razy.<\/span><\/p>\n<p style=\"text-align: center;\">\u00a0<\/p>\n<p style=\"text-align: center;\"><strong><span style=\"font-size: 12pt; font-family: arial, helvetica, sans-serif; color: #ff0000;\">Absolute Zero mog\u0105 kupowa\u0107 osoby tylko od 21 roku \u017cycia i starsze! U\u017cywanie rekwizytu na w\u0142asne ryzyko! Kupuj\u0105c ten produkt potwierdzasz, \u017ce masz uko\u0144czone 21 lat i wyra\u017casz zgod\u0119 na u\u017cywanie tego produktu, na w\u0142asne ryzyko.<\/span><\/strong><\/p>\n<p style=\"text-align: center;\">\u00a0<\/p>\n<p style=\"text-align: center;\"><span style=\"color: #ff0000;\"><strong><span style=\"font-size: 12pt; font-family: arial, helvetica, sans-serif;\">UWAGA!<\/span><\/strong><\/span><\/p>\n<p style=\"text-align: center;\"><span style=\"color: #ff0000;\"><strong><span style=\"font-size: 12pt; font-family: arial, helvetica, sans-serif;\">Kupuj\u0105c ten produkt NIE masz prawa do jego prezentacji w telewizji! W tym celu nale\u017cy skontaktowa\u0107 si\u0119 z producentem, SansMinds.<\/span><\/strong><\/span><\/p>\n<p style=\"text-align: center;\">\u00a0<\/p>\n<p style=\"text-align: center;\"><strong><span style=\"font-size: 12pt; font-family: arial, helvetica, sans-serif;\">Polecamy,<\/span><\/strong><\/p>\n<p style=\"text-align: center;\"><strong><span style=\"font-size: 12pt; font-family: arial, helvetica, sans-serif;\">magiiik.pl<\/span><\/strong><\/p>\n<p>\u00a0<\/p>\n","protected":false},"excerpt":{"rendered":"<p><strong>Absolute Zero by SansMinds\u00a0<\/strong><\/p>\n","protected":false},"featured_media":10174,"comment_status":"closed","ping_status":"open","template":"","meta":[],"product_brand":[],"product_cat":[54],"product_tag":[],"class_list":{"0":"post-10173","1":"product","2":"type-product","3":"status-publish","4":"has-post-thumbnail","6":"product_cat-ksiazki-dvd-download-sansminds","8":"first","9":"instock","10":"purchasable","11":"product-type-simple"},"_links":{"self":[{"href":"https:\/\/magiiik.netstory.com.pl\/index.php?rest_route=\/wp\/v2\/product\/10173","targetHints":{"allow":["GET"]}}],"collection":[{"href":"https:\/\/magiiik.netstory.com.pl\/index.php?rest_route=\/wp\/v2\/product"}],"about":[{"href":"https:\/\/magiiik.netstory.com.pl\/index.php?rest_route=\/wp\/v2\/types\/product"}],"replies":[{"embeddable":true,"href":"https:\/\/magiiik.netstory.com.pl\/index.php?rest_route=%2Fwp%2Fv2%2Fcomments&post=10173"}],"wp:featuredmedia":[{"embeddable":true,"href":"https:\/\/magiiik.netstory.com.pl\/index.php?rest_route=\/wp\/v2\/media\/10174"}],"wp:attachment":[{"href":"https:\/\/magiiik.netstory.com.pl\/index.php?rest_route=%2Fwp%2Fv2%2Fmedia&parent=10173"}],"wp:term":[{"taxonomy":"product_brand","embeddable":true,"href":"https:\/\/magiiik.netstory.com.pl\/index.php?rest_route=%2Fwp%2Fv2%2Fproduct_brand&post=10173"},{"taxonomy":"product_cat","embeddable":true,"href":"https:\/\/magiiik.netstory.com.pl\/index.php?rest_route=%2Fwp%2Fv2%2Fproduct_cat&post=10173"},{"taxonomy":"product_tag","embeddable":true,"href":"https:\/\/magiiik.netstory.com.pl\/index.php?rest_route=%2Fwp%2Fv2%2Fproduct_tag&post=10173"}],"curies":[{"name":"wp","href":"https:\/\/api.w.org\/{rel}","templated":true}]}}