{"id":10171,"date":"2025-09-19T13:34:04","date_gmt":"2025-09-19T11:34:04","guid":{"rendered":"https:\/\/magiiik.netstory.com.pl\/produkt\/topit-180-right-handed-by-david-penn\/"},"modified":"2025-09-19T13:34:17","modified_gmt":"2025-09-19T11:34:17","slug":"topit-180-right-handed-by-david-penn","status":"publish","type":"product","link":"https:\/\/magiiik.netstory.com.pl\/?product=topit-180-right-handed-by-david-penn","title":{"rendered":"Topit 180 Right Handed by David Penn"},"content":{"rendered":"<p style=\"text-align: center;\"><span style=\"font-size: 12pt; font-family: arial, helvetica, sans-serif;\">Po raz pierwszy w historii, za spraw\u0105 <strong>David<\/strong>&#8217;a <strong>Penn<\/strong>&#8217;a mo\u017cemy kupi\u0107 profesjonalny <strong>TOPIT<\/strong>!<\/span><\/p>\n<p style=\"text-align: center;\"><span style=\"font-size: 12pt; font-family: arial, helvetica, sans-serif;\"><strong>David Penn<\/strong> prowadzi wyk\u0142ady na ca\u0142ym \u015bwiecie z technik topitu. Uznany jest za nowoczesnego mistrza tego zapomnianego &#8222;urz\u0105dzenia&#8221;. Szanowni Pa\u0144stwo, prezentujemy prawdziw\u0105 ewolucj\u0119 &#8211; <strong>TOPIT 180<\/strong>&#8217;!<\/span><\/p>\n<p style=\"text-align: center;\"><span style=\"font-size: 12pt; font-family: arial, helvetica, sans-serif;\">Z tym rekwizytem znikniesz ka\u017cdy przedmiot w dowolnym momencie! To mo\u017ce by\u0107 pokazane jako efekt sam w sobie, b\u0105d\u017a jako &#8222;czyste zako\u0144czenie&#8221; Twojego show.\u00a0<\/span><\/p>\n<p style=\"text-align: center;\"><span style=\"font-size: 12pt; font-family: arial, helvetica, sans-serif;\"><iframe loading=\"lazy\" src=\"\/\/www.youtube.com\/embed\/fnKD5_WGd1E\" width=\"597\" height=\"447\"><\/iframe><\/span><\/p>\n<p style=\"text-align: center;\"><span style=\"font-size: 12pt; font-family: arial, helvetica, sans-serif;\">Je\u015bli wiesz, czym jest <strong>topit<\/strong>, b\u0119dziesz na pewno zaskoczony nowymi mo\u017cliwo\u015bciami, jakie daje ta wersja tego produktu!\u00a0<\/span><\/p>\n<p style=\"text-align: center;\"><strong><span style=\"font-size: 12pt; font-family: arial, helvetica, sans-serif;\">Polecamy,<\/span><\/strong><\/p>\n<p style=\"text-align: center;\"><strong><span style=\"font-size: 12pt; font-family: arial, helvetica, sans-serif;\">magiiik.pl<\/span><\/strong><\/p>\n","protected":false},"excerpt":{"rendered":"<p><strong>Topit 180 Right Handed by David Penn<\/strong><\/p>\n","protected":false},"featured_media":10172,"comment_status":"closed","ping_status":"open","template":"","meta":[],"product_brand":[],"product_cat":[71],"product_tag":[],"class_list":{"0":"post-10171","1":"product","2":"type-product","3":"status-publish","4":"has-post-thumbnail","6":"product_cat-iluzja-sceniczna-manipulacje","8":"first","9":"instock","10":"purchasable","11":"product-type-simple"},"_links":{"self":[{"href":"https:\/\/magiiik.netstory.com.pl\/index.php?rest_route=\/wp\/v2\/product\/10171","targetHints":{"allow":["GET"]}}],"collection":[{"href":"https:\/\/magiiik.netstory.com.pl\/index.php?rest_route=\/wp\/v2\/product"}],"about":[{"href":"https:\/\/magiiik.netstory.com.pl\/index.php?rest_route=\/wp\/v2\/types\/product"}],"replies":[{"embeddable":true,"href":"https:\/\/magiiik.netstory.com.pl\/index.php?rest_route=%2Fwp%2Fv2%2Fcomments&post=10171"}],"wp:featuredmedia":[{"embeddable":true,"href":"https:\/\/magiiik.netstory.com.pl\/index.php?rest_route=\/wp\/v2\/media\/10172"}],"wp:attachment":[{"href":"https:\/\/magiiik.netstory.com.pl\/index.php?rest_route=%2Fwp%2Fv2%2Fmedia&parent=10171"}],"wp:term":[{"taxonomy":"product_brand","embeddable":true,"href":"https:\/\/magiiik.netstory.com.pl\/index.php?rest_route=%2Fwp%2Fv2%2Fproduct_brand&post=10171"},{"taxonomy":"product_cat","embeddable":true,"href":"https:\/\/magiiik.netstory.com.pl\/index.php?rest_route=%2Fwp%2Fv2%2Fproduct_cat&post=10171"},{"taxonomy":"product_tag","embeddable":true,"href":"https:\/\/magiiik.netstory.com.pl\/index.php?rest_route=%2Fwp%2Fv2%2Fproduct_tag&post=10171"}],"curies":[{"name":"wp","href":"https:\/\/api.w.org\/{rel}","templated":true}]}}