{"id":10164,"date":"2025-09-19T13:34:04","date_gmt":"2025-09-19T11:34:04","guid":{"rendered":"https:\/\/magiiik.netstory.com.pl\/produkt\/priceless-by-michel-huot-and-richard-sanders\/"},"modified":"2025-09-19T13:34:10","modified_gmt":"2025-09-19T11:34:10","slug":"priceless-by-michel-huot-and-richard-sanders","status":"publish","type":"product","link":"https:\/\/magiiik.netstory.com.pl\/?product=priceless-by-michel-huot-and-richard-sanders","title":{"rendered":"Priceless by Michel Huot and Richard Sanders"},"content":{"rendered":"<p style=\"text-align: center;\"><span style=\"font-size: 12pt; font-family: arial, helvetica, sans-serif;\">Jak chodzisz na zakupy, po sklepach, to widzisz, \u017ce na wszystkim s\u0105 ceny&#8230; Na ubraniach s\u0105 przypi\u0119te r\u00f3wnie\u017c plastikowe blokady z cenami.<\/span><\/p>\n<p style=\"text-align: center;\"><span style=\"font-size: 12pt; font-family: arial, helvetica, sans-serif;\">W g\u0142owie <strong>Michel<\/strong>&#8217;a <strong>Hout<\/strong>&#8217;a i <strong>Richard<\/strong>&#8217;a <strong>Sanders<\/strong>&#8217;a pojawi\u0142 si\u0119 pomys\u0142 na mentaln\u0105 komedi\u0119!<\/span><\/p>\n<p style=\"text-align: center;\"><span style=\"font-size: 12pt; font-family: arial, helvetica, sans-serif;\">Iluzjonista pyta swojego widza: &#8222;Jak my\u015blisz, ile zap\u0142aci\u0142em za ten p\u0142aszcz? Ale najpierw powiedz walut\u0119 &#8211; z\u0142ot\u00f3wki, euro, mo\u017ce dolary?&#8221; Widz podaje Ci walut\u0119, a Ty j\u0105 notujesz w notatniku. Nast\u0119pnego widza prosisz o podanie pe\u0142nej kwoty, bez groszy\/cent\u00f3w, r\u00f3wnie\u017c notujesz. Ostatniego widza pytasz o ko\u0144c\u00f3wk\u0119, ile groszy\/cent\u00f3w. Notujesz.<\/span><\/p>\n<p style=\"text-align: center;\"><span style=\"font-size: 12pt; font-family: arial, helvetica, sans-serif;\">Mo\u017cesz doda\u0107: &#8222;Tak si\u0119 sk\u0142ada, \u017ce nic nie zap\u0142aci\u0142em za ten p\u0142aszcz! Jestem magikiem! Po prostu &#8222;znikn\u0105\u0142em&#8221; blokad\u0119 z cen\u0105 i zabra\u0142em p\u0142aszcz!&#8221; Jak \u015bmiech ust\u0119puje, zauwa\u017casz, \u017ce wewn\u0105trz p\u0142aszcza jednak dalej widnieje plastikowa blokada i cena&#8230; Dok\u0142adnie taka, jak\u0105 podali widzowie!<\/span><\/p>\n<p style=\"text-align: center;\"><span style=\"font-size: 12pt; font-family: arial, helvetica, sans-serif;\"><iframe loading=\"lazy\" src=\"\/\/www.youtube.com\/embed\/wU3w84y_OCw\" width=\"585\" height=\"409\"><\/iframe><\/span><\/p>\n<p style=\"text-align: left;\"><strong><span style=\"font-size: 12pt; font-family: arial, helvetica, sans-serif;\">W zestawie otrzymasz:<\/span><\/strong><\/p>\n<p style=\"text-align: left;\"><span style=\"font-size: 12pt; font-family: arial, helvetica, sans-serif;\">&#8211; specjalnie zaprojektowan\u0105 plastikow\u0105 blokad\u0119;<\/span><\/p>\n<p style=\"text-align: left;\"><span style=\"font-size: 12pt; font-family: arial, helvetica, sans-serif;\">&#8211; specjalny marker;<\/span><\/p>\n<p style=\"text-align: left;\"><span style=\"font-size: 12pt; font-family: arial, helvetica, sans-serif;\">&#8211; ceny;<\/span><\/p>\n<p style=\"text-align: left;\"><span style=\"font-size: 12pt; font-family: arial, helvetica, sans-serif;\">&#8211; 90 minutowy film instrukta\u017cowy.<\/span><\/p>\n<p style=\"text-align: left;\">\u00a0<\/p>\n<p style=\"text-align: left;\"><strong><span style=\"font-size: 12pt; font-family: arial, helvetica, sans-serif;\">Polecamy,<\/span><\/strong><\/p>\n<p style=\"text-align: left;\"><strong><span style=\"font-size: 12pt; font-family: arial, helvetica, sans-serif;\">magiiik.pl<\/span><\/strong><\/p>\n","protected":false},"excerpt":{"rendered":"<p><strong>Priceless by Michel Huot and Richard Sanders\u00a0<\/strong><\/p>\n","protected":false},"featured_media":10165,"comment_status":"closed","ping_status":"open","template":"","meta":[],"product_brand":[],"product_cat":[24],"product_tag":[],"class_list":{"0":"post-10164","1":"product","2":"type-product","3":"status-publish","4":"has-post-thumbnail","6":"product_cat-mentalizm","8":"first","9":"instock","10":"purchasable","11":"product-type-simple"},"_links":{"self":[{"href":"https:\/\/magiiik.netstory.com.pl\/index.php?rest_route=\/wp\/v2\/product\/10164","targetHints":{"allow":["GET"]}}],"collection":[{"href":"https:\/\/magiiik.netstory.com.pl\/index.php?rest_route=\/wp\/v2\/product"}],"about":[{"href":"https:\/\/magiiik.netstory.com.pl\/index.php?rest_route=\/wp\/v2\/types\/product"}],"replies":[{"embeddable":true,"href":"https:\/\/magiiik.netstory.com.pl\/index.php?rest_route=%2Fwp%2Fv2%2Fcomments&post=10164"}],"wp:featuredmedia":[{"embeddable":true,"href":"https:\/\/magiiik.netstory.com.pl\/index.php?rest_route=\/wp\/v2\/media\/10165"}],"wp:attachment":[{"href":"https:\/\/magiiik.netstory.com.pl\/index.php?rest_route=%2Fwp%2Fv2%2Fmedia&parent=10164"}],"wp:term":[{"taxonomy":"product_brand","embeddable":true,"href":"https:\/\/magiiik.netstory.com.pl\/index.php?rest_route=%2Fwp%2Fv2%2Fproduct_brand&post=10164"},{"taxonomy":"product_cat","embeddable":true,"href":"https:\/\/magiiik.netstory.com.pl\/index.php?rest_route=%2Fwp%2Fv2%2Fproduct_cat&post=10164"},{"taxonomy":"product_tag","embeddable":true,"href":"https:\/\/magiiik.netstory.com.pl\/index.php?rest_route=%2Fwp%2Fv2%2Fproduct_tag&post=10164"}],"curies":[{"name":"wp","href":"https:\/\/api.w.org\/{rel}","templated":true}]}}