{"id":10157,"date":"2025-09-19T13:34:04","date_gmt":"2025-09-19T11:34:04","guid":{"rendered":"https:\/\/magiiik.netstory.com.pl\/produkt\/paul-harris-presents-rattled-red-by-dan-hauss\/"},"modified":"2025-09-19T13:34:04","modified_gmt":"2025-09-19T11:34:04","slug":"paul-harris-presents-rattled-red-by-dan-hauss","status":"publish","type":"product","link":"https:\/\/magiiik.netstory.com.pl\/?product=paul-harris-presents-rattled-red-by-dan-hauss","title":{"rendered":"Paul Harris Presents Rattled (Red) by Dan Hauss"},"content":{"rendered":"<p style=\"text-align: center;\"><span style=\"font-size: 12pt; font-family: arial, helvetica, sans-serif;\">Prezentujesz widzowi zwyk\u0142\u0105 nakr\u0119tk\u0119 od butelki i umieszczasz pod ni\u0105 monet\u0119, b\u0105d\u017a pier\u015bcionek. Jeste\u015b odsuni\u0119ty, wi\u0119c nie masz mo\u017cliwo\u015bci dotykania nakr\u0119tki. Tw\u00f3j widz potrz\u0105sa delikatnie kapslem i s\u0142ycha\u0107 wyra\u017anie, \u017ce moneta jest w \u015brodku. Bez Twojego dotykania nagle g\u0142os monety cichnie i ca\u0142kowicie milknie! Widz patrzy pod nakr\u0119tk\u0119 &#8211; moneta znikn\u0119\u0142a!\u00a0<\/span><\/p>\n<p style=\"text-align: center;\"><span style=\"font-size: 12pt; font-family: arial, helvetica, sans-serif;\">Wszystko dok\u0142adnie mo\u017cna da\u0107 do sprawdzenia!<\/span><\/p>\n<p style=\"text-align: center;\"><span style=\"font-size: 12pt; font-family: arial, helvetica, sans-serif;\">Teraz mo\u017cesz w dowolny spos\u00f3b wyczarowa\u0107 monet\u0119. K\u0142ad\u0105c szklank\u0119 pod st\u00f3\u0142 i &#8222;brzd\u0119k!&#8221;, moneta wpada do szklanki, znikni\u0119ta moneta pojawia si\u0119 pod innym pustym wcze\u015bniej kapslem itp.<\/span><\/p>\n<p style=\"text-align: center;\"><span style=\"font-size: 12pt; font-family: arial, helvetica, sans-serif;\"><iframe loading=\"lazy\" src=\"\/\/www.youtube.com\/embed\/a5Uu7O_AYRI\" width=\"566\" height=\"412\"><\/iframe><\/span><\/p>\n<p style=\"text-align: left;\"><span style=\"font-size: 12pt; font-family: arial, helvetica, sans-serif;\">&#8211; ca\u0142a akcja wykonana jest przez widza;<\/span><\/p>\n<p style=\"text-align: left;\"><span style=\"font-size: 12pt; font-family: arial, helvetica, sans-serif;\">&#8211; nie dotykasz nakr\u0119tki,<\/span><\/p>\n<p style=\"text-align: left;\"><span style=\"font-size: 12pt; font-family: arial, helvetica, sans-serif;\">&#8211; mo\u017cesz wykona\u0107 ten trick b\u0119d\u0105c otoczonym lud\u017ami;<\/span><\/p>\n<p style=\"text-align: left;\"><span style=\"font-size: 12pt; font-family: arial, helvetica, sans-serif;\">&#8211; nie wymaga polmowania;<\/span><\/p>\n<p style=\"text-align: left;\"><span style=\"font-size: 12pt; font-family: arial, helvetica, sans-serif;\">&#8211; bardzo proste do wykonania;<\/span><\/p>\n<p style=\"text-align: left;\"><span style=\"font-size: 12pt; font-family: arial, helvetica, sans-serif;\">&#8211; 100% gimmick;<\/span><\/p>\n<p style=\"text-align: left;\"><span style=\"font-size: 12pt; font-family: arial, helvetica, sans-serif;\">&#8211; wszystko mo\u017cesz da\u0107 do sprawdzenia.<\/span><\/p>\n<p style=\"text-align: left;\">\u00a0<\/p>\n<p style=\"text-align: left;\"><strong><span style=\"font-size: 12pt; font-family: arial, helvetica, sans-serif;\">Polecamy,<\/span><\/strong><\/p>\n<p style=\"text-align: left;\"><strong><span style=\"font-size: 12pt; font-family: arial, helvetica, sans-serif;\">magiiik.pl<\/span><\/strong><\/p>\n","protected":false},"excerpt":{"rendered":"<p><strong>Paul Harris Presents Rattled (Red) by Dan Hauss\u00a0<\/strong><\/p>\n","protected":false},"featured_media":10158,"comment_status":"closed","ping_status":"open","template":"","meta":[],"product_brand":[],"product_cat":[37],"product_tag":[],"class_list":{"0":"post-10157","1":"product","2":"type-product","3":"status-publish","4":"has-post-thumbnail","6":"product_cat-mikro-iluzja-close-up-monety","8":"first","9":"instock","10":"purchasable","11":"product-type-simple"},"_links":{"self":[{"href":"https:\/\/magiiik.netstory.com.pl\/index.php?rest_route=\/wp\/v2\/product\/10157","targetHints":{"allow":["GET"]}}],"collection":[{"href":"https:\/\/magiiik.netstory.com.pl\/index.php?rest_route=\/wp\/v2\/product"}],"about":[{"href":"https:\/\/magiiik.netstory.com.pl\/index.php?rest_route=\/wp\/v2\/types\/product"}],"replies":[{"embeddable":true,"href":"https:\/\/magiiik.netstory.com.pl\/index.php?rest_route=%2Fwp%2Fv2%2Fcomments&post=10157"}],"wp:featuredmedia":[{"embeddable":true,"href":"https:\/\/magiiik.netstory.com.pl\/index.php?rest_route=\/wp\/v2\/media\/10158"}],"wp:attachment":[{"href":"https:\/\/magiiik.netstory.com.pl\/index.php?rest_route=%2Fwp%2Fv2%2Fmedia&parent=10157"}],"wp:term":[{"taxonomy":"product_brand","embeddable":true,"href":"https:\/\/magiiik.netstory.com.pl\/index.php?rest_route=%2Fwp%2Fv2%2Fproduct_brand&post=10157"},{"taxonomy":"product_cat","embeddable":true,"href":"https:\/\/magiiik.netstory.com.pl\/index.php?rest_route=%2Fwp%2Fv2%2Fproduct_cat&post=10157"},{"taxonomy":"product_tag","embeddable":true,"href":"https:\/\/magiiik.netstory.com.pl\/index.php?rest_route=%2Fwp%2Fv2%2Fproduct_tag&post=10157"}],"curies":[{"name":"wp","href":"https:\/\/api.w.org\/{rel}","templated":true}]}}