{"id":10147,"date":"2025-09-19T13:32:35","date_gmt":"2025-09-19T11:32:35","guid":{"rendered":"https:\/\/magiiik.netstory.com.pl\/produkt\/the-journey-dvd-and-gimmick-by-matt-johnson\/"},"modified":"2025-09-19T13:33:45","modified_gmt":"2025-09-19T11:33:45","slug":"the-journey-dvd-and-gimmick-by-matt-johnson","status":"publish","type":"product","link":"https:\/\/magiiik.netstory.com.pl\/?product=the-journey-dvd-and-gimmick-by-matt-johnson","title":{"rendered":"The Journey (DVD and Gimmick) by Matt Johnson"},"content":{"rendered":"<p style=\"text-align: center;\"><span style=\"font-size: 12pt; font-family: arial, helvetica, sans-serif;\">Na stole le\u017cy talia kart. Iluzjonista bierze j\u0105 do r\u0119ki i prosi widza o pomy\u015blenie jednej karty i wypowiedzenie na g\u0142os, o jakiej karcie pomy\u015bla\u0142. Teraz magik prosi, aby widz powiedzia\u0142 liczb\u0119 od 1 do 52. Karty s\u0105 przeliczane i okazuje si\u0119, \u017ce karta, kt\u00f3r\u0105 pomy\u015bla\u0142 widz, to karta odpowiadaj\u0105ca liczbie, kt\u00f3r\u0105 wymieni\u0142.\u00a0<\/span><\/p>\n<p style=\"text-align: center;\"><span style=\"font-size: 12pt; font-family: arial, helvetica, sans-serif;\">Wszystko co tu czytasz jest prawd\u0105! Nic doda\u0107 nic uj\u0105\u0107! Jest tylko jedna talia kart na stole!<\/span><\/p>\n<p style=\"text-align: center;\"><span style=\"font-size: 12pt; font-family: arial, helvetica, sans-serif;\">Po zako\u0144czeniu numeru, mo\u017cesz od razu przyst\u0105pi\u0107 do prezentacji raz jeszcze tego tricku! Z inn\u0105 kart\u0105 i innym numerem!<\/span><\/p>\n<p style=\"text-align: center;\"><span style=\"font-size: 12pt; font-family: arial, helvetica, sans-serif;\"><iframe loading=\"lazy\" src=\"\/\/www.youtube.com\/embed\/DIDhHFZTlj8\" width=\"574\" height=\"412\"><\/iframe><\/span><\/p>\n<p style=\"text-align: center;\"><span style=\"font-size: 12pt; font-family: arial, helvetica, sans-serif;\">Ten trick to 6 lat z \u017cycia <strong>Matt&#8217;<\/strong>a <strong>Johnson<\/strong>&#8217;a, to 6 lat Jego do\u015bwiadcze\u0144, kt\u00f3re przekazuje w tym DVD. Ten efekt jest obecnie najcz\u0119\u015bciej omawianym efektem magicznym na \u015bwiecie!<\/span><\/p>\n<p style=\"text-align: center;\"><span style=\"font-size: 12pt; font-family: arial, helvetica, sans-serif;\">To jedno z bardziej wyczekiwanym DVD tego roku!<\/span><\/p>\n<p style=\"text-align: center;\"><strong><span style=\"font-size: 12pt; font-family: arial, helvetica, sans-serif;\">Polecamy,<\/span><\/strong><\/p>\n<p style=\"text-align: center;\"><strong><span style=\"font-size: 12pt; font-family: arial, helvetica, sans-serif;\">magiiik.pl<\/span><\/strong><\/p>\n","protected":false},"excerpt":{"rendered":"<p><strong>The Journey (DVD and Gimmick) by Matt Johnson\u00a0<\/strong><\/p>\n","protected":false},"featured_media":10148,"comment_status":"closed","ping_status":"open","template":"","meta":[],"product_brand":[],"product_cat":[41],"product_tag":[],"class_list":{"0":"post-10147","1":"product","2":"type-product","3":"status-publish","4":"has-post-thumbnail","6":"product_cat-mikro-iluzja-close-up-efekty-z-kartami","8":"first","9":"instock","10":"purchasable","11":"product-type-simple"},"_links":{"self":[{"href":"https:\/\/magiiik.netstory.com.pl\/index.php?rest_route=\/wp\/v2\/product\/10147","targetHints":{"allow":["GET"]}}],"collection":[{"href":"https:\/\/magiiik.netstory.com.pl\/index.php?rest_route=\/wp\/v2\/product"}],"about":[{"href":"https:\/\/magiiik.netstory.com.pl\/index.php?rest_route=\/wp\/v2\/types\/product"}],"replies":[{"embeddable":true,"href":"https:\/\/magiiik.netstory.com.pl\/index.php?rest_route=%2Fwp%2Fv2%2Fcomments&post=10147"}],"wp:featuredmedia":[{"embeddable":true,"href":"https:\/\/magiiik.netstory.com.pl\/index.php?rest_route=\/wp\/v2\/media\/10148"}],"wp:attachment":[{"href":"https:\/\/magiiik.netstory.com.pl\/index.php?rest_route=%2Fwp%2Fv2%2Fmedia&parent=10147"}],"wp:term":[{"taxonomy":"product_brand","embeddable":true,"href":"https:\/\/magiiik.netstory.com.pl\/index.php?rest_route=%2Fwp%2Fv2%2Fproduct_brand&post=10147"},{"taxonomy":"product_cat","embeddable":true,"href":"https:\/\/magiiik.netstory.com.pl\/index.php?rest_route=%2Fwp%2Fv2%2Fproduct_cat&post=10147"},{"taxonomy":"product_tag","embeddable":true,"href":"https:\/\/magiiik.netstory.com.pl\/index.php?rest_route=%2Fwp%2Fv2%2Fproduct_tag&post=10147"}],"curies":[{"name":"wp","href":"https:\/\/api.w.org\/{rel}","templated":true}]}}