{"id":10145,"date":"2025-09-19T13:32:35","date_gmt":"2025-09-19T11:32:35","guid":{"rendered":"https:\/\/magiiik.netstory.com.pl\/produkt\/condom-to-card-by-n2g\/"},"modified":"2025-09-19T13:33:44","modified_gmt":"2025-09-19T11:33:44","slug":"condom-to-card-by-n2g","status":"publish","type":"product","link":"https:\/\/magiiik.netstory.com.pl\/?product=condom-to-card-by-n2g","title":{"rendered":"Condom to Card by N2G"},"content":{"rendered":"<p style=\"text-align: center;\"><span style=\"font-size: 12pt; font-family: arial, helvetica, sans-serif;\">Iluzjonista bierze do r\u0119ki prezerwatyw\u0119 i w mgnieniu oka zamienia j\u0105 w kart\u0119!\u00a0<\/span><\/p>\n<p style=\"text-align: center;\"><span style=\"font-size: 12pt; font-family: arial, helvetica, sans-serif;\">Co jest niezwyk\u0142e to to, \u017ce w kart\u0119 wybran\u0105 i podpisan\u0105 przez widza. Mo\u017cesz da\u0107 widzowi do r\u0119ki kopert\u0119 z przepowiedni\u0105, a nast\u0119pnie poprosi\u0107 o wybranie dowolnej karty z talii. Widz wybiera kart\u0119 i j\u0105 podpisuje, po czym z powrotem wk\u0142ada j\u0105 do \u015brodka talii. Otwierasz kopert\u0119, a tam&#8230; prezerwatywa! Wystarczy ni\u0105 lekko wstrz\u0105sn\u0105\u0107, a zamienia si\u0119 w kart\u0119, kt\u00f3r\u0105 wybra\u0142 widz!\u00a0<\/span><\/p>\n<p style=\"text-align: center;\"><span style=\"font-size: 12pt; font-family: arial, helvetica, sans-serif;\"><iframe loading=\"lazy\" src=\"\/\/www.youtube.com\/embed\/1Ke1vf7gyhU\" width=\"593\" height=\"391\"><\/iframe><\/span><\/p>\n<p style=\"text-align: center;\"><strong><span style=\"font-size: 12pt; font-family: arial, helvetica, sans-serif;\">Polecamy,<\/span><\/strong><\/p>\n<p style=\"text-align: center;\"><strong><span style=\"font-size: 12pt; font-family: arial, helvetica, sans-serif;\">magiiik.pl<\/span><\/strong><\/p>\n","protected":false},"excerpt":{"rendered":"<p><strong>Condom to Card by N2G\u00a0<\/strong><\/p>\n","protected":false},"featured_media":10146,"comment_status":"closed","ping_status":"open","template":"","meta":[],"product_brand":[],"product_cat":[41],"product_tag":[],"class_list":{"0":"post-10145","1":"product","2":"type-product","3":"status-publish","4":"has-post-thumbnail","6":"product_cat-mikro-iluzja-close-up-efekty-z-kartami","8":"first","9":"instock","10":"purchasable","11":"product-type-simple"},"_links":{"self":[{"href":"https:\/\/magiiik.netstory.com.pl\/index.php?rest_route=\/wp\/v2\/product\/10145","targetHints":{"allow":["GET"]}}],"collection":[{"href":"https:\/\/magiiik.netstory.com.pl\/index.php?rest_route=\/wp\/v2\/product"}],"about":[{"href":"https:\/\/magiiik.netstory.com.pl\/index.php?rest_route=\/wp\/v2\/types\/product"}],"replies":[{"embeddable":true,"href":"https:\/\/magiiik.netstory.com.pl\/index.php?rest_route=%2Fwp%2Fv2%2Fcomments&post=10145"}],"wp:featuredmedia":[{"embeddable":true,"href":"https:\/\/magiiik.netstory.com.pl\/index.php?rest_route=\/wp\/v2\/media\/10146"}],"wp:attachment":[{"href":"https:\/\/magiiik.netstory.com.pl\/index.php?rest_route=%2Fwp%2Fv2%2Fmedia&parent=10145"}],"wp:term":[{"taxonomy":"product_brand","embeddable":true,"href":"https:\/\/magiiik.netstory.com.pl\/index.php?rest_route=%2Fwp%2Fv2%2Fproduct_brand&post=10145"},{"taxonomy":"product_cat","embeddable":true,"href":"https:\/\/magiiik.netstory.com.pl\/index.php?rest_route=%2Fwp%2Fv2%2Fproduct_cat&post=10145"},{"taxonomy":"product_tag","embeddable":true,"href":"https:\/\/magiiik.netstory.com.pl\/index.php?rest_route=%2Fwp%2Fv2%2Fproduct_tag&post=10145"}],"curies":[{"name":"wp","href":"https:\/\/api.w.org\/{rel}","templated":true}]}}