{"id":10108,"date":"2025-09-19T13:32:35","date_gmt":"2025-09-19T11:32:35","guid":{"rendered":"https:\/\/magiiik.netstory.com.pl\/produkt\/silk-thru-phone-chusteczka-przez-telefon-by-jeimin-lee\/"},"modified":"2025-09-19T13:33:09","modified_gmt":"2025-09-19T11:33:09","slug":"silk-thru-phone-chusteczka-przez-telefon-by-jeimin-lee","status":"publish","type":"product","link":"https:\/\/magiiik.netstory.com.pl\/?product=silk-thru-phone-chusteczka-przez-telefon-by-jeimin-lee","title":{"rendered":"Silk Thru Phone (chusteczka przez telefon) by Jeimin Lee"},"content":{"rendered":"<p style=\"text-align: center;\"><span style=\"font-size: 12pt; font-family: arial, helvetica, sans-serif;\">Iluzjonista prosi od widza o po\u017cyczenie na moment smartfona. Prezentuje czerwon\u0105 chustk\u0119 jedwabn\u0105. Jeden koniec umieszcza na ekranie i wk\u0142ada go do telefonu. Teraz magik przeci\u0105ga chust\u0119 na drug\u0105 stron\u0119 telefonu, a widzowie s\u0105 \u015bwiadkami, jak chusteczka wyra\u017anie przenika telefon&#8230; Ekran jest nienaruszony, telefon jest pokazywany z przodu i z ty\u0142u. Nieuszkodzony zostaje oddany widzowi.\u00a0<\/span><\/p>\n<p style=\"text-align: center;\"><span style=\"font-size: 12pt; font-family: arial, helvetica, sans-serif;\"><iframe loading=\"lazy\" src=\"\/\/www.youtube.com\/embed\/m_M16_a3Hy8\" width=\"530\" height=\"350\"><\/iframe><\/span><\/p>\n<p style=\"text-align: center;\"><span style=\"font-size: 12pt; font-family: arial, helvetica, sans-serif;\">Istnieje wiele wersji tego tricku na rynku. <strong>To jest pierwsza i oryginalna wersja tego efektu<\/strong>. Stworzona przez profesjonalist\u0119, korea\u0144skiego magika, <strong>Jeimin Lee.<\/strong>\u00a0<\/span><\/p>\n<p style=\"text-align: center;\"><span style=\"font-size: 12pt; font-family: arial, helvetica, sans-serif;\">Trick jest \u0142atwy do wykonania, ale efekt jest piorunuj\u0105cy!\u00a0<\/span><\/p>\n<p style=\"text-align: center;\"><span style=\"color: #ff0000;\"><strong><span style=\"font-size: 12pt; font-family: arial, helvetica, sans-serif;\">Na rynku mo\u017cna znale\u017a\u0107 r\u00f3wnie\u017c &#8222;samor\u00f3bki&#8221;, oraz pirackie wersje &#8222;chustki przez telefon&#8221;. Nie wspieraj &#8222;pirat\u00f3w&#8221; i oszust\u00f3w. Kupuj\u0105c produkt oryginalny wynagradzasz pomys\u0142odawc\u0119 tej genialnej sztuczki!\u00a0<\/span><\/strong><\/span><\/p>\n<p style=\"text-align: center;\"><strong><span style=\"font-size: 12pt; font-family: arial, helvetica, sans-serif;\">Polecamy,<\/span><\/strong><\/p>\n<p style=\"text-align: center;\"><strong><span style=\"font-size: 12pt; font-family: arial, helvetica, sans-serif;\">magiiik.pl<\/span><\/strong><\/p>\n","protected":false},"excerpt":{"rendered":"<p><strong>Silk Thru Phone (chusteczka przez telefon) by Jeimin Lee\u00a0<\/strong><\/p>\n","protected":false},"featured_media":10109,"comment_status":"closed","ping_status":"open","template":"","meta":[],"product_brand":[],"product_cat":[34],"product_tag":[],"class_list":{"0":"post-10108","1":"product","2":"type-product","3":"status-publish","4":"has-post-thumbnail","6":"product_cat-mikro-iluzja-close-up-inne","8":"first","9":"instock","10":"purchasable","11":"product-type-simple"},"_links":{"self":[{"href":"https:\/\/magiiik.netstory.com.pl\/index.php?rest_route=\/wp\/v2\/product\/10108","targetHints":{"allow":["GET"]}}],"collection":[{"href":"https:\/\/magiiik.netstory.com.pl\/index.php?rest_route=\/wp\/v2\/product"}],"about":[{"href":"https:\/\/magiiik.netstory.com.pl\/index.php?rest_route=\/wp\/v2\/types\/product"}],"replies":[{"embeddable":true,"href":"https:\/\/magiiik.netstory.com.pl\/index.php?rest_route=%2Fwp%2Fv2%2Fcomments&post=10108"}],"wp:featuredmedia":[{"embeddable":true,"href":"https:\/\/magiiik.netstory.com.pl\/index.php?rest_route=\/wp\/v2\/media\/10109"}],"wp:attachment":[{"href":"https:\/\/magiiik.netstory.com.pl\/index.php?rest_route=%2Fwp%2Fv2%2Fmedia&parent=10108"}],"wp:term":[{"taxonomy":"product_brand","embeddable":true,"href":"https:\/\/magiiik.netstory.com.pl\/index.php?rest_route=%2Fwp%2Fv2%2Fproduct_brand&post=10108"},{"taxonomy":"product_cat","embeddable":true,"href":"https:\/\/magiiik.netstory.com.pl\/index.php?rest_route=%2Fwp%2Fv2%2Fproduct_cat&post=10108"},{"taxonomy":"product_tag","embeddable":true,"href":"https:\/\/magiiik.netstory.com.pl\/index.php?rest_route=%2Fwp%2Fv2%2Fproduct_tag&post=10108"}],"curies":[{"name":"wp","href":"https:\/\/api.w.org\/{rel}","templated":true}]}}