{"id":10106,"date":"2025-09-19T13:32:35","date_gmt":"2025-09-19T11:32:35","guid":{"rendered":"https:\/\/magiiik.netstory.com.pl\/produkt\/wow-2-0-face-down-version-and-dvd-by-masuda\/"},"modified":"2025-09-19T13:33:09","modified_gmt":"2025-09-19T11:33:09","slug":"wow-2-0-face-down-version-and-dvd-by-masuda","status":"publish","type":"product","link":"https:\/\/magiiik.netstory.com.pl\/?product=wow-2-0-face-down-version-and-dvd-by-masuda","title":{"rendered":"WOW 2.0 (Face Down Version and DVD) by Masuda"},"content":{"rendered":"<p style=\"text-align: center;\"><span style=\"font-size: 12pt; font-family: arial, helvetica, sans-serif;\"><strong>WOW 2.0<\/strong> to naprawd\u0119 najbardziej widowiskowa, najsilniejsza, najbardziej praktyczna wersja tego tricku. I najlepsza wersja &#8222;ambitnej karty&#8221;!<\/span><\/p>\n<p style=\"text-align: center;\"><span style=\"font-size: 12pt; font-family: arial, helvetica, sans-serif;\">Wyobra\u017a sobie, \u017ce swoj\u0105 standardow\u0105 rutyn\u0119 &#8222;ambitnej karty&#8221; ko\u0144czysz efektem <strong>WOW 2.0<\/strong>! Stwarzasz tym samym zupe\u0142nie niemo\u017cliwe warunki! P\u00f3\u0142prze\u017aroczysty kawa\u0142ek plastiku jest umieszczony na wierzchu talii, a karta wybrana i podpisana przez widza pojawia si\u0119 w jego \u015brodku!\u00a0<\/span><\/p>\n<p style=\"text-align: center;\"><span style=\"font-size: 12pt; font-family: arial, helvetica, sans-serif;\">Widzowie b\u0119d\u0105 krzycze\u0107 ze zdumienia!<\/span><\/p>\n<p style=\"text-align: center;\"><span style=\"font-size: 12pt; font-family: arial, helvetica, sans-serif;\">Wielu topowych magik\u00f3w, jak <strong>David Blaine<\/strong>, <strong>Paul Harris<\/strong>, <strong>David Penn<\/strong> i inni zachwycili si\u0119 tym trickiem!<\/span><\/p>\n<p style=\"text-align: center;\"><span style=\"font-size: 12pt; font-family: arial, helvetica, sans-serif;\"><iframe loading=\"lazy\" src=\"\/\/www.youtube.com\/embed\/pFzaKAGPzh4\" width=\"534\" height=\"400\"><\/iframe><\/span><\/p>\n<p style=\"text-align: center;\"><span style=\"font-size: 12pt; font-family: arial, helvetica, sans-serif;\"><strong>WOW 2.0<\/strong> jest jednym z najbardziej zaskakuj\u0105cych efekt\u00f3w magicznych, jaki kiedykolwiek zosta\u0142 wymy\u015blony. \u0141atwy do wykonania i osza\u0142amiaj\u0105cy dla widza!<\/span><\/p>\n<p style=\"text-align: center;\"><span style=\"font-size: 12pt; font-family: arial, helvetica, sans-serif;\">W zestawie otrzymasz gimmick oraz DVD instrukta\u017cowe.<\/span><\/p>\n<p style=\"text-align: center;\"><strong><span style=\"font-size: 12pt; font-family: arial, helvetica, sans-serif;\">Polecamy,<\/span><\/strong><\/p>\n<p style=\"text-align: center;\"><strong><span style=\"font-size: 12pt; font-family: arial, helvetica, sans-serif;\">magiiik.pl<\/span><\/strong><\/p>\n","protected":false},"excerpt":{"rendered":"<p><strong>WOW 2.0 (Face Down Version and DVD) by Masuda\u00a0<\/strong><\/p>\n","protected":false},"featured_media":10107,"comment_status":"closed","ping_status":"open","template":"","meta":[],"product_brand":[],"product_cat":[41],"product_tag":[],"class_list":{"0":"post-10106","1":"product","2":"type-product","3":"status-publish","4":"has-post-thumbnail","6":"product_cat-mikro-iluzja-close-up-efekty-z-kartami","8":"first","9":"instock","10":"purchasable","11":"product-type-simple"},"_links":{"self":[{"href":"https:\/\/magiiik.netstory.com.pl\/index.php?rest_route=\/wp\/v2\/product\/10106","targetHints":{"allow":["GET"]}}],"collection":[{"href":"https:\/\/magiiik.netstory.com.pl\/index.php?rest_route=\/wp\/v2\/product"}],"about":[{"href":"https:\/\/magiiik.netstory.com.pl\/index.php?rest_route=\/wp\/v2\/types\/product"}],"replies":[{"embeddable":true,"href":"https:\/\/magiiik.netstory.com.pl\/index.php?rest_route=%2Fwp%2Fv2%2Fcomments&post=10106"}],"wp:featuredmedia":[{"embeddable":true,"href":"https:\/\/magiiik.netstory.com.pl\/index.php?rest_route=\/wp\/v2\/media\/10107"}],"wp:attachment":[{"href":"https:\/\/magiiik.netstory.com.pl\/index.php?rest_route=%2Fwp%2Fv2%2Fmedia&parent=10106"}],"wp:term":[{"taxonomy":"product_brand","embeddable":true,"href":"https:\/\/magiiik.netstory.com.pl\/index.php?rest_route=%2Fwp%2Fv2%2Fproduct_brand&post=10106"},{"taxonomy":"product_cat","embeddable":true,"href":"https:\/\/magiiik.netstory.com.pl\/index.php?rest_route=%2Fwp%2Fv2%2Fproduct_cat&post=10106"},{"taxonomy":"product_tag","embeddable":true,"href":"https:\/\/magiiik.netstory.com.pl\/index.php?rest_route=%2Fwp%2Fv2%2Fproduct_tag&post=10106"}],"curies":[{"name":"wp","href":"https:\/\/api.w.org\/{rel}","templated":true}]}}