{"id":10087,"date":"2025-09-19T13:32:35","date_gmt":"2025-09-19T11:32:35","guid":{"rendered":"https:\/\/magiiik.netstory.com.pl\/produkt\/burn-notice-by-takel\/"},"modified":"2025-09-19T13:32:38","modified_gmt":"2025-09-19T11:32:38","slug":"burn-notice-by-takel","status":"publish","type":"product","link":"https:\/\/magiiik.netstory.com.pl\/?product=burn-notice-by-takel","title":{"rendered":"Burn Notice by Takel"},"content":{"rendered":"<p style=\"text-align: center;\"><span style=\"font-size: 12pt; font-family: arial, helvetica, sans-serif;\">Tajemnicze pude\u0142ka zawsze by\u0142y dla magik\u00f3w k\u0142opotliwe, a dla widz\u00f3w zachwycaj\u0105ce. Podpisana przez widza karta, kt\u00f3ra w magiczny spos\u00f3b pojawia\u0142a si\u0119 w owym pude\u0142ku, zachwyca\u0142a przez dziesi\u0119ciolecia. Najcz\u0119\u015bciej s\u0105 to skomplikowane urz\u0105dzenia, kt\u00f3rych nie mo\u017cna da\u0107 do sprawdzenia i wygl\u0105daj\u0105 bardzo podejrzanie. Z <strong>Burn Notice<\/strong> jest inaczej&#8230;<\/span><\/p>\n<p style=\"text-align: center;\"><span style=\"font-size: 12pt; font-family: arial, helvetica, sans-serif;\">Spraw, aby podpisana karta przez widza znikn\u0119\u0142a z talii i pojawi\u0142a si\u0119 w pude\u0142ku zapa\u0142ek! Prosty efekt, ale niepowtarzalny, kt\u00f3ry zaskoczy ka\u017cdego widza!\u00a0<\/span><\/p>\n<p style=\"text-align: center;\"><span style=\"font-size: 12pt; font-family: arial, helvetica, sans-serif;\"><iframe loading=\"lazy\" src=\"\/\/www.youtube.com\/embed\/oyGuZfGRRo4\" width=\"571\" height=\"470\"><\/iframe><\/span><\/p>\n<p style=\"text-align: center;\"><strong><span style=\"font-size: 12pt; font-family: arial, helvetica, sans-serif;\">Polecamy,<\/span><\/strong><\/p>\n<p style=\"text-align: center;\"><strong><span style=\"font-size: 12pt; font-family: arial, helvetica, sans-serif;\">magiiik.pl<\/span><\/strong><\/p>\n","protected":false},"excerpt":{"rendered":"<p><strong>Burn Notice by Takel\u00a0<\/strong><\/p>\n","protected":false},"featured_media":10088,"comment_status":"closed","ping_status":"open","template":"","meta":[],"product_brand":[],"product_cat":[41],"product_tag":[],"class_list":{"0":"post-10087","1":"product","2":"type-product","3":"status-publish","4":"has-post-thumbnail","6":"product_cat-mikro-iluzja-close-up-efekty-z-kartami","8":"first","9":"instock","10":"purchasable","11":"product-type-simple"},"_links":{"self":[{"href":"https:\/\/magiiik.netstory.com.pl\/index.php?rest_route=\/wp\/v2\/product\/10087","targetHints":{"allow":["GET"]}}],"collection":[{"href":"https:\/\/magiiik.netstory.com.pl\/index.php?rest_route=\/wp\/v2\/product"}],"about":[{"href":"https:\/\/magiiik.netstory.com.pl\/index.php?rest_route=\/wp\/v2\/types\/product"}],"replies":[{"embeddable":true,"href":"https:\/\/magiiik.netstory.com.pl\/index.php?rest_route=%2Fwp%2Fv2%2Fcomments&post=10087"}],"wp:featuredmedia":[{"embeddable":true,"href":"https:\/\/magiiik.netstory.com.pl\/index.php?rest_route=\/wp\/v2\/media\/10088"}],"wp:attachment":[{"href":"https:\/\/magiiik.netstory.com.pl\/index.php?rest_route=%2Fwp%2Fv2%2Fmedia&parent=10087"}],"wp:term":[{"taxonomy":"product_brand","embeddable":true,"href":"https:\/\/magiiik.netstory.com.pl\/index.php?rest_route=%2Fwp%2Fv2%2Fproduct_brand&post=10087"},{"taxonomy":"product_cat","embeddable":true,"href":"https:\/\/magiiik.netstory.com.pl\/index.php?rest_route=%2Fwp%2Fv2%2Fproduct_cat&post=10087"},{"taxonomy":"product_tag","embeddable":true,"href":"https:\/\/magiiik.netstory.com.pl\/index.php?rest_route=%2Fwp%2Fv2%2Fproduct_tag&post=10087"}],"curies":[{"name":"wp","href":"https:\/\/api.w.org\/{rel}","templated":true}]}}