{"id":10082,"date":"2025-09-19T13:32:35","date_gmt":"2025-09-19T11:32:35","guid":{"rendered":"https:\/\/magiiik.netstory.com.pl\/produkt\/quarantined-red-gimmick-and-dvd-by-craig-petty\/"},"modified":"2025-09-19T13:32:36","modified_gmt":"2025-09-19T11:32:36","slug":"quarantined-red-gimmick-and-dvd-by-craig-petty","status":"publish","type":"product","link":"https:\/\/magiiik.netstory.com.pl\/?product=quarantined-red-gimmick-and-dvd-by-craig-petty","title":{"rendered":"Quarantined RED (Gimmick and DVD) by Craig Petty"},"content":{"rendered":"<p style=\"text-align: center;\"><span style=\"font-size: 12pt; font-family: arial, helvetica, sans-serif;\"><strong>World Magic Shop<\/strong> ma zaszczyt przedstawi\u0107 Pa\u0144stwu <strong>QUARANTINED<\/strong>, tw\u00f3rcy tak wspania\u0142ych efekt\u00f3w, jak: &#8222;<strong>Mirage Coin Set<\/strong>&#8222;, &#8222;<strong>Split Happens<\/strong>&#8221; oraz &#8222;<strong>Born a Freak<\/strong>&#8222;. <strong>Craig Petty<\/strong>, bo o Nim mowa stworzy\u0142 kolejny niesamowity efekt!<\/span><\/p>\n<p style=\"text-align: center;\"><span style=\"font-size: 12pt; font-family: arial, helvetica, sans-serif;\">Standardowo widz wybiera kart\u0119 i j\u0105 podpisuje. Nast\u0119pnie prezentowane s\u0105 r\u00f3\u017cne wersje &#8222;ambitnej karty&#8221;. Na koniec, iluzjonista m\u00f3wi, \u017ce teraz podda tali\u0119 kwarantannie. W tym celu, w magiczny spos\u00f3b sprawia, \u017ce talia zostaje owini\u0119ta foli\u0105 termokurczliw\u0105. Co ciekawe, z tak zamkni\u0119tej talii wyci\u0105ga kart\u0119 podpisan\u0105 przez widza! Wszystko teraz jest do dok\u0142adnego sprawdzenia.\u00a0<\/span><\/p>\n<p style=\"text-align: center;\"><span style=\"font-size: 12pt; font-family: arial, helvetica, sans-serif;\"><iframe loading=\"lazy\" src=\"\/\/www.youtube.com\/embed\/UGTHm5Jm9HU\" width=\"508\" height=\"418\"><\/iframe><\/span><\/p>\n<p style=\"text-align: center;\"><span style=\"font-size: 12pt; font-family: arial, helvetica, sans-serif;\">&#8211; \u0142atwe do wykonania;<\/span><\/p>\n<p style=\"text-align: center;\"><span style=\"font-size: 12pt; font-family: arial, helvetica, sans-serif;\">&#8211; mo\u017cesz wykona\u0107 ten trick b\u0119d\u0105c ca\u0142kowicie otoczonym widzami;<\/span><\/p>\n<p style=\"text-align: center;\"><span style=\"font-size: 12pt; font-family: arial, helvetica, sans-serif;\">&#8211; DVD z ca\u0142\u0105 rutyn\u0105.<\/span><\/p>\n<p style=\"text-align: center;\"><span style=\"font-size: 12pt; font-family: arial, helvetica, sans-serif;\">Twoja &#8222;ambitna karta&#8221; ju\u017c nigdy nie b\u0119dzie taka sama&#8230;<\/span><\/p>\n<p style=\"text-align: center;\">\u00a0<\/p>\n<p style=\"text-align: center;\"><strong><span style=\"font-size: 12pt; font-family: arial, helvetica, sans-serif;\">Polecamy,<\/span><\/strong><\/p>\n<p style=\"text-align: center;\"><strong><span style=\"font-size: 12pt; font-family: arial, helvetica, sans-serif;\">magiiik.pl<\/span><\/strong><\/p>\n","protected":false},"excerpt":{"rendered":"<p><strong>Quarantined RED (Gimmick and DVD) by Craig Petty<\/strong><\/p>\n","protected":false},"featured_media":10083,"comment_status":"closed","ping_status":"open","template":"","meta":[],"product_brand":[],"product_cat":[41],"product_tag":[],"class_list":{"0":"post-10082","1":"product","2":"type-product","3":"status-publish","4":"has-post-thumbnail","6":"product_cat-mikro-iluzja-close-up-efekty-z-kartami","8":"first","9":"instock","10":"purchasable","11":"product-type-simple"},"_links":{"self":[{"href":"https:\/\/magiiik.netstory.com.pl\/index.php?rest_route=\/wp\/v2\/product\/10082","targetHints":{"allow":["GET"]}}],"collection":[{"href":"https:\/\/magiiik.netstory.com.pl\/index.php?rest_route=\/wp\/v2\/product"}],"about":[{"href":"https:\/\/magiiik.netstory.com.pl\/index.php?rest_route=\/wp\/v2\/types\/product"}],"replies":[{"embeddable":true,"href":"https:\/\/magiiik.netstory.com.pl\/index.php?rest_route=%2Fwp%2Fv2%2Fcomments&post=10082"}],"wp:featuredmedia":[{"embeddable":true,"href":"https:\/\/magiiik.netstory.com.pl\/index.php?rest_route=\/wp\/v2\/media\/10083"}],"wp:attachment":[{"href":"https:\/\/magiiik.netstory.com.pl\/index.php?rest_route=%2Fwp%2Fv2%2Fmedia&parent=10082"}],"wp:term":[{"taxonomy":"product_brand","embeddable":true,"href":"https:\/\/magiiik.netstory.com.pl\/index.php?rest_route=%2Fwp%2Fv2%2Fproduct_brand&post=10082"},{"taxonomy":"product_cat","embeddable":true,"href":"https:\/\/magiiik.netstory.com.pl\/index.php?rest_route=%2Fwp%2Fv2%2Fproduct_cat&post=10082"},{"taxonomy":"product_tag","embeddable":true,"href":"https:\/\/magiiik.netstory.com.pl\/index.php?rest_route=%2Fwp%2Fv2%2Fproduct_tag&post=10082"}],"curies":[{"name":"wp","href":"https:\/\/api.w.org\/{rel}","templated":true}]}}