{"id":10080,"date":"2025-09-19T13:32:35","date_gmt":"2025-09-19T11:32:35","guid":{"rendered":"https:\/\/magiiik.netstory.com.pl\/produkt\/in-the-deck-red-by-doc-dixon\/"},"modified":"2025-09-19T13:32:35","modified_gmt":"2025-09-19T11:32:35","slug":"in-the-deck-red-by-doc-dixon","status":"publish","type":"product","link":"https:\/\/magiiik.netstory.com.pl\/?product=in-the-deck-red-by-doc-dixon","title":{"rendered":"In The Deck (Red) by Doc Dixon"},"content":{"rendered":"<p style=\"text-align: center;\"><span style=\"font-size: 12pt; font-family: arial, helvetica, sans-serif;\">Podpisana przez widza karta umieszczana jest w \u015brodek talii. Wielokrotnie czynno\u015b\u0107 jest powtarzana i karta ci\u0105gle pojawia si\u0119 na wierzchu talii. W ostatnim podej\u015bciu talia jest po\u0142o\u017cona na d\u0142oni widza, ale okazuje si\u0119, \u017ce zamieni\u0142a si\u0119 ona w &#8222;pude\u0142ko&#8221; wykonane z kart, a podpisana karta z\u0142o\u017cona na 4 cz\u0119\u015bci jest w jego \u015brodku!\u00a0<\/span><\/p>\n<p style=\"text-align: center;\"><span style=\"font-size: 12pt; font-family: arial, helvetica, sans-serif;\">W zestawie otrzymasz pude\u0142ko z talii kart oraz DVD z kilkoma r\u00f3\u017cnymi rutynami do wykonania.<\/span><\/p>\n<p style=\"text-align: center;\"><strong><span style=\"font-size: 12pt; font-family: arial, helvetica, sans-serif;\">Polecamy,<\/span><\/strong><\/p>\n<p style=\"text-align: center;\"><strong><span style=\"font-size: 12pt; font-family: arial, helvetica, sans-serif;\">magiiik.pl<\/span><\/strong><\/p>\n<p>\u00a0<\/p>\n","protected":false},"excerpt":{"rendered":"<p><strong>\u00a0In The Deck (Red) by Doc Dixon<\/strong><\/p>\n","protected":false},"featured_media":10081,"comment_status":"closed","ping_status":"open","template":"","meta":[],"product_brand":[],"product_cat":[41],"product_tag":[],"class_list":{"0":"post-10080","1":"product","2":"type-product","3":"status-publish","4":"has-post-thumbnail","6":"product_cat-mikro-iluzja-close-up-efekty-z-kartami","8":"first","9":"instock","10":"purchasable","11":"product-type-simple"},"_links":{"self":[{"href":"https:\/\/magiiik.netstory.com.pl\/index.php?rest_route=\/wp\/v2\/product\/10080","targetHints":{"allow":["GET"]}}],"collection":[{"href":"https:\/\/magiiik.netstory.com.pl\/index.php?rest_route=\/wp\/v2\/product"}],"about":[{"href":"https:\/\/magiiik.netstory.com.pl\/index.php?rest_route=\/wp\/v2\/types\/product"}],"replies":[{"embeddable":true,"href":"https:\/\/magiiik.netstory.com.pl\/index.php?rest_route=%2Fwp%2Fv2%2Fcomments&post=10080"}],"wp:featuredmedia":[{"embeddable":true,"href":"https:\/\/magiiik.netstory.com.pl\/index.php?rest_route=\/wp\/v2\/media\/10081"}],"wp:attachment":[{"href":"https:\/\/magiiik.netstory.com.pl\/index.php?rest_route=%2Fwp%2Fv2%2Fmedia&parent=10080"}],"wp:term":[{"taxonomy":"product_brand","embeddable":true,"href":"https:\/\/magiiik.netstory.com.pl\/index.php?rest_route=%2Fwp%2Fv2%2Fproduct_brand&post=10080"},{"taxonomy":"product_cat","embeddable":true,"href":"https:\/\/magiiik.netstory.com.pl\/index.php?rest_route=%2Fwp%2Fv2%2Fproduct_cat&post=10080"},{"taxonomy":"product_tag","embeddable":true,"href":"https:\/\/magiiik.netstory.com.pl\/index.php?rest_route=%2Fwp%2Fv2%2Fproduct_tag&post=10080"}],"curies":[{"name":"wp","href":"https:\/\/api.w.org\/{rel}","templated":true}]}}