{"id":10074,"date":"2025-09-19T13:32:05","date_gmt":"2025-09-19T11:32:05","guid":{"rendered":"https:\/\/magiiik.netstory.com.pl\/produkt\/mental-epic-mentalna-tablica-by-mr-magic\/"},"modified":"2025-09-19T13:32:28","modified_gmt":"2025-09-19T11:32:28","slug":"mental-epic-mentalna-tablica-by-mr-magic","status":"publish","type":"product","link":"https:\/\/magiiik.netstory.com.pl\/?product=mental-epic-mentalna-tablica-by-mr-magic","title":{"rendered":"Mental Epic (mentalna tablica) by Mr. Magic"},"content":{"rendered":"<p style=\"text-align: center;\"><span style=\"font-size: 12pt; font-family: arial, helvetica, sans-serif;\"><strong>Mental Epic<\/strong> to jeden z bardziej klasycznych efekt\u00f3w mentalnych, a jednocze\u015bnie jeden z najlepszych efekt\u00f3w w mentalizmie!\u00a0<\/span><\/p>\n<p style=\"text-align: center;\"><span style=\"font-size: 12pt; font-family: arial, helvetica, sans-serif;\">Iluzjonista prezentuje du\u017c\u0105, drewnian\u0105 tablic\u0119, podzielon\u0105 na 6 sekcji. Widzowie podaj\u0105 swoje propozycje, kt\u00f3re s\u0105 zapisywane w dolnych kwadratach. G\u00f3rne s\u0105 zas\u0142oni\u0119te, ze wzgl\u0119du na zapisan\u0105 przepowiedni\u0119. Po ods\u0142oni\u0119ciu okazuje si\u0119, \u017ce magik dok\u0142adnie przewidzia\u0142 propozycje widz\u00f3w!<\/span><\/p>\n<p style=\"text-align: center;\"><span style=\"color: #ff0000;\"><strong><span style=\"font-size: 12pt; font-family: arial, helvetica, sans-serif;\">WERSJA NA SCEN\u0118<\/span><\/strong><\/span><\/p>\n<p style=\"text-align: center;\"><strong><span style=\"font-size: 12pt; font-family: arial, helvetica, sans-serif;\">Polecamy,<\/span><\/strong><\/p>\n<p style=\"text-align: center;\"><strong><span style=\"font-size: 12pt; font-family: arial, helvetica, sans-serif;\">magiiik.pl<\/span><\/strong><\/p>\n","protected":false},"excerpt":{"rendered":"<p><strong>Mental Epic (mentalna tablica) by Mr. Magic<\/strong><\/p>\n","protected":false},"featured_media":10075,"comment_status":"closed","ping_status":"open","template":"","meta":[],"product_brand":[],"product_cat":[24],"product_tag":[],"class_list":{"0":"post-10074","1":"product","2":"type-product","3":"status-publish","4":"has-post-thumbnail","6":"product_cat-mentalizm","8":"first","9":"instock","10":"purchasable","11":"product-type-simple"},"_links":{"self":[{"href":"https:\/\/magiiik.netstory.com.pl\/index.php?rest_route=\/wp\/v2\/product\/10074","targetHints":{"allow":["GET"]}}],"collection":[{"href":"https:\/\/magiiik.netstory.com.pl\/index.php?rest_route=\/wp\/v2\/product"}],"about":[{"href":"https:\/\/magiiik.netstory.com.pl\/index.php?rest_route=\/wp\/v2\/types\/product"}],"replies":[{"embeddable":true,"href":"https:\/\/magiiik.netstory.com.pl\/index.php?rest_route=%2Fwp%2Fv2%2Fcomments&post=10074"}],"wp:featuredmedia":[{"embeddable":true,"href":"https:\/\/magiiik.netstory.com.pl\/index.php?rest_route=\/wp\/v2\/media\/10075"}],"wp:attachment":[{"href":"https:\/\/magiiik.netstory.com.pl\/index.php?rest_route=%2Fwp%2Fv2%2Fmedia&parent=10074"}],"wp:term":[{"taxonomy":"product_brand","embeddable":true,"href":"https:\/\/magiiik.netstory.com.pl\/index.php?rest_route=%2Fwp%2Fv2%2Fproduct_brand&post=10074"},{"taxonomy":"product_cat","embeddable":true,"href":"https:\/\/magiiik.netstory.com.pl\/index.php?rest_route=%2Fwp%2Fv2%2Fproduct_cat&post=10074"},{"taxonomy":"product_tag","embeddable":true,"href":"https:\/\/magiiik.netstory.com.pl\/index.php?rest_route=%2Fwp%2Fv2%2Fproduct_tag&post=10074"}],"curies":[{"name":"wp","href":"https:\/\/api.w.org\/{rel}","templated":true}]}}