{"id":10067,"date":"2025-09-19T13:32:05","date_gmt":"2025-09-19T11:32:05","guid":{"rendered":"https:\/\/magiiik.netstory.com.pl\/produkt\/deluxe-milk-glass-by-bazar-de-magia\/"},"modified":"2025-09-19T13:32:25","modified_gmt":"2025-09-19T11:32:25","slug":"deluxe-milk-glass-by-bazar-de-magia","status":"publish","type":"product","link":"https:\/\/magiiik.netstory.com.pl\/?product=deluxe-milk-glass-by-bazar-de-magia","title":{"rendered":"Deluxe Milk Glass by Bazar de Magia"},"content":{"rendered":"<p style=\"text-align: center;\"><span style=\"font-size: 12pt; font-family: arial, helvetica, sans-serif;\">Szklanka dzia\u0142a na podobnej zasadzie, co <strong><a href=\"\/pl\/p\/Vanishing-Milk-Pitcher-Pro-8.5-x-5-by-Bazar-de-Magia\/680\">Milk Pitcher<\/a><\/strong>.\u00a0<\/span><\/p>\n<p style=\"text-align: center;\"><span style=\"font-size: 12pt; font-family: arial, helvetica, sans-serif;\">Iluzjonista robi sto\u017cek z gazety i prezentuje szklank\u0119 z mlekiem, kt\u00f3re nast\u0119pnie wlewa do sto\u017cka. Okazuje si\u0119, \u017ce mleko znikn\u0119\u0142o, a gazeta zosta\u0142a nietkni\u0119ta!<\/span><\/p>\n<p><span style=\"font-size: 12pt; font-family: arial, helvetica, sans-serif;\">&#8211; nowy model;<\/span><\/p>\n<p><span style=\"font-size: 12pt; font-family: arial, helvetica, sans-serif;\">&#8211; wi\u0119ksza pojemno\u015b\u0107;<\/span><\/p>\n<p><span style=\"font-size: 12pt; font-family: arial, helvetica, sans-serif;\">&#8211; idealne dzia\u0142anie.<\/span><\/p>\n<p>\u00a0<\/p>\n<p><strong><span style=\"font-size: 12pt; font-family: arial, helvetica, sans-serif;\">Polecamy,<\/span><\/strong><\/p>\n<p><strong><span style=\"font-size: 12pt; font-family: arial, helvetica, sans-serif;\">magiiik.pl<\/span><\/strong><\/p>\n<p>\u00a0<\/p>\n","protected":false},"excerpt":{"rendered":"<p><strong>Deluxe Milk Glass by Bazar de Magia\u00a0<\/strong><\/p>\n","protected":false},"featured_media":10068,"comment_status":"closed","ping_status":"open","template":"","meta":[],"product_brand":[],"product_cat":[18],"product_tag":[],"class_list":{"0":"post-10067","1":"product","2":"type-product","3":"status-publish","4":"has-post-thumbnail","6":"product_cat-iluzja-dla-dzieci","8":"first","9":"instock","10":"purchasable","11":"product-type-simple"},"_links":{"self":[{"href":"https:\/\/magiiik.netstory.com.pl\/index.php?rest_route=\/wp\/v2\/product\/10067","targetHints":{"allow":["GET"]}}],"collection":[{"href":"https:\/\/magiiik.netstory.com.pl\/index.php?rest_route=\/wp\/v2\/product"}],"about":[{"href":"https:\/\/magiiik.netstory.com.pl\/index.php?rest_route=\/wp\/v2\/types\/product"}],"replies":[{"embeddable":true,"href":"https:\/\/magiiik.netstory.com.pl\/index.php?rest_route=%2Fwp%2Fv2%2Fcomments&post=10067"}],"wp:featuredmedia":[{"embeddable":true,"href":"https:\/\/magiiik.netstory.com.pl\/index.php?rest_route=\/wp\/v2\/media\/10068"}],"wp:attachment":[{"href":"https:\/\/magiiik.netstory.com.pl\/index.php?rest_route=%2Fwp%2Fv2%2Fmedia&parent=10067"}],"wp:term":[{"taxonomy":"product_brand","embeddable":true,"href":"https:\/\/magiiik.netstory.com.pl\/index.php?rest_route=%2Fwp%2Fv2%2Fproduct_brand&post=10067"},{"taxonomy":"product_cat","embeddable":true,"href":"https:\/\/magiiik.netstory.com.pl\/index.php?rest_route=%2Fwp%2Fv2%2Fproduct_cat&post=10067"},{"taxonomy":"product_tag","embeddable":true,"href":"https:\/\/magiiik.netstory.com.pl\/index.php?rest_route=%2Fwp%2Fv2%2Fproduct_tag&post=10067"}],"curies":[{"name":"wp","href":"https:\/\/api.w.org\/{rel}","templated":true}]}}