{"id":10054,"date":"2025-09-19T13:32:05","date_gmt":"2025-09-19T11:32:05","guid":{"rendered":"https:\/\/magiiik.netstory.com.pl\/produkt\/insta-snow-powder-sztuczny-snieg-100-gr\/"},"modified":"2025-09-19T13:32:20","modified_gmt":"2025-09-19T11:32:20","slug":"insta-snow-powder-sztuczny-snieg-100-gr","status":"publish","type":"product","link":"https:\/\/magiiik.netstory.com.pl\/?product=insta-snow-powder-sztuczny-snieg-100-gr","title":{"rendered":"Insta-Snow Powder (sztuczny \u015bnieg) (100 gr)"},"content":{"rendered":"<p style=\"text-align: center;\"><span style=\"font-size: 12pt; font-family: arial, helvetica, sans-serif;\">Proszek <strong>Insta-Snow\u00ae<\/strong> to najwy\u017cszej jako\u015bci sztuczny \u015bnieg, kt\u00f3ry zamienia zwyk\u0142\u0105 wod\u0119 w puszyst\u0105 substancj\u0119, kt\u00f3ra po kilku sekundach wygl\u0105da, jak prawdziwy \u015bnieg!<\/span><\/p>\n<p style=\"text-align: center;\"><strong><span style=\"font-size: 12pt; font-family: arial, helvetica, sans-serif;\">Polecamy,<\/span><\/strong><\/p>\n<p style=\"text-align: center;\"><strong><span style=\"font-size: 12pt; font-family: arial, helvetica, sans-serif;\">magiiik.pl<\/span><\/strong><\/p>\n","protected":false},"excerpt":{"rendered":"<p><strong>Insta-Snow Powder (sztuczny \u015bnieg) (100 gr)\u00a0<\/strong><\/p>\n","protected":false},"featured_media":10055,"comment_status":"closed","ping_status":"open","template":"","meta":[],"product_brand":[],"product_cat":[60],"product_tag":[],"class_list":{"0":"post-10054","1":"product","2":"type-product","3":"status-publish","4":"has-post-thumbnail","6":"product_cat-akcesoria-zele-pudry-snowstorm-refile-i-inne","8":"first","9":"instock","10":"purchasable","11":"product-type-simple"},"_links":{"self":[{"href":"https:\/\/magiiik.netstory.com.pl\/index.php?rest_route=\/wp\/v2\/product\/10054","targetHints":{"allow":["GET"]}}],"collection":[{"href":"https:\/\/magiiik.netstory.com.pl\/index.php?rest_route=\/wp\/v2\/product"}],"about":[{"href":"https:\/\/magiiik.netstory.com.pl\/index.php?rest_route=\/wp\/v2\/types\/product"}],"replies":[{"embeddable":true,"href":"https:\/\/magiiik.netstory.com.pl\/index.php?rest_route=%2Fwp%2Fv2%2Fcomments&post=10054"}],"wp:featuredmedia":[{"embeddable":true,"href":"https:\/\/magiiik.netstory.com.pl\/index.php?rest_route=\/wp\/v2\/media\/10055"}],"wp:attachment":[{"href":"https:\/\/magiiik.netstory.com.pl\/index.php?rest_route=%2Fwp%2Fv2%2Fmedia&parent=10054"}],"wp:term":[{"taxonomy":"product_brand","embeddable":true,"href":"https:\/\/magiiik.netstory.com.pl\/index.php?rest_route=%2Fwp%2Fv2%2Fproduct_brand&post=10054"},{"taxonomy":"product_cat","embeddable":true,"href":"https:\/\/magiiik.netstory.com.pl\/index.php?rest_route=%2Fwp%2Fv2%2Fproduct_cat&post=10054"},{"taxonomy":"product_tag","embeddable":true,"href":"https:\/\/magiiik.netstory.com.pl\/index.php?rest_route=%2Fwp%2Fv2%2Fproduct_tag&post=10054"}],"curies":[{"name":"wp","href":"https:\/\/api.w.org\/{rel}","templated":true}]}}