{"id":10036,"date":"2025-09-19T13:32:05","date_gmt":"2025-09-19T11:32:05","guid":{"rendered":"https:\/\/magiiik.netstory.com.pl\/produkt\/self-working-table-magic-by-karl-fulves-ksiazka\/"},"modified":"2025-09-19T13:32:11","modified_gmt":"2025-09-19T11:32:11","slug":"self-working-table-magic-by-karl-fulves-ksiazka","status":"publish","type":"product","link":"https:\/\/magiiik.netstory.com.pl\/?product=self-working-table-magic-by-karl-fulves-ksiazka","title":{"rendered":"Self Working Table Magic by Karl Fulves (ksi\u0105\u017cka)"},"content":{"rendered":"<p style=\"text-align: center;\"><span style=\"font-size: 12pt; font-family: arial, helvetica, sans-serif;\">Ta ksi\u0105\u017cka, to a\u017c <strong>97 niesamowitych efekt\u00f3w magicznych<\/strong> z przedmiotami codziennego u\u017cytku!<\/span><\/p>\n<p style=\"text-align: center;\"><span style=\"font-size: 12pt; font-family: arial, helvetica, sans-serif;\">Najlepsz\u0105 drog\u0105, aby osi\u0105gn\u0105\u0107 sukces jako magik, jest prezentacja trick\u00f3w w ka\u017cdych okoliczno\u015bciach i z ka\u017cdym przedmiotem. Mo\u017ce by\u0107 to moneta, chusteczka, o\u0142\u00f3wek, gumka itd. Powiniene\u015b by\u0107 w stanie wykona\u0107 cho\u0107 jeden trick z ka\u017cdym z tych przedmiot\u00f3w.\u00a0<\/span><\/p>\n<p style=\"text-align: center;\"><span style=\"font-size: 12pt; font-family: arial, helvetica, sans-serif;\">Ta ksi\u0105\u017cka prezentuje w\u0142a\u015bnie tego typu sztuczki. Jest to zbi\u00f3r jednych z najlepszych trick\u00f3w ze zwyk\u0142ymi przedmiotami. Jedyne, czego b\u0119dziesz potrzebowa\u0142, to rekwizyt\u00f3w, takich jak: jajko, karty, kostki do gry, gumki, balony, jab\u0142ka itd. Znajdziesz tu instrukcje, krok po kroku, jak wykona\u0107 te efekty.\u00a0<\/span><\/p>\n<p style=\"text-align: center;\"><span style=\"font-size: 12pt; font-family: arial, helvetica, sans-serif;\">\u00a0\u00a0<\/span><br \/><span style=\"font-size: 12pt; font-family: arial, helvetica, sans-serif;\">\u00a0Ksi\u0105\u017cka w mi\u0119kkiej ok\u0142adce, 122 stron, 185 ilustracji.<\/span><\/p>\n<p style=\"text-align: center;\"><strong><span style=\"font-size: 12pt; font-family: arial, helvetica, sans-serif;\">Polecamy,<\/span><\/strong><\/p>\n<p style=\"text-align: center;\"><strong><span style=\"font-size: 12pt; font-family: arial, helvetica, sans-serif;\">magiiik.pl<\/span><\/strong><\/p>\n<p>\u00a0<\/p>\n","protected":false},"excerpt":{"rendered":"<p><strong>Self Working Table Magic by Karl Fulves\u00a0<\/strong><\/p>\n","protected":false},"featured_media":10037,"comment_status":"closed","ping_status":"open","template":"","meta":[],"product_brand":[],"product_cat":[56],"product_tag":[],"class_list":{"0":"post-10036","1":"product","2":"type-product","3":"status-publish","4":"has-post-thumbnail","6":"product_cat-ksiazki-dvd-download-ksiazki","8":"first","9":"instock","10":"purchasable","11":"product-type-simple"},"_links":{"self":[{"href":"https:\/\/magiiik.netstory.com.pl\/index.php?rest_route=\/wp\/v2\/product\/10036","targetHints":{"allow":["GET"]}}],"collection":[{"href":"https:\/\/magiiik.netstory.com.pl\/index.php?rest_route=\/wp\/v2\/product"}],"about":[{"href":"https:\/\/magiiik.netstory.com.pl\/index.php?rest_route=\/wp\/v2\/types\/product"}],"replies":[{"embeddable":true,"href":"https:\/\/magiiik.netstory.com.pl\/index.php?rest_route=%2Fwp%2Fv2%2Fcomments&post=10036"}],"wp:featuredmedia":[{"embeddable":true,"href":"https:\/\/magiiik.netstory.com.pl\/index.php?rest_route=\/wp\/v2\/media\/10037"}],"wp:attachment":[{"href":"https:\/\/magiiik.netstory.com.pl\/index.php?rest_route=%2Fwp%2Fv2%2Fmedia&parent=10036"}],"wp:term":[{"taxonomy":"product_brand","embeddable":true,"href":"https:\/\/magiiik.netstory.com.pl\/index.php?rest_route=%2Fwp%2Fv2%2Fproduct_brand&post=10036"},{"taxonomy":"product_cat","embeddable":true,"href":"https:\/\/magiiik.netstory.com.pl\/index.php?rest_route=%2Fwp%2Fv2%2Fproduct_cat&post=10036"},{"taxonomy":"product_tag","embeddable":true,"href":"https:\/\/magiiik.netstory.com.pl\/index.php?rest_route=%2Fwp%2Fv2%2Fproduct_tag&post=10036"}],"curies":[{"name":"wp","href":"https:\/\/api.w.org\/{rel}","templated":true}]}}