{"id":10020,"date":"2025-09-19T13:31:25","date_gmt":"2025-09-19T11:31:25","guid":{"rendered":"https:\/\/magiiik.netstory.com.pl\/produkt\/tarbell-course-in-magic-ksiazka\/"},"modified":"2025-09-19T13:31:57","modified_gmt":"2025-09-19T11:31:57","slug":"tarbell-course-in-magic-ksiazka","status":"publish","type":"product","link":"https:\/\/magiiik.netstory.com.pl\/?product=tarbell-course-in-magic-ksiazka","title":{"rendered":"Tarbell Course in Magic (ksi\u0105\u017cka)"},"content":{"rendered":"<p style=\"text-align: center;\"><span style=\"font-size: 12pt; font-family: arial, helvetica, sans-serif;\">To niesamowita seria 8 ksi\u0105\u017cek. <strong>To pe\u0142en kurs magii!<\/strong> W ka\u017cdej ksi\u0105\u017cce, kt\u00f3ra ma \u015brednio 400 stron (!) znajduje si\u0119 \u015brednio 10 lekcji i ca\u0142a masa szczeg\u00f3\u0142owych ilustracji! To skarbnica wiedzy, kt\u00f3ra powinna znajdowa\u0107 si\u0119 w ka\u017cdej bibliotece profesjonalnego iluzjonisty.<\/span><\/p>\n<p style=\"text-align: center;\"><strong><span style=\"font-size: 12pt; font-family: arial, helvetica, sans-serif;\">Polecamy,<\/span><\/strong><\/p>\n<p style=\"text-align: center;\"><strong><span style=\"font-size: 12pt; font-family: arial, helvetica, sans-serif;\">magiiik.pl<\/span><\/strong><\/p>\n","protected":false},"excerpt":{"rendered":"<p><strong>Tarbell Course in Magic<\/strong><\/p>\n","protected":false},"featured_media":10021,"comment_status":"closed","ping_status":"open","template":"","meta":[],"product_brand":[],"product_cat":[56],"product_tag":[],"class_list":{"0":"post-10020","1":"product","2":"type-product","3":"status-publish","4":"has-post-thumbnail","6":"product_cat-ksiazki-dvd-download-ksiazki","8":"first","9":"instock","10":"purchasable","11":"product-type-simple"},"_links":{"self":[{"href":"https:\/\/magiiik.netstory.com.pl\/index.php?rest_route=\/wp\/v2\/product\/10020","targetHints":{"allow":["GET"]}}],"collection":[{"href":"https:\/\/magiiik.netstory.com.pl\/index.php?rest_route=\/wp\/v2\/product"}],"about":[{"href":"https:\/\/magiiik.netstory.com.pl\/index.php?rest_route=\/wp\/v2\/types\/product"}],"replies":[{"embeddable":true,"href":"https:\/\/magiiik.netstory.com.pl\/index.php?rest_route=%2Fwp%2Fv2%2Fcomments&post=10020"}],"wp:featuredmedia":[{"embeddable":true,"href":"https:\/\/magiiik.netstory.com.pl\/index.php?rest_route=\/wp\/v2\/media\/10021"}],"wp:attachment":[{"href":"https:\/\/magiiik.netstory.com.pl\/index.php?rest_route=%2Fwp%2Fv2%2Fmedia&parent=10020"}],"wp:term":[{"taxonomy":"product_brand","embeddable":true,"href":"https:\/\/magiiik.netstory.com.pl\/index.php?rest_route=%2Fwp%2Fv2%2Fproduct_brand&post=10020"},{"taxonomy":"product_cat","embeddable":true,"href":"https:\/\/magiiik.netstory.com.pl\/index.php?rest_route=%2Fwp%2Fv2%2Fproduct_cat&post=10020"},{"taxonomy":"product_tag","embeddable":true,"href":"https:\/\/magiiik.netstory.com.pl\/index.php?rest_route=%2Fwp%2Fv2%2Fproduct_tag&post=10020"}],"curies":[{"name":"wp","href":"https:\/\/api.w.org\/{rel}","templated":true}]}}