{"id":10018,"date":"2025-09-19T13:31:25","date_gmt":"2025-09-19T11:31:25","guid":{"rendered":"https:\/\/magiiik.netstory.com.pl\/produkt\/strong-magic-by-darwin-ortiz-ksiazka\/"},"modified":"2025-09-19T13:31:56","modified_gmt":"2025-09-19T11:31:56","slug":"strong-magic-by-darwin-ortiz-ksiazka","status":"publish","type":"product","link":"https:\/\/magiiik.netstory.com.pl\/?product=strong-magic-by-darwin-ortiz-ksiazka","title":{"rendered":"Strong Magic by Darwin Ortiz (ksi\u0105\u017cka)"},"content":{"rendered":"<p style=\"text-align: center;\"><strong><span style=\"font-size: 12pt; font-family: arial, helvetica, sans-serif;\">Ksi\u0105\u017cka ta ponownie wr\u00f3ci\u0142a do sprzeda\u017cy!<\/span><\/strong><\/p>\n<p style=\"text-align: center;\"><span style=\"font-size: 12pt; font-family: arial, helvetica, sans-serif;\">Dlaczego niekt\u00f3rzy iluzjoni\u015bci dostaj\u0105 wspania\u0142e reakcje publiczno\u015bci, kiedy inni nie mog\u0105 si\u0119 pochwali\u0107 owacjami na stoj\u0105co?<\/span><\/p>\n<p style=\"text-align: center;\"><span style=\"font-size: 12pt; font-family: arial, helvetica, sans-serif;\">Odpowiedzi na te i wiele innych pyta\u0144, znajdziesz w tej ksi\u0105\u017cce.\u00a0<\/span><\/p>\n<p style=\"text-align: center;\"><span style=\"font-size: 12pt; font-family: arial, helvetica, sans-serif;\">Profesjonalny i zawodowy iluzjonista, <strong>Darwin Ortiz<\/strong>, od prawie 20 lat czaruje tysi\u0105ce widz\u00f3w. W tym okresie uczy\u0142 si\u0119, co robi\u0107 i jak robi\u0107, aby ca\u0142kowicie ponie\u015b\u0107 swoj\u0105 publiczno\u015b\u0107. W swojej ksi\u0105\u017cce prezentuje wyniki swoich wieloletnich bada\u0144 i do\u015bwiadcze\u0144, aby ka\u017cdy iluzjonista m\u00f3g\u0142 zrozumie\u0107 pewne mechanizmy i m\u00f3g\u0142 z nich skorzysta\u0107.\u00a0<\/span><\/p>\n<p style=\"text-align: center;\"><span style=\"font-size: 12pt; font-family: arial, helvetica, sans-serif;\">Chcesz nies\u0142abn\u0105cych braw i pochwa\u0142? Chcesz, aby Tw\u00f3j magiczny show by\u0142 zapami\u0119tany przez Twoj\u0105 publiczno\u015b\u0107? <strong>STRONG MAGIC<\/strong> powie Ci, jak to zrobi\u0107. <strong>Darwin Ortiz<\/strong> napisa\u0142 nie jedn\u0105 ksi\u0105\u017ck\u0119 o kartach i monetach. Teraz czas na co\u015b o wiele wa\u017cniejszego: o manipulacji publiczno\u015bci\u0105! To nie jest nudna ksi\u0105\u017cka. Jest ona bardzo zabawna, fascynuj\u0105ca i ciekawa do czytania. To nie ksi\u0105\u017cka pe\u0142na niejasnej teorii. To ksi\u0105\u017cka nas\u0105czona licznymi przyk\u0142adami i konkretnymi technikami. Znajdziesz tu prawdziwe sekrety magii z bliska, kt\u00f3ra wywo\u0142uje silne reakcje!<\/span><\/p>\n<p style=\"text-align: center;\"><strong><span style=\"font-size: 12pt; font-family: arial, helvetica, sans-serif; color: #ff0000;\">UWAGA!<\/span><\/strong><\/p>\n<p style=\"text-align: center;\"><strong><span style=\"font-size: 12pt; font-family: arial, helvetica, sans-serif; color: #ff0000;\">Ksi\u0105\u017cka w j\u0119zyku angielskim.<\/span><\/strong><\/p>\n<p style=\"text-align: center;\"><strong><span style=\"font-size: 12pt; font-family: arial, helvetica, sans-serif;\">Polecamy,<\/span><\/strong><\/p>\n<p style=\"text-align: center;\"><strong><span style=\"font-size: 12pt; font-family: arial, helvetica, sans-serif;\">magiiik.pl<\/span><\/strong><\/p>\n","protected":false},"excerpt":{"rendered":"<p><strong>Strong Magic by Darwin Ortiz<\/strong><\/p>\n","protected":false},"featured_media":10019,"comment_status":"closed","ping_status":"open","template":"","meta":[],"product_brand":[],"product_cat":[56],"product_tag":[],"class_list":{"0":"post-10018","1":"product","2":"type-product","3":"status-publish","4":"has-post-thumbnail","6":"product_cat-ksiazki-dvd-download-ksiazki","8":"first","9":"instock","10":"purchasable","11":"product-type-simple"},"_links":{"self":[{"href":"https:\/\/magiiik.netstory.com.pl\/index.php?rest_route=\/wp\/v2\/product\/10018","targetHints":{"allow":["GET"]}}],"collection":[{"href":"https:\/\/magiiik.netstory.com.pl\/index.php?rest_route=\/wp\/v2\/product"}],"about":[{"href":"https:\/\/magiiik.netstory.com.pl\/index.php?rest_route=\/wp\/v2\/types\/product"}],"replies":[{"embeddable":true,"href":"https:\/\/magiiik.netstory.com.pl\/index.php?rest_route=%2Fwp%2Fv2%2Fcomments&post=10018"}],"wp:featuredmedia":[{"embeddable":true,"href":"https:\/\/magiiik.netstory.com.pl\/index.php?rest_route=\/wp\/v2\/media\/10019"}],"wp:attachment":[{"href":"https:\/\/magiiik.netstory.com.pl\/index.php?rest_route=%2Fwp%2Fv2%2Fmedia&parent=10018"}],"wp:term":[{"taxonomy":"product_brand","embeddable":true,"href":"https:\/\/magiiik.netstory.com.pl\/index.php?rest_route=%2Fwp%2Fv2%2Fproduct_brand&post=10018"},{"taxonomy":"product_cat","embeddable":true,"href":"https:\/\/magiiik.netstory.com.pl\/index.php?rest_route=%2Fwp%2Fv2%2Fproduct_cat&post=10018"},{"taxonomy":"product_tag","embeddable":true,"href":"https:\/\/magiiik.netstory.com.pl\/index.php?rest_route=%2Fwp%2Fv2%2Fproduct_tag&post=10018"}],"curies":[{"name":"wp","href":"https:\/\/api.w.org\/{rel}","templated":true}]}}