{"id":10016,"date":"2025-09-19T13:31:25","date_gmt":"2025-09-19T11:31:25","guid":{"rendered":"https:\/\/magiiik.netstory.com.pl\/produkt\/real-secrets-by-adam-milgate-ksiazka\/"},"modified":"2025-09-19T13:31:56","modified_gmt":"2025-09-19T11:31:56","slug":"real-secrets-by-adam-milgate-ksiazka","status":"publish","type":"product","link":"https:\/\/magiiik.netstory.com.pl\/?product=real-secrets-by-adam-milgate-ksiazka","title":{"rendered":"Real Secrets by Adam Milgate (ksi\u0105\u017cka)"},"content":{"rendered":"<p style=\"text-align: center;\"><strong><span style=\"font-size: 12pt; font-family: arial, helvetica, sans-serif;\">Je\u015bli chcesz, aby Twoja magia by\u0142a jeszcze lepsza, b\u0105d\u017a chcia\u0142by\u015b, aby sta\u0142a si\u0119 Twoj\u0105 pe\u0142noetatow\u0105 prac\u0105, ta ksi\u0105\u017cka Ci w tym pomo\u017ce.\u00a0<\/span><\/strong><\/p>\n<p style=\"text-align: center;\"><span style=\"font-size: 12pt; font-family: arial, helvetica, sans-serif;\">Zaczyna si\u0119 od zadawania kilku prostych pyta\u0144, kt\u00f3re mog\u0105 zmieni\u0107 Twoje \u017cycie.\u00a0<\/span><\/p>\n<p style=\"text-align: center;\"><span style=\"font-size: 12pt; font-family: arial, helvetica, sans-serif;\">Wewn\u0105trz znajdziesz wiele odpowiedzi oraz praktyczne wskaz\u00f3wki, krok po kroku, kt\u00f3re pomog\u0105 Ci sta\u0107 si\u0119 profesjonalnym iluzjonist\u0105.\u00a0<\/span><\/p>\n<p style=\"text-align: center;\"><span style=\"font-size: 12pt; font-family: arial, helvetica, sans-serif;\">Dowiesz si\u0119 mi\u0119dzy innymi, czy masz wszystko, czego potrzeba, aby sta\u0107 si\u0119 profesjonalnym iluzjonist\u0105, ile powinny kosztowa\u0107 Twoje pokazy, jak sprawi\u0107, aby Tw\u00f3j trick by\u0142 komercyjny i dobry dla Twojego biznesu, jak stworzy\u0107 abstrakcyjne i nowoczesne prezentacje trick\u00f3w magicznych, kt\u00f3re wykonujesz, jak budowa\u0107 profesjonalne akty i pokazy, jak zaoszcz\u0119dzi\u0107 czas, pieni\u0105dze i stres? Oraz wiele wiele innych.<\/span><\/p>\n<p style=\"text-align: center;\"><strong><span style=\"font-size: 12pt; font-family: arial, helvetica, sans-serif;\">To mo\u017ce by\u0107 najwa\u017cniejsza ksi\u0105\u017cka, jak\u0105 kiedykolwiek przeczytasz!<\/span><\/strong><\/p>\n<p style=\"text-align: center;\"><em><span style=\"font-size: 12pt; font-family: arial, helvetica, sans-serif;\"><strong>ADAM MILGATE<\/strong> &#8211; min\u0119\u0142o ponad 35 lat od Jego pierwszego profesjonalnego magicznego show. On jest iluzjonist\u0105 w ka\u017cdym znaczeniu tego s\u0142owa &#8211; robi wszystko, co z ni\u0105 zwi\u0105zane, pocz\u0105wszy od mikro iluzji, mentalizmu, brzuchom\u00f3wstwa, a nawet czytania kart Tarota! Szkoli\u0142 si\u0119 i pracowa\u0142 jako aktor na scenie, telewizji, filmie i radiu przez wiele lat, sko\u0144czywszy na karierze w reklamie.\u00a0<\/span><\/em><\/p>\n<p style=\"text-align: center;\">\u00a0<\/p>\n","protected":false},"excerpt":{"rendered":"<p><strong>Real Secrets by Adam Milgate<\/strong><\/p>\n","protected":false},"featured_media":10017,"comment_status":"closed","ping_status":"open","template":"","meta":[],"product_brand":[],"product_cat":[56],"product_tag":[],"class_list":{"0":"post-10016","1":"product","2":"type-product","3":"status-publish","4":"has-post-thumbnail","6":"product_cat-ksiazki-dvd-download-ksiazki","8":"first","9":"instock","10":"purchasable","11":"product-type-simple"},"_links":{"self":[{"href":"https:\/\/magiiik.netstory.com.pl\/index.php?rest_route=\/wp\/v2\/product\/10016","targetHints":{"allow":["GET"]}}],"collection":[{"href":"https:\/\/magiiik.netstory.com.pl\/index.php?rest_route=\/wp\/v2\/product"}],"about":[{"href":"https:\/\/magiiik.netstory.com.pl\/index.php?rest_route=\/wp\/v2\/types\/product"}],"replies":[{"embeddable":true,"href":"https:\/\/magiiik.netstory.com.pl\/index.php?rest_route=%2Fwp%2Fv2%2Fcomments&post=10016"}],"wp:featuredmedia":[{"embeddable":true,"href":"https:\/\/magiiik.netstory.com.pl\/index.php?rest_route=\/wp\/v2\/media\/10017"}],"wp:attachment":[{"href":"https:\/\/magiiik.netstory.com.pl\/index.php?rest_route=%2Fwp%2Fv2%2Fmedia&parent=10016"}],"wp:term":[{"taxonomy":"product_brand","embeddable":true,"href":"https:\/\/magiiik.netstory.com.pl\/index.php?rest_route=%2Fwp%2Fv2%2Fproduct_brand&post=10016"},{"taxonomy":"product_cat","embeddable":true,"href":"https:\/\/magiiik.netstory.com.pl\/index.php?rest_route=%2Fwp%2Fv2%2Fproduct_cat&post=10016"},{"taxonomy":"product_tag","embeddable":true,"href":"https:\/\/magiiik.netstory.com.pl\/index.php?rest_route=%2Fwp%2Fv2%2Fproduct_tag&post=10016"}],"curies":[{"name":"wp","href":"https:\/\/api.w.org\/{rel}","templated":true}]}}