{"id":10014,"date":"2025-09-19T13:31:25","date_gmt":"2025-09-19T11:31:25","guid":{"rendered":"https:\/\/magiiik.netstory.com.pl\/produkt\/the-amazing-alexander-by-justin-s-meitz-ksiazka\/"},"modified":"2025-09-19T13:31:55","modified_gmt":"2025-09-19T11:31:55","slug":"the-amazing-alexander-by-justin-s-meitz-ksiazka","status":"publish","type":"product","link":"https:\/\/magiiik.netstory.com.pl\/?product=the-amazing-alexander-by-justin-s-meitz-ksiazka","title":{"rendered":"The Amazing Alexander by Justin S. Meitz (ksi\u0105\u017cka)"},"content":{"rendered":"<p style=\"text-align: center;\"><strong><span style=\"font-size: 12pt; font-family: arial, helvetica, sans-serif;\">Naucz si\u0119 robi\u0107 niesamowit\u0105 zamian\u0119 banknotu wg Alexandra!\u00a0<\/span><\/strong><\/p>\n<p style=\"text-align: center;\"><span style=\"font-size: 12pt; font-family: arial, helvetica, sans-serif;\">Alex kocha magi\u0119. By\u0142 ma\u0142ym urwisem, a wi\u0119c dziadek zadziwia\u0142 go magicznymi sztuczkami z kartami, kolorowankami, lewituj\u0105cymi kulami i innymi trickami. Teraz czas na Alexa i jego pierwsze magiczne show. Jest podekscytowany! Mo\u017ce nawet b\u0119dzie wybrany, aby wyst\u0105pi\u0107 na scenie! Nagle wszystko si\u0119 zmienia i Alex prze\u017cywa niesamowit\u0105 przygod\u0119 w niezwyk\u0142ym miejscu z bia\u0142ymi tygrysami!\u00a0<\/span><\/p>\n<p style=\"text-align: center;\"><span style=\"font-size: 12pt; font-family: arial, helvetica, sans-serif;\"><iframe loading=\"lazy\" src=\"\/\/www.youtube.com\/embed\/9clWICWd5JM\" width=\"524\" height=\"350\"><\/iframe><\/span><\/p>\n<p style=\"text-align: center;\"><span style=\"font-size: 12pt; font-family: arial, helvetica, sans-serif;\">To nie jest zwyk\u0142a bajka. To ksi\u0105\u017cka, kt\u00f3ra uczy sztuki i etyki magii. Ksi\u0105\u017cka zawiera r\u00f3wnie\u017c magiczn\u0105 sztuczk\u0119, kt\u00f3rej czytelnik mo\u017ce si\u0119 nauczy\u0107. Doros\u0142y, dziecko, jak i m\u0142odzie\u017c pokocha t\u0119 ksi\u0105\u017ck\u0119, kt\u00f3ra ilustrowana jest dzie\u0142ami sztuki, kt\u00f3ra \u0142\u0105czy ekscytuj\u0105c\u0105 przygod\u0119, rado\u015b\u0107 z dzieci\u0144stwa z uczeniem si\u0119 i wykonywaniem prawdziwej magii!<\/span><\/p>\n<p style=\"text-align: center;\"><strong><span style=\"font-size: 12pt; font-family: arial, helvetica, sans-serif;\">Polecamy,<\/span><\/strong><\/p>\n<p style=\"text-align: center;\"><strong><span style=\"font-size: 12pt; font-family: arial, helvetica, sans-serif;\">magiiik.pl<\/span><\/strong><\/p>\n","protected":false},"excerpt":{"rendered":"<p><strong>The Amazing Alexander by Justin S. Meitz<\/strong><\/p>\n","protected":false},"featured_media":10015,"comment_status":"closed","ping_status":"open","template":"","meta":[],"product_brand":[],"product_cat":[56],"product_tag":[],"class_list":{"0":"post-10014","1":"product","2":"type-product","3":"status-publish","4":"has-post-thumbnail","6":"product_cat-ksiazki-dvd-download-ksiazki","8":"first","9":"instock","10":"purchasable","11":"product-type-simple"},"_links":{"self":[{"href":"https:\/\/magiiik.netstory.com.pl\/index.php?rest_route=\/wp\/v2\/product\/10014","targetHints":{"allow":["GET"]}}],"collection":[{"href":"https:\/\/magiiik.netstory.com.pl\/index.php?rest_route=\/wp\/v2\/product"}],"about":[{"href":"https:\/\/magiiik.netstory.com.pl\/index.php?rest_route=\/wp\/v2\/types\/product"}],"replies":[{"embeddable":true,"href":"https:\/\/magiiik.netstory.com.pl\/index.php?rest_route=%2Fwp%2Fv2%2Fcomments&post=10014"}],"wp:featuredmedia":[{"embeddable":true,"href":"https:\/\/magiiik.netstory.com.pl\/index.php?rest_route=\/wp\/v2\/media\/10015"}],"wp:attachment":[{"href":"https:\/\/magiiik.netstory.com.pl\/index.php?rest_route=%2Fwp%2Fv2%2Fmedia&parent=10014"}],"wp:term":[{"taxonomy":"product_brand","embeddable":true,"href":"https:\/\/magiiik.netstory.com.pl\/index.php?rest_route=%2Fwp%2Fv2%2Fproduct_brand&post=10014"},{"taxonomy":"product_cat","embeddable":true,"href":"https:\/\/magiiik.netstory.com.pl\/index.php?rest_route=%2Fwp%2Fv2%2Fproduct_cat&post=10014"},{"taxonomy":"product_tag","embeddable":true,"href":"https:\/\/magiiik.netstory.com.pl\/index.php?rest_route=%2Fwp%2Fv2%2Fproduct_tag&post=10014"}],"curies":[{"name":"wp","href":"https:\/\/api.w.org\/{rel}","templated":true}]}}