{"id":10012,"date":"2025-09-19T13:31:25","date_gmt":"2025-09-19T11:31:25","guid":{"rendered":"https:\/\/magiiik.netstory.com.pl\/produkt\/kids-show-masterplan-by-danny-orleans-and-vanishing-inc-ksiazka\/"},"modified":"2025-09-19T13:31:55","modified_gmt":"2025-09-19T11:31:55","slug":"kids-show-masterplan-by-danny-orleans-and-vanishing-inc-ksiazka","status":"publish","type":"product","link":"https:\/\/magiiik.netstory.com.pl\/?product=kids-show-masterplan-by-danny-orleans-and-vanishing-inc-ksiazka","title":{"rendered":"Kids Show Masterplan by Danny Orleans and Vanishing Inc (ksi\u0105\u017cka)"},"content":{"rendered":"<p style=\"text-align: center;\"><span style=\"font-size: 12pt; font-family: arial, helvetica, sans-serif;\">Nowa ksi\u0105\u017cka <strong>Danny Orleans<\/strong>&#8217;a ma szans\u0119 sta\u0107 si\u0119 wiod\u0105cym podr\u0119cznikiem iluzji dla dzieci.<\/span><\/p>\n<p style=\"text-align: center;\"><span style=\"font-size: 12pt; font-family: arial, helvetica, sans-serif;\">\u0141\u0105cz\u0105c swoje do\u015bwiadczenie jako nauczyciel dzieci z ponad 40 letnim do\u015bwiadczeniem wykonywania magii dla dzieci\u0119cej publiczno\u015bci w szko\u0142ach, przedszkolach, muzeach, teatrach, bibliotekach, <strong>Danny Orleans<\/strong> wreszcie ujawnia sw\u00f3j &#8222;<strong>Masterplan<\/strong>&#8221; o tym, jak stworzy\u0107 i zaprezentowa\u0107 magiczne show dla dzieci.<\/span><\/p>\n<p style=\"text-align: center;\"><span style=\"font-size: 12pt; font-family: arial, helvetica, sans-serif;\">Koniecznie obejrzyj poni\u017cszy film wprowadzaj\u0105cy do tej ksi\u0105\u017cki, kt\u00f3ra zawiera ponad 180 stron i 150 kolorowych zdj\u0119\u0107 i wykres\u00f3w, kt\u00f3re obrazuj\u0105 rzeczywiste do\u015bwiadczenie <strong>Danny<\/strong>&#8217;ego. Na \u0142amach tej ksi\u0105\u017cki dzieli si\u0119 swoj\u0105 teori\u0105, strategi\u0105 oraz 7-a niepublikowanymi efektami, kt\u00f3re pomog\u0105 Ci zbudowa\u0107 udane show dla dzieci. Niezale\u017cnie od tego, czy dopiero zaczynasz, czy jeste\u015b do\u015bwiadczonym iluzjonist\u0105 w pokazach dzieci\u0119cych, ta ksi\u0105\u017cka stanie si\u0119 dla Ciebie niezb\u0119dnym podr\u0119cznikiem.\u00a0<\/span><\/p>\n<p style=\"text-align: center;\"><span style=\"font-size: 12pt; font-family: arial, helvetica, sans-serif;\"><iframe loading=\"lazy\" src=\"\/\/www.youtube.com\/embed\/EUM7bpQ9f30\" width=\"487\" height=\"328\"><\/iframe><\/span><\/p>\n<p style=\"text-align: center;\"><span style=\"font-size: 12pt; font-family: arial, helvetica, sans-serif;\">Psychologiczne rady i techniki pomog\u0105 Ci zrozumie\u0107 dzieci, a dzi\u0119ki temu stworzy\u0107 niesamowite show, umiej\u0105c odpowiednio nad nimi zapanowa\u0107. Z tej ksi\u0105\u017cki poza trickami dowiesz si\u0119 mi\u0119dzy innymi, jak utrzyma\u0107 dzieci w pozycji siedz\u0105cej, jak radzi\u0107 sobie z p\u0142acz\u0105cymi dzie\u0107mi, jak wybiera\u0107 wolontariuszy, jak radzi\u0107 sobie z rozczarowaniem dzieci, kontrolowa\u0107 dzieci\u0119cych pomocnik\u00f3w na scenie, w jaki spos\u00f3b dotyka\u0107 dzieci.\u00a0<\/span><\/p>\n<p style=\"text-align: center;\"><span style=\"font-size: 12pt; font-family: arial, helvetica, sans-serif;\">Do\u015bwiadczenie <strong>Danny<\/strong>&#8217;ego w wykonywaniu magii dla dzieci nie ma sobie r\u00f3wnych. Jest On by\u0142ym nauczycielem w szkole podstawowej, kt\u00f3ry sta\u0142 si\u0119 mistrzem magii dla dzieci z ca\u0142ej Ameryce P\u00f3\u0142nocnej.\u00a0<\/span><\/p>\n<p style=\"text-align: center;\"><strong><span style=\"font-size: 12pt; font-family: arial, helvetica, sans-serif;\">Polecamy,<\/span><\/strong><\/p>\n<p style=\"text-align: center;\"><strong><span style=\"font-size: 12pt; font-family: arial, helvetica, sans-serif;\">magiiik.pl<\/span><\/strong><\/p>\n","protected":false},"excerpt":{"rendered":"<p><strong>Kids Show Masterplan by Danny Orleans and Vanishing Inc<\/strong><\/p>\n","protected":false},"featured_media":10013,"comment_status":"closed","ping_status":"open","template":"","meta":[],"product_brand":[],"product_cat":[56],"product_tag":[],"class_list":{"0":"post-10012","1":"product","2":"type-product","3":"status-publish","4":"has-post-thumbnail","6":"product_cat-ksiazki-dvd-download-ksiazki","8":"first","9":"instock","10":"purchasable","11":"product-type-simple"},"_links":{"self":[{"href":"https:\/\/magiiik.netstory.com.pl\/index.php?rest_route=\/wp\/v2\/product\/10012","targetHints":{"allow":["GET"]}}],"collection":[{"href":"https:\/\/magiiik.netstory.com.pl\/index.php?rest_route=\/wp\/v2\/product"}],"about":[{"href":"https:\/\/magiiik.netstory.com.pl\/index.php?rest_route=\/wp\/v2\/types\/product"}],"replies":[{"embeddable":true,"href":"https:\/\/magiiik.netstory.com.pl\/index.php?rest_route=%2Fwp%2Fv2%2Fcomments&post=10012"}],"wp:featuredmedia":[{"embeddable":true,"href":"https:\/\/magiiik.netstory.com.pl\/index.php?rest_route=\/wp\/v2\/media\/10013"}],"wp:attachment":[{"href":"https:\/\/magiiik.netstory.com.pl\/index.php?rest_route=%2Fwp%2Fv2%2Fmedia&parent=10012"}],"wp:term":[{"taxonomy":"product_brand","embeddable":true,"href":"https:\/\/magiiik.netstory.com.pl\/index.php?rest_route=%2Fwp%2Fv2%2Fproduct_brand&post=10012"},{"taxonomy":"product_cat","embeddable":true,"href":"https:\/\/magiiik.netstory.com.pl\/index.php?rest_route=%2Fwp%2Fv2%2Fproduct_cat&post=10012"},{"taxonomy":"product_tag","embeddable":true,"href":"https:\/\/magiiik.netstory.com.pl\/index.php?rest_route=%2Fwp%2Fv2%2Fproduct_tag&post=10012"}],"curies":[{"name":"wp","href":"https:\/\/api.w.org\/{rel}","templated":true}]}}