{"id":10005,"date":"2025-09-19T13:31:25","date_gmt":"2025-09-19T11:31:25","guid":{"rendered":"https:\/\/magiiik.netstory.com.pl\/produkt\/dagger-chest-head-sword-folding-przebijanie-glowy-mieczami\/"},"modified":"2025-09-19T13:31:51","modified_gmt":"2025-09-19T11:31:51","slug":"dagger-chest-head-sword-folding-przebijanie-glowy-mieczami","status":"publish","type":"product","link":"https:\/\/magiiik.netstory.com.pl\/?product=dagger-chest-head-sword-folding-przebijanie-glowy-mieczami","title":{"rendered":"Dagger Chest (Head Sword) Folding (przebijanie g\u0142owy mieczami)"},"content":{"rendered":"<p style=\"text-align: center;\"><span style=\"font-size: 12pt; font-family: arial, helvetica, sans-serif;\">Jest to idealny rekwizyt, aby powoli zacz\u0105\u0107 wprowadza\u0107 do swojego repertuaru du\u017ce iluzje.<\/span><\/p>\n<p style=\"text-align: center;\"><span style=\"font-size: 12pt; font-family: arial, helvetica, sans-serif;\"><strong>Efekt wykonywany przez iluzjonist\u00f3w na ca\u0142ym \u015bwiecie.<\/strong>\u00a0<\/span><\/p>\n<p style=\"text-align: center;\"><span style=\"font-size: 12pt; font-family: arial, helvetica, sans-serif;\">Iluzjonista zaprasza swoj\u0105 asystentk\u0119 i wk\u0142ada jej na g\u0142ow\u0119 skrzynk\u0119 z otworem, aby wszyscy mogli zobaczy\u0107 jej g\u0142ow\u0119 w \u015brodku. Nast\u0119pnie zamyka drzwiczki i po kolei wbija sztylety w g\u0142ow\u0119 asystentki. Po wbiciu ostatniego miecza otwiera drzwiczki i ku wstrz\u0105\u015bni\u0119tym widzom ukazuje si\u0119 niebywa\u0142y widok &#8211; g\u0142owa asystentki znikn\u0119\u0142a! Magik zamyka drzwiczki i wyci\u0105ga sztylety. Zdejmuje skrzynk\u0119 z nienaruszonej g\u0142owy kobiety.<\/span><\/p>\n<p style=\"text-align: center;\"><span style=\"font-size: 12pt; font-family: arial, helvetica, sans-serif;\">Wymiary: 37 cm. x 32 cm. x 27 cm.\u00a0<\/span><\/p>\n<p style=\"text-align: center;\"><span style=\"color: #ff0000;\"><strong><span style=\"font-size: 12pt; font-family: arial, helvetica, sans-serif;\">UWAGA!<\/span><\/strong><\/span><\/p>\n<p style=\"text-align: center;\"><span style=\"color: #ff0000;\"><strong><span style=\"font-size: 12pt; font-family: arial, helvetica, sans-serif;\">Zakup rekwizytu TYLKO w sklepie stacjonarnym magiiik.pl, w Kutnie!<\/span><\/strong><\/span><\/p>\n<p style=\"text-align: center;\">\u00a0<\/p>\n<p style=\"text-align: center;\"><strong><span style=\"font-size: 12pt; font-family: arial, helvetica, sans-serif;\">Polecamy,<\/span><\/strong><\/p>\n<p style=\"text-align: center;\"><strong><span style=\"font-size: 12pt; font-family: arial, helvetica, sans-serif;\">magiiik.pl<\/span><\/strong><\/p>\n","protected":false},"excerpt":{"rendered":"<p><strong>Dagger Chest (Head Sword) Folding<\/strong><\/p>\n","protected":false},"featured_media":10006,"comment_status":"closed","ping_status":"open","template":"","meta":[],"product_brand":[],"product_cat":[65],"product_tag":[],"class_list":{"0":"post-10005","1":"product","2":"type-product","3":"status-publish","4":"has-post-thumbnail","6":"product_cat-iluzja-sceniczna-iluzja-sceniczna","8":"first","9":"instock","10":"purchasable","11":"product-type-simple"},"_links":{"self":[{"href":"https:\/\/magiiik.netstory.com.pl\/index.php?rest_route=\/wp\/v2\/product\/10005","targetHints":{"allow":["GET"]}}],"collection":[{"href":"https:\/\/magiiik.netstory.com.pl\/index.php?rest_route=\/wp\/v2\/product"}],"about":[{"href":"https:\/\/magiiik.netstory.com.pl\/index.php?rest_route=\/wp\/v2\/types\/product"}],"replies":[{"embeddable":true,"href":"https:\/\/magiiik.netstory.com.pl\/index.php?rest_route=%2Fwp%2Fv2%2Fcomments&post=10005"}],"wp:featuredmedia":[{"embeddable":true,"href":"https:\/\/magiiik.netstory.com.pl\/index.php?rest_route=\/wp\/v2\/media\/10006"}],"wp:attachment":[{"href":"https:\/\/magiiik.netstory.com.pl\/index.php?rest_route=%2Fwp%2Fv2%2Fmedia&parent=10005"}],"wp:term":[{"taxonomy":"product_brand","embeddable":true,"href":"https:\/\/magiiik.netstory.com.pl\/index.php?rest_route=%2Fwp%2Fv2%2Fproduct_brand&post=10005"},{"taxonomy":"product_cat","embeddable":true,"href":"https:\/\/magiiik.netstory.com.pl\/index.php?rest_route=%2Fwp%2Fv2%2Fproduct_cat&post=10005"},{"taxonomy":"product_tag","embeddable":true,"href":"https:\/\/magiiik.netstory.com.pl\/index.php?rest_route=%2Fwp%2Fv2%2Fproduct_tag&post=10005"}],"curies":[{"name":"wp","href":"https:\/\/api.w.org\/{rel}","templated":true}]}}